{"id":695,"date":"2025-08-19T18:27:48","date_gmt":"2025-08-19T18:27:48","guid":{"rendered":"https:\/\/zsuzsakocsis.com\/?page_id=695"},"modified":"2025-09-22T18:09:21","modified_gmt":"2025-09-22T18:09:21","slug":"enterieur-design-2","status":"publish","type":"page","link":"https:\/\/zsuzsakocsis.com\/en\/enterieur-design-2\/","title":{"rendered":"enterior design"},"content":{"rendered":"<div class=\"\" style=\"\" >\n    \n    <section class=\"u-clearfix u-section-2\" id=\"sec-a462\">\n      <div class=\"u-clearfix u-sheet u-sheet-1\">\n        <div class=\"data-layout-selected u-clearfix u-expanded-width u-layout-wrap u-layout-wrap-1\">\n          <div class=\"u-layout\">\n            <div class=\"u-layout-row\">\n              <div class=\"u-align-left u-container-align-left u-container-align-right u-container-style u-layout-cell u-size-36 u-layout-cell-1\">\n                <div class=\"u-container-layout u-valign-bottom-md u-container-layout-1\">\n                  <h2 class=\"u-text u-text-1\">Interior Design<\/h2>\n                  <img decoding=\"async\" class=\"u-expanded-width u-image u-image-default u-image-1\" src=\"https:\/\/zsuzsakocsis.com\/wp-content\/uploads\/2025\/08\/freskoR1w.jpg\" alt=\"\" data-image-width=\"1200\" data-image-height=\"800\" data-animation-name=\"customAnimationIn\" data-animation-duration=\"2000\" data-animation-delay=\"0\">\n                <\/div>\n              <\/div>\n              <div class=\"u-container-style u-layout-cell u-size-24 u-layout-cell-2\">\n                <div class=\"u-container-layout u-container-layout-2\">\n                  <img decoding=\"async\" class=\"u-image u-image-default u-image-2\" src=\"https:\/\/zsuzsakocsis.com\/wp-content\/uploads\/2025\/09\/freskoR13w-1.jpg\" alt=\"\" data-image-width=\"741\" data-image-height=\"829\" data-animation-name=\"customAnimationIn\" data-animation-duration=\"2000\" data-animation-delay=\"0\">\n                  <h5 class=\"u-text u-text-2\"> Wall Graphic<\/h5>\n                  <p class=\"u-text u-text-3\">\n                    <a class=\"u-btn u-button-link u-button-style u-text-palette-1-base u-btn-1\" href=\"https:\/\/zsuzsakocsis.com\/en\/falikepek\/\">Go to the gallery&nbsp;<\/a>\n                  <\/p><span class=\"u-align-center u-file-icon u-icon u-icon-1\" data-href=\"https:\/\/zsuzsakocsis.com\/crosskovacsi\/\"><img decoding=\"async\" src=\"https:\/\/zsuzsakocsis.com\/wp-content\/uploads\/2025\/08\/130884.png\" alt=\"\"><\/span>\n                <\/div>\n              <\/div>\n            <\/div>\n          <\/div>\n        <\/div>\n      <\/div>\n    <\/section>\n    <section class=\"u-clearfix u-section-3\" id=\"sec-89bf\">\n      <div class=\"u-clearfix u-sheet u-valign-middle-lg u-valign-middle-md u-valign-middle-sm u-valign-middle-xs u-sheet-1\">\n        <div class=\"data-layout-selected u-clearfix u-expanded-width u-layout-wrap u-layout-wrap-1\">\n          <div class=\"u-layout\">\n            <div class=\"u-layout-row\">\n              <div class=\"u-container-style u-layout-cell u-size-24 u-layout-cell-1\">\n                <div class=\"u-container-layout u-valign-top-md u-valign-top-xl u-container-layout-1\">\n                  <img decoding=\"async\" class=\"u-align-center-sm u-align-center-xs u-image u-image-default u-image-1\" src=\"https:\/\/zsuzsakocsis.com\/wp-content\/uploads\/2025\/08\/parketta_levelek1.jpg\" alt=\"\" data-image-width=\"1200\" data-image-height=\"1236\" data-animation-name=\"customAnimationIn\" data-animation-duration=\"2000\" data-animation-delay=\"0\">\n                  <h5 class=\"u-text u-text-1\"> Parquet Paintings<\/h5>\n                  <div class=\"u-clearfix u-group-elements u-group-elements-1\">\n                    <p class=\"u-text u-text-2\">\n                      <a class=\"u-btn u-button-link u-button-style u-text-palette-1-base u-btn-1\" href=\"https:\/\/zsuzsakocsis.com\/en\/firkanto\/\">Go to the gallery&nbsp;<\/a>\n                    <\/p><span class=\"u-align-center u-file-icon u-icon u-icon-1\" data-href=\"https:\/\/zsuzsakocsis.com\/vap\/\"><img decoding=\"async\" src=\"https:\/\/zsuzsakocsis.com\/wp-content\/uploads\/2025\/08\/130884-1.png\" alt=\"\"><\/span>\n                  <\/div>\n                <\/div>\n              <\/div>\n              <div class=\"u-align-right u-container-align-right u-container-style u-layout-cell u-size-36 u-layout-cell-2\">\n                <div class=\"u-container-layout u-valign-bottom u-container-layout-2\">\n                  <p class=\"u-align-left-md u-align-left-sm u-align-left-xs u-text u-text-3\">Dimensions of the painted surface: 125 \u00d7 125 cm <\/p>\n                  <img decoding=\"async\" class=\"u-expanded-width u-image u-image-default u-image-2\" src=\"https:\/\/zsuzsakocsis.com\/wp-content\/uploads\/2025\/08\/3-5.jpg\" alt=\"\" data-image-width=\"2008\" data-image-height=\"1538\" data-animation-name=\"fadeIn\" data-animation-duration=\"2000\" data-animation-delay=\"0\">\n                <\/div>\n              <\/div>\n            <\/div>\n          <\/div>\n        <\/div>\n      <\/div>\n    <\/section>\n    <section class=\"u-clearfix u-section-4\" id=\"sec-5925\">\n      <div class=\"u-clearfix u-sheet u-valign-middle-lg u-valign-middle-md u-valign-middle-sm u-valign-middle-xs u-sheet-1\">\n        <div class=\"data-layout-selected u-clearfix u-expanded-width u-layout-wrap u-layout-wrap-1\">\n          <div class=\"u-layout\">\n            <div class=\"u-layout-row\">\n              <div class=\"u-align-right u-container-align-right u-container-style u-layout-cell u-shape-rectangle u-size-35 u-layout-cell-1\">\n                <div class=\"u-container-layout u-valign-bottom-lg u-valign-bottom-md u-valign-bottom-sm u-valign-bottom-xs u-container-layout-1\">\n                  <p class=\"u-align-right u-text u-text-1\">Removable upholstered front panels, each door featuring a different composition. <\/p>\n                  <img decoding=\"async\" class=\"u-expanded-width u-image u-image-default u-image-1\" src=\"https:\/\/zsuzsakocsis.com\/wp-content\/uploads\/2025\/08\/szekreny1-1.jpg\" alt=\"\" data-image-width=\"2008\" data-image-height=\"1506\" data-animation-name=\"fadeIn\" data-animation-duration=\"2000\" data-animation-delay=\"0\">\n                <\/div>\n              <\/div>\n              <div class=\"u-container-style u-layout-cell u-shape-rectangle u-size-25 u-layout-cell-2\">\n                <div class=\"u-container-layout u-valign-top-md u-container-layout-2\">\n                  <img decoding=\"async\" class=\"u-align-center-sm u-align-center-xs u-image u-image-default u-image-2\" src=\"https:\/\/zsuzsakocsis.com\/wp-content\/uploads\/2025\/08\/szekreny1-5.jpg\" alt=\"\" data-image-width=\"1200\" data-image-height=\"1600\" data-animation-name=\"customAnimationIn\" data-animation-duration=\"2000\" data-animation-delay=\"0\">\n                  <h5 class=\"u-text u-text-2\"> Furniture Painting<\/h5>\n                  <div class=\"u-clearfix u-group-elements u-group-elements-1\">\n                    <p class=\"u-text u-text-3\">\n                      <a class=\"u-btn u-button-link u-button-style u-text-palette-1-base u-btn-1\" href=\"https:\/\/zsuzsakocsis.com\/en\/butorfestmeny\/\">Go to the gallery&nbsp;<\/a>\n                    <\/p><span class=\"u-align-center u-file-icon u-icon u-icon-1\" data-href=\"https:\/\/zsuzsakocsis.com\/vap\/\"><img decoding=\"async\" src=\"https:\/\/zsuzsakocsis.com\/wp-content\/uploads\/2025\/08\/130884-1.png\" alt=\"\"><\/span>\n                  <\/div>\n                <\/div>\n              <\/div>\n            <\/div>\n          <\/div>\n        <\/div>\n      <\/div>\n    <\/section>\n    \n    \n    \n  \n<\/div>","protected":false},"excerpt":{"rendered":"<p>Enterieur design Falik\u00e9p Tov\u00e1bb a gal\u00e9ri\u00e1hoz&nbsp; Parketta- Tov\u00e1bb a gal\u00e9ri\u00e1hoz&nbsp; A festett fel\u00fclet m\u00e9rete 125 cm x 125 cm Kivehet\u0151,&nbsp; k\u00e1rpitozott el\u0151lapok minden ajt\u00f3n elt\u00e9r\u0151 kompoz\u00edci\u00f3val B\u00fator Tov\u00e1bb a gal\u00e9ri\u00e1hoz&nbsp;<\/p>","protected":false},"author":2,"featured_media":0,"parent":0,"menu_order":0,"comment_status":"closed","ping_status":"closed","template":"","meta":{"neve_meta_sidebar":"","neve_meta_container":"","neve_meta_enable_content_width":"off","neve_meta_content_width":100,"neve_meta_title_alignment":"","neve_meta_author_avatar":"","neve_post_elements_order":"","neve_meta_disable_header":"","neve_meta_disable_footer":"","neve_meta_disable_title":"","footnotes":""},"class_list":["post-695","page","type-page","status-publish","hentry"],"_links":{"self":[{"href":"https:\/\/zsuzsakocsis.com\/en\/wp-json\/wp\/v2\/pages\/695","targetHints":{"allow":["GET"]}}],"collection":[{"href":"https:\/\/zsuzsakocsis.com\/en\/wp-json\/wp\/v2\/pages"}],"about":[{"href":"https:\/\/zsuzsakocsis.com\/en\/wp-json\/wp\/v2\/types\/page"}],"author":[{"embeddable":true,"href":"https:\/\/zsuzsakocsis.com\/en\/wp-json\/wp\/v2\/users\/2"}],"replies":[{"embeddable":true,"href":"https:\/\/zsuzsakocsis.com\/en\/wp-json\/wp\/v2\/comments?post=695"}],"version-history":[{"count":7,"href":"https:\/\/zsuzsakocsis.com\/en\/wp-json\/wp\/v2\/pages\/695\/revisions"}],"predecessor-version":[{"id":880,"href":"https:\/\/zsuzsakocsis.com\/en\/wp-json\/wp\/v2\/pages\/695\/revisions\/880"}],"wp:attachment":[{"href":"https:\/\/zsuzsakocsis.com\/en\/wp-json\/wp\/v2\/media?parent=695"}],"curies":[{"name":"wp","href":"https:\/\/api.w.org\/{rel}","templated":true}]}}