{"id":691,"date":"2025-08-19T18:23:04","date_gmt":"2025-08-19T18:23:04","guid":{"rendered":"https:\/\/zsuzsakocsis.com\/?page_id=691"},"modified":"2025-09-03T00:10:25","modified_gmt":"2025-09-03T00:10:25","slug":"fali-vazlatrajzok","status":"publish","type":"page","link":"https:\/\/zsuzsakocsis.com\/en\/fali-vazlatrajzok\/","title":{"rendered":"Wall Sketches"},"content":{"rendered":"<div class=\"\" style=\"\" >\n    \n    <section class=\"u-clearfix u-white u-section-2\" id=\"sec-0728\">\n      <div class=\"u-clearfix u-sheet u-valign-middle-lg u-valign-middle-md u-valign-middle-sm u-sheet-1\">\n        <h5 class=\"u-text u-text-default u-text-1\"> Innovation and Training Center&nbsp;<br>Porsche Hungaria\n        <\/h5>\n        <h1 class=\"u-text u-text-default u-text-2\"> Wall Sketches<\/h1>\n        <p class=\"u-text u-text-3\"> I drew the two principal views of concept cars and arranged them into two compositions on the opposing walls of the lecture hall.\nThe large-scale images were applied to the walls using innovative digital technology.\nMy aim was to preserve their sketch-like, drawn character.<br>Concept cars by CUPRA, \u0160koda Auto, Audi and Volkswagen, 2025<br>Wall print execution by: \nKocsis Zsuzsa and Print Pix Kft.\n        <\/p>\n        <img decoding=\"async\" class=\"u-image u-image-default u-image-1\" src=\"https:\/\/zsuzsakocsis.com\/wp-content\/uploads\/2025\/08\/image_50375169-scaled.jpg\" alt=\"\" data-image-width=\"3696\" data-image-height=\"1980\" data-animation-name=\"customAnimationIn\" data-animation-duration=\"2000\" data-animation-delay=\"0\">\n      <\/div>\n    <\/section>\n    <section class=\"u-clearfix u-white u-section-3\" id=\"sec-3d5d\">\n      <div class=\"u-clearfix u-sheet u-valign-middle u-sheet-1\">\n        <div class=\"data-layout-selected u-clearfix u-expanded-width u-layout-wrap u-layout-wrap-1\">\n          <div class=\"u-layout\">\n            <div class=\"u-layout-row\">\n              <div class=\"u-container-style u-layout-cell u-size-24 u-layout-cell-1\">\n                <div class=\"u-container-layout u-valign-top-lg u-valign-top-md u-valign-top-sm u-valign-top-xs u-container-layout-1\">\n                  <div class=\"u-uploaded-video u-video u-video-contain u-video-1\">\n                    <div class=\"embed-responsive\">\n                      <video class=\"embed-responsive-item\">\n                        <source src=\"https:\/\/zsuzsakocsis.com\/wp-content\/uploads\/2025\/08\/ITC_v_zlatok__H_ts_n_zet1.mp4\" type=\"video\/mp4\">\n                        <p>Your browser does not support HTML5 video.<\/p>\n                      <\/video>\n                      <button class=\"u-video-poster\"><\/button>\n                    <\/div>\n                  <\/div>\n                <\/div>\n              <\/div>\n              <div class=\"u-container-style u-layout-cell u-size-36 u-layout-cell-2\">\n                <div class=\"u-container-layout u-valign-top-sm u-valign-top-xs u-container-layout-2\">\n                  <p class=\"u-align-right u-text u-text-1\">An important consideration in\nselecting the execution technology\nwas achieving a fresh, graffiti-like \nquality of the lines.\nDimensions: 750 \u00d7 300 cm (left and right sides). <\/p>\n                  <img decoding=\"async\" class=\"u-expanded-width u-image u-image-default u-image-1\" src=\"https:\/\/zsuzsakocsis.com\/wp-content\/uploads\/2025\/08\/szembol5.jpg\" alt=\"\" data-image-width=\"1040\" data-image-height=\"840\" data-animation-name=\"fadeIn\" data-animation-duration=\"2000\" data-animation-delay=\"0\">\n                  <h5 class=\"u-align-left u-text u-text-2\"> The white wall is like a sheet of paper.<\/h5>\n                  <p class=\"u-align-left u-text u-text-3\">They appear like dynamic sketches emerging from a designer\u2019s page.<\/p>\n                <\/div>\n              <\/div>\n            <\/div>\n          <\/div>\n        <\/div>\n      <\/div>\n    <\/section>\n    <section class=\"skrollable u-clearfix u-image u-parallax u-section-4\" id=\"sec-77cd\" data-image-width=\"1600\" data-image-height=\"1200\" style=\"background-image: url(&quot;https:\/\/zsuzsakocsis.com\/wp-content\/uploads\/2025\/08\/hatulrol_reszlet-1.jpg&quot;);\">\n      <div class=\"u-clearfix u-sheet u-sheet-1\"><\/div>\n    <\/section>\n    <section class=\"u-clearfix u-section-5\" id=\"sec-33f2\">\n      <div class=\"u-clearfix u-sheet u-valign-middle-lg u-valign-middle-md u-valign-middle-sm u-valign-middle-xs u-sheet-1\">\n        <h3 class=\"u-align-left u-text u-text-1\">Large-scale wall drawings of concept cars from four automotive brands, stretching 7.5 meters each \/ Audi, CUPRA, \u0160koda Auto, Volkswagen, 2025<\/h3>\n        <p class=\"u-align-left u-text u-text-2\"> \"I created drawings of two main views of concept cars and organized them into two compositions on the opposite walls of the lecture hall. The large-scale images were installed using innovative digital technology, while maintaining the sketch-like, hand-drawn quality. \/ Cupra, \u0160koda, Audi, Volkswagen concept cars, 2025.\"<\/p>\n      <\/div>\n    <\/section>\n    <section class=\"u-clearfix u-white u-section-6\" id=\"sec-5b2f\">\n      <div class=\"u-clearfix u-sheet u-sheet-1\">\n        <p class=\"u-align-right u-text u-text-1\"><\/p>\n        <div class=\"u-expanded-width u-gallery u-layout-grid u-lightbox u-no-transition u-show-text-none u-gallery-1\">\n          <div class=\"u-gallery-inner u-gallery-inner-1\">\n            <div class=\"u-effect-hover-zoom u-gallery-item\" data-image-width=\"750\" data-image-height=\"1000\">\n              <div class=\"u-back-slide\" data-image-width=\"1600\" data-image-height=\"1200\">\n                <img decoding=\"async\" class=\"u-back-image u-expanded\" src=\"https:\/\/zsuzsakocsis.com\/wp-content\/uploads\/2025\/08\/hatulrol_reszlet-1.jpg\">\n              <\/div>\n              <div class=\"u-over-slide u-shading u-over-slide-1\"><\/div>\n            <\/div>\n            <div class=\"u-effect-hover-zoom u-gallery-item\" data-image-width=\"1040\" data-image-height=\"840\">\n              <div class=\"u-back-slide\">\n                <img decoding=\"async\" class=\"u-back-image u-expanded\" src=\"https:\/\/zsuzsakocsis.com\/wp-content\/uploads\/2025\/08\/szembol5.jpg\">\n              <\/div>\n              <div class=\"u-over-slide u-shading u-over-slide-2\"><\/div>\n            <\/div>\n            <div class=\"u-effect-hover-zoom u-gallery-item\" data-image-width=\"3696\" data-image-height=\"1980\">\n              <div class=\"u-back-slide\">\n                <img decoding=\"async\" class=\"u-back-image u-expanded\" src=\"https:\/\/zsuzsakocsis.com\/wp-content\/uploads\/2025\/08\/image_50375169-scaled.jpg\">\n              <\/div>\n              <div class=\"u-over-slide u-shading u-over-slide-3\"><\/div>\n            <\/div>\n          <\/div>\n        <\/div>\n      <\/div>\n    <\/section>\n    \n    \n    \n  \n<\/div>","protected":false},"excerpt":{"rendered":"<p>Innov\u00e1ci\u00f3s \u00e9s Tr\u00e9ning Centrum,&nbsp;Porsche Hungaria Fali v\u00e1zlatrajzok Konceptaut\u00f3k k\u00e9t f\u0151 n\u00e9zet\u00e9t megrajzoltam majd k\u00e9t kompoz\u00edci\u00f3ba rendeztem, az el\u0151ad\u00f3terem szemk\u00f6zti falain. A nagy m\u00e9ret\u0171 k\u00e9pek innovat\u00edv, digit\u00e1lis technol\u00f3gi\u00e1val lettek r\u00f6gz\u00edtve a falon. C\u00e9lom volt a v\u00e1zlatos, rajzos jelleg megtart\u00e1sa.\/ Cupra, Skoda, Audi,Volkswagen konceptaut\u00f3k&nbsp; 2025.Faliprint kivitelez\u0151: B\u00e9res Attila. Your browser does not support HTML5 video. Fontos szempontom&hellip;&nbsp;<\/p>","protected":false},"author":2,"featured_media":0,"parent":0,"menu_order":0,"comment_status":"closed","ping_status":"closed","template":"","meta":{"neve_meta_sidebar":"","neve_meta_container":"","neve_meta_enable_content_width":"off","neve_meta_content_width":100,"neve_meta_title_alignment":"","neve_meta_author_avatar":"","neve_post_elements_order":"","neve_meta_disable_header":"","neve_meta_disable_footer":"","neve_meta_disable_title":"","footnotes":""},"class_list":["post-691","page","type-page","status-publish","hentry"],"_links":{"self":[{"href":"https:\/\/zsuzsakocsis.com\/en\/wp-json\/wp\/v2\/pages\/691","targetHints":{"allow":["GET"]}}],"collection":[{"href":"https:\/\/zsuzsakocsis.com\/en\/wp-json\/wp\/v2\/pages"}],"about":[{"href":"https:\/\/zsuzsakocsis.com\/en\/wp-json\/wp\/v2\/types\/page"}],"author":[{"embeddable":true,"href":"https:\/\/zsuzsakocsis.com\/en\/wp-json\/wp\/v2\/users\/2"}],"replies":[{"embeddable":true,"href":"https:\/\/zsuzsakocsis.com\/en\/wp-json\/wp\/v2\/comments?post=691"}],"version-history":[{"count":7,"href":"https:\/\/zsuzsakocsis.com\/en\/wp-json\/wp\/v2\/pages\/691\/revisions"}],"predecessor-version":[{"id":752,"href":"https:\/\/zsuzsakocsis.com\/en\/wp-json\/wp\/v2\/pages\/691\/revisions\/752"}],"wp:attachment":[{"href":"https:\/\/zsuzsakocsis.com\/en\/wp-json\/wp\/v2\/media?parent=691"}],"curies":[{"name":"wp","href":"https:\/\/api.w.org\/{rel}","templated":true}]}}