{"id":674,"date":"2025-08-19T17:45:05","date_gmt":"2025-08-19T17:45:05","guid":{"rendered":"https:\/\/zsuzsakocsis.com\/?page_id=674"},"modified":"2025-09-22T15:21:12","modified_gmt":"2025-09-22T15:21:12","slug":"autosujsagiro-dij","status":"publish","type":"page","link":"https:\/\/zsuzsakocsis.com\/en\/autosujsagiro-dij\/","title":{"rendered":"Aut\u00f3s\u00fajs\u00e1g\u00edr\u00f3 d\u00edj"},"content":{"rendered":"<div class=\"\" style=\"\" >\n    \n    <section class=\"u-clearfix u-white u-section-2\" id=\"sec-0728\">\n      <div class=\"u-clearfix u-sheet u-valign-middle-lg u-valign-middle-sm u-sheet-1\">\n        <h5 class=\"u-text u-text-default u-text-1\"> Porsche Hungaria<\/h5>\n        <h1 class=\"u-text u-text-default-lg u-text-default-md u-text-default-sm u-text-default-xl u-text-2\"> Car Journalist Award <\/h1>\n        <p class=\"u-text u-text-3\">Commissioned by Porsche Hungaria, the award is made of concrete, lacquer coating, and stainless steel band.\nThe metal band, like a ribbon of parchment, gently embraces the form, its golden tone lending a ceremonial frame to the object.\nThe engraved inscription appears on both the upper and lower sections of the band, emphasizing the award\u2019s representative yet contemporary character. <\/p>\n        <img decoding=\"async\" class=\"u-image u-image-contain u-image-default u-image-1\" src=\"https:\/\/zsuzsakocsis.com\/wp-content\/uploads\/2025\/08\/porse2.jpg\" alt=\"\" data-image-width=\"1864\" data-image-height=\"1632\" data-animation-name=\"customAnimationIn\" data-animation-duration=\"2000\" data-animation-delay=\"0\">\n      <\/div>\n    <\/section>\n    <section class=\"u-clearfix u-white u-section-3\" id=\"sec-3d5d\">\n      <div class=\"u-clearfix u-sheet u-valign-bottom-xl u-valign-middle-lg u-valign-middle-md u-valign-middle-sm u-sheet-1\">\n        <div class=\"data-layout-selected u-clearfix u-expanded-width u-layout-wrap u-layout-wrap-1\">\n          <div class=\"u-layout\">\n            <div class=\"u-layout-row\">\n              <div class=\"u-container-style u-layout-cell u-size-31 u-layout-cell-1\">\n                <div class=\"u-container-layout u-valign-top u-container-layout-1\">\n                  <img decoding=\"async\" class=\"u-expanded-width u-image u-image-default u-image-1\" src=\"https:\/\/zsuzsakocsis.com\/wp-content\/uploads\/2025\/08\/porse1.jpg\" alt=\"\" data-image-width=\"1789\" data-image-height=\"1947\" data-animation-name=\"customAnimationIn\" data-animation-duration=\"2000\" data-animation-delay=\"0\">\n                  <h5 class=\"u-text u-text-1\">Sketches on the Theme<br>\n                  <\/h5>\n                <\/div>\n              <\/div>\n              <div class=\"u-align-right u-container-align-right u-container-style u-layout-cell u-size-29 u-layout-cell-2\">\n                <div class=\"u-container-layout u-valign-top-sm u-valign-top-xl u-valign-top-xs u-container-layout-2\">\n                  <p class=\"u-text u-text-default u-text-2\">The award takes the shape of a circle, symbolizing wholeness and timelessness. Its smooth, glossy surface comes alive through the play of light, while the dark-toned core contrasts elegantly with the golden rim. The surrounding metal band unfolds like a parchment ribbon, yet also suggests a dynamic momentum, as if spiraling around the form. This interplay\u2014between light and shadow, matte and gloss, solid concrete and the delicate golden accent\u2014gives the object a celebratory yet contemporary character.<\/p>\n                <\/div>\n              <\/div>\n            <\/div>\n          <\/div>\n        <\/div>\n      <\/div>\n    <\/section>\n    \n    \n    \n  \n<\/div>","protected":false},"excerpt":{"rendered":"<p>Porsche Hungaria Aut\u00f3s\u00faj\u200bs\u00e1g\u00edr\u00f3 d\u00edj A Porsche Hung\u00e1ria megrendel\u00e9s\u00e9re k\u00e9sz\u00fclt d\u00edj alapanyaga beton, lakkr\u00e9teg \u00e9s rozsdamentes ac\u00e9lszalag. A f\u00e9mszalag, mintha egy pergamen szalag lenne, l\u00e1gyan \u00f6leli k\u00f6rbe a form\u00e1t, arany sz\u00edn\u00e9vel \u00fcnnep\u00e9lyes keretet adva az objektumnak. A grav\u00edrozott felirat a szalag fels\u0151 \u00e9s als\u00f3 r\u00e9sz\u00e9n jelenik meg, ezzel hangs\u00falyozva a d\u00edj reprezentat\u00edv, m\u00e9gis kort\u00e1rs jelleg\u00e9t. Momentum&hellip;&nbsp;<\/p>","protected":false},"author":2,"featured_media":0,"parent":0,"menu_order":0,"comment_status":"closed","ping_status":"closed","template":"","meta":{"neve_meta_sidebar":"","neve_meta_container":"","neve_meta_enable_content_width":"off","neve_meta_content_width":100,"neve_meta_title_alignment":"","neve_meta_author_avatar":"","neve_post_elements_order":"","neve_meta_disable_header":"","neve_meta_disable_footer":"","neve_meta_disable_title":"","footnotes":""},"class_list":["post-674","page","type-page","status-publish","hentry"],"_links":{"self":[{"href":"https:\/\/zsuzsakocsis.com\/en\/wp-json\/wp\/v2\/pages\/674","targetHints":{"allow":["GET"]}}],"collection":[{"href":"https:\/\/zsuzsakocsis.com\/en\/wp-json\/wp\/v2\/pages"}],"about":[{"href":"https:\/\/zsuzsakocsis.com\/en\/wp-json\/wp\/v2\/types\/page"}],"author":[{"embeddable":true,"href":"https:\/\/zsuzsakocsis.com\/en\/wp-json\/wp\/v2\/users\/2"}],"replies":[{"embeddable":true,"href":"https:\/\/zsuzsakocsis.com\/en\/wp-json\/wp\/v2\/comments?post=674"}],"version-history":[{"count":5,"href":"https:\/\/zsuzsakocsis.com\/en\/wp-json\/wp\/v2\/pages\/674\/revisions"}],"predecessor-version":[{"id":874,"href":"https:\/\/zsuzsakocsis.com\/en\/wp-json\/wp\/v2\/pages\/674\/revisions\/874"}],"wp:attachment":[{"href":"https:\/\/zsuzsakocsis.com\/en\/wp-json\/wp\/v2\/media?parent=674"}],"curies":[{"name":"wp","href":"https:\/\/api.w.org\/{rel}","templated":true}]}}