{"id":668,"date":"2025-08-19T17:29:02","date_gmt":"2025-08-19T17:29:02","guid":{"rendered":"https:\/\/zsuzsakocsis.com\/?page_id=668"},"modified":"2025-09-22T15:31:09","modified_gmt":"2025-09-22T15:31:09","slug":"design-targyak","status":"publish","type":"page","link":"https:\/\/zsuzsakocsis.com\/en\/design-targyak\/","title":{"rendered":"design t\u00e1rgyak"},"content":{"rendered":"<div class=\"\" style=\"\" >\n    \n    <section class=\"u-clearfix u-container-align-center-sm u-container-align-center-xs u-section-2\" id=\"sec-a462\">\n      <div class=\"u-clearfix u-sheet u-sheet-1\">\n        <div class=\"data-layout-selected u-clearfix u-expanded-width u-layout-wrap u-layout-wrap-1\">\n          <div class=\"u-layout\">\n            <div class=\"u-layout-row\">\n              <div class=\"u-align-left u-container-align-left u-container-align-right u-container-style u-layout-cell u-size-36 u-layout-cell-1\">\n                <div class=\"u-container-layout u-container-layout-1\">\n                  <h2 class=\"u-text u-text-1\"> Design objects<\/h2>\n                  <img decoding=\"async\" class=\"u-expanded-width u-image u-image-default u-image-1\" src=\"https:\/\/zsuzsakocsis.com\/wp-content\/uploads\/2025\/08\/1B2A0153-scaled.jpg\" alt=\"\" data-image-width=\"2560\" data-image-height=\"1707\" data-animation-name=\"customAnimationIn\" data-animation-duration=\"2000\" data-animation-delay=\"0\">\n                <\/div>\n              <\/div>\n              <div class=\"u-container-style u-layout-cell u-size-24 u-layout-cell-2\">\n                <div class=\"u-container-layout u-container-layout-2\">\n                  <img decoding=\"async\" class=\"u-image u-image-default u-image-2\" src=\"https:\/\/zsuzsakocsis.com\/wp-content\/uploads\/2025\/07\/1B2A0290-1365x2048.jpg\" alt=\"\" data-image-width=\"1200\" data-image-height=\"1800\" data-animation-name=\"customAnimationIn\" data-animation-duration=\"2000\" data-animation-delay=\"0\">\n                  <h5 class=\"u-text u-text-2\">Wave bowls<\/h5>\n                  <p class=\"u-text u-text-3\">\n                    <a class=\"u-btn u-button-link u-button-style u-text-palette-1-base u-btn-1\" href=\"https:\/\/zsuzsakocsis.com\/en\/talak\/\">Go to the gallery&nbsp;<\/a>\n                  <\/p><span class=\"u-align-center u-file-icon u-icon u-icon-1\" data-href=\"https:\/\/zsuzsakocsis.com\/crosskovacsi\/\"><img decoding=\"async\" src=\"https:\/\/zsuzsakocsis.com\/wp-content\/uploads\/2025\/08\/130884.png\" alt=\"\"><\/span>\n                <\/div>\n              <\/div>\n            <\/div>\n          <\/div>\n        <\/div>\n      <\/div>\n    <\/section>\n    <section class=\"u-clearfix u-section-3\" id=\"sec-89bf\">\n      <div class=\"u-clearfix u-sheet u-sheet-1\">\n        <div class=\"data-layout-selected u-clearfix u-expanded-width u-layout-wrap u-layout-wrap-1\">\n          <div class=\"u-layout\">\n            <div class=\"u-layout-row\">\n              <div class=\"u-container-style u-layout-cell u-size-24 u-layout-cell-1\">\n                <div class=\"u-container-layout u-valign-top-md u-container-layout-1\">\n                  <img decoding=\"async\" class=\"u-align-center-sm u-align-center-xs u-image u-image-default u-image-1\" src=\"https:\/\/zsuzsakocsis.com\/wp-content\/uploads\/2025\/07\/Nevtelenterv.jpg\" alt=\"\" data-image-width=\"1920\" data-image-height=\"1080\" data-animation-name=\"customAnimationIn\" data-animation-duration=\"2000\" data-animation-delay=\"0\">\n                  <h5 class=\"u-text u-text-1\">Firkant\u00d3<\/h5>\n                  <div class=\"u-clearfix u-group-elements u-group-elements-1\">\n                    <p class=\"u-text u-text-2\">\n                      <a class=\"u-btn u-button-link u-button-style u-text-palette-1-base u-btn-1\" href=\"https:\/\/zsuzsakocsis.com\/en\/firkanto\/\">Go to the gallery&nbsp;<\/a>\n                    <\/p><span class=\"u-align-center u-file-icon u-icon u-icon-1\" data-href=\"https:\/\/zsuzsakocsis.com\/vap\/\"><img decoding=\"async\" src=\"https:\/\/zsuzsakocsis.com\/wp-content\/uploads\/2025\/08\/130884-1.png\" alt=\"\"><\/span>\n                  <\/div>\n                <\/div>\n              <\/div>\n              <div class=\"u-align-right u-container-align-right u-container-style u-layout-cell u-size-36 u-layout-cell-2\">\n                <div class=\"u-container-layout u-valign-bottom u-container-layout-2\">\n                  <p class=\"u-align-left-md u-align-left-sm u-align-left-xs u-text u-text-3\">Scribbles, comics, stories, characters, figure<\/p>\n                  <img decoding=\"async\" class=\"u-expanded-width u-image u-image-default u-image-2\" src=\"https:\/\/zsuzsakocsis.com\/wp-content\/uploads\/2025\/08\/egyben.jpg\" alt=\"\" data-image-width=\"1200\" data-image-height=\"1034\" data-animation-name=\"fadeIn\" data-animation-duration=\"2000\" data-animation-delay=\"0\">\n                <\/div>\n              <\/div>\n            <\/div>\n          <\/div>\n        <\/div>\n      <\/div>\n    <\/section>\n    \n    \n    \n  \n<\/div>","protected":false},"excerpt":{"rendered":"<p>Design t\u00e1rgyak Hull\u00e1m t\u00e1lak Tov\u00e1bb a gal\u00e9ri\u00e1hoz&nbsp; Firkant\u00f3 Tov\u00e1bb a gal\u00e9ri\u00e1hoz&nbsp; Firkant\u00e1s k\u00e9preg\u00e9nyek sztorik karakterek figur\u00e1k&#8230;<\/p>","protected":false},"author":2,"featured_media":0,"parent":0,"menu_order":0,"comment_status":"closed","ping_status":"closed","template":"","meta":{"neve_meta_sidebar":"","neve_meta_container":"","neve_meta_enable_content_width":"off","neve_meta_content_width":100,"neve_meta_title_alignment":"","neve_meta_author_avatar":"","neve_post_elements_order":"","neve_meta_disable_header":"","neve_meta_disable_footer":"","neve_meta_disable_title":"","footnotes":""},"class_list":["post-668","page","type-page","status-publish","hentry"],"_links":{"self":[{"href":"https:\/\/zsuzsakocsis.com\/en\/wp-json\/wp\/v2\/pages\/668","targetHints":{"allow":["GET"]}}],"collection":[{"href":"https:\/\/zsuzsakocsis.com\/en\/wp-json\/wp\/v2\/pages"}],"about":[{"href":"https:\/\/zsuzsakocsis.com\/en\/wp-json\/wp\/v2\/types\/page"}],"author":[{"embeddable":true,"href":"https:\/\/zsuzsakocsis.com\/en\/wp-json\/wp\/v2\/users\/2"}],"replies":[{"embeddable":true,"href":"https:\/\/zsuzsakocsis.com\/en\/wp-json\/wp\/v2\/comments?post=668"}],"version-history":[{"count":3,"href":"https:\/\/zsuzsakocsis.com\/en\/wp-json\/wp\/v2\/pages\/668\/revisions"}],"predecessor-version":[{"id":743,"href":"https:\/\/zsuzsakocsis.com\/en\/wp-json\/wp\/v2\/pages\/668\/revisions\/743"}],"wp:attachment":[{"href":"https:\/\/zsuzsakocsis.com\/en\/wp-json\/wp\/v2\/media?parent=668"}],"curies":[{"name":"wp","href":"https:\/\/api.w.org\/{rel}","templated":true}]}}