{"id":659,"date":"2025-08-19T16:44:54","date_gmt":"2025-08-19T16:44:54","guid":{"rendered":"https:\/\/zsuzsakocsis.com\/?page_id=659"},"modified":"2025-11-12T18:13:57","modified_gmt":"2025-11-12T18:13:57","slug":"butorfestmeny","status":"publish","type":"page","link":"https:\/\/zsuzsakocsis.com\/en\/butorfestmeny\/","title":{"rendered":"b\u00fator festm\u00e9ny"},"content":{"rendered":"<div class=\"\" style=\"\" >\n    \n    <section class=\"u-clearfix u-white u-section-2\" id=\"sec-0728\">\n      <div class=\"u-clearfix u-sheet u-sheet-1\">\n        <img decoding=\"async\" class=\"u-image u-image-default u-image-1\" src=\"https:\/\/zsuzsakocsis.com\/wp-content\/uploads\/2025\/08\/szekreny1-2.jpg\" alt=\"\" data-image-width=\"2008\" data-image-height=\"1272\" data-animation-name=\"customAnimationIn\" data-animation-duration=\"2000\" data-animation-delay=\"0\">\n        <h1 class=\"u-text u-text-1\">Furniture Painting<\/h1>\n        <p class=\"u-text u-text-default u-text-2\">A work created at the intersection of painting and furniture design:&nbsp;<br>I integrated my paintings into the sliding-door fronts of a wardrobe, where&nbsp;<br>spontaneous patches and figurative motifs form a narrative surface.&nbsp;<br>The piece thus becomes both a functional object and an<br>&nbsp;autonomous visual artwork.\n        <\/p>\n      <\/div>\n    <\/section>\n    <section class=\"u-clearfix u-white u-section-3\" id=\"sec-3d5d\">\n      <div class=\"u-clearfix u-sheet u-sheet-1\">\n        <div class=\"data-layout-selected u-clearfix u-expanded-width u-layout-wrap u-layout-wrap-1\">\n          <div class=\"u-layout\">\n            <div class=\"u-layout-row\">\n              <div class=\"u-container-style u-layout-cell u-size-24 u-layout-cell-1\">\n                <div class=\"u-container-layout u-container-layout-1\">\n                  <img decoding=\"async\" class=\"u-image u-image-default u-image-1\" src=\"https:\/\/zsuzsakocsis.com\/wp-content\/uploads\/2025\/11\/4a.jpg\" alt=\"\" data-image-width=\"1344\" data-image-height=\"1894\" data-animation-name=\"customAnimationIn\" data-animation-duration=\"2000\" data-animation-delay=\"0\">\n                  <h5 class=\"u-text u-text-1\"> Function and Fiction&nbsp; &nbsp; &nbsp;&nbsp;<br>\n                    <br>\n                  <\/h5>\n                <\/div>\n              <\/div>\n              <div class=\"u-align-right u-container-align-right u-container-style u-layout-cell u-size-36 u-layout-cell-2\">\n                <div class=\"u-container-layout u-container-layout-2\">\n                  <p class=\"u-text u-text-2\"><span style=\"font-weight: 700;\">\u201cStorytelling Furniture\u201d<\/span>&nbsp; &nbsp;<br>A wardrobe where everyday life and imagination meet.\n                  <\/p>\n                  <img decoding=\"async\" class=\"u-expanded-width u-image u-image-default u-image-2\" src=\"https:\/\/zsuzsakocsis.com\/wp-content\/uploads\/2025\/08\/szekreny1-1.jpg\" alt=\"\" data-image-width=\"2008\" data-image-height=\"1506\" data-animation-name=\"fadeIn\" data-animation-duration=\"2000\" data-animation-delay=\"0\">\n                <\/div>\n              <\/div>\n            <\/div>\n          <\/div>\n        <\/div>\n      <\/div>\n    <\/section>\n    <section class=\"skrollable u-clearfix u-image u-parallax u-section-4\" id=\"sec-77cd\" data-image-width=\"2008\" data-image-height=\"1506\" style=\"background-image: url(&quot;https:\/\/zsuzsakocsis.com\/wp-content\/uploads\/2025\/08\/szekreny1-7.jpg&quot;);\">\n      <div class=\"u-clearfix u-sheet u-sheet-1\"><\/div>\n    <\/section>\n    <section class=\"u-clearfix u-container-align-left u-section-5\" id=\"sec-33f2\">\n      <div class=\"u-clearfix u-sheet u-sheet-1\">\n        <h2 class=\"u-align-left u-subtitle u-text u-text-default u-text-1\">\u201cA cabinet where everyday life and imagination meet.\u201d<\/h2>\n        <p class=\"u-align-left u-text u-text-default u-text-2\">A work created at the intersection of painting and furniture design: I integrated my paintings into the sliding door fronts of a wardrobe, where spontaneous brushstrokes and figurative motifs form a narrative surface. The piece thus becomes both a functional object and an independent visual artwork.<\/p>\n      <\/div>\n    <\/section>\n    <section class=\"u-align-center u-clearfix u-container-align-center u-white u-section-6\" id=\"block-1\">\n      <div class=\"u-clearfix u-sheet u-valign-middle-lg u-valign-middle-md u-valign-middle-sm u-valign-middle-xs u-sheet-1\">\n        <div class=\"u-expanded-width u-gallery u-layout-grid u-lightbox u-no-transition u-show-text-none u-gallery-1\">\n          <div class=\"u-gallery-inner u-gallery-inner-1\">\n            <div class=\"u-effect-hover-zoom u-gallery-item\">\n              <div class=\"u-back-slide\" data-image-width=\"1212\" data-image-height=\"1950\">\n                <img decoding=\"async\" class=\"u-back-image u-expanded\" src=\"https:\/\/zsuzsakocsis.com\/wp-content\/uploads\/2025\/11\/5d.jpg\">\n              <\/div>\n              <div class=\"u-over-slide u-shading u-over-slide-1\"><\/div>\n            <\/div>\n            <div class=\"u-effect-hover-zoom u-gallery-item\" data-image-width=\"2008\" data-image-height=\"1506\">\n              <div class=\"u-back-slide\" data-image-width=\"1248\" data-image-height=\"2016\">\n                <img decoding=\"async\" class=\"u-back-image u-expanded\" src=\"https:\/\/zsuzsakocsis.com\/wp-content\/uploads\/2025\/11\/9b.jpg\">\n              <\/div>\n              <div class=\"u-over-slide u-shading u-over-slide-2\"><\/div>\n            <\/div>\n            <div class=\"u-effect-hover-zoom u-gallery-item\" data-image-width=\"2008\" data-image-height=\"1506\">\n              <div class=\"u-back-slide\" data-image-width=\"1992\" data-image-height=\"1301\">\n                <img decoding=\"async\" class=\"u-back-image u-expanded\" src=\"https:\/\/zsuzsakocsis.com\/wp-content\/uploads\/2025\/11\/2a.jpg\">\n              <\/div>\n              <div class=\"u-over-slide u-shading u-over-slide-3\"><\/div>\n            <\/div>\n            <div class=\"u-effect-hover-zoom u-gallery-item\" data-image-width=\"2008\" data-image-height=\"1272\">\n              <div class=\"u-back-slide\" data-image-width=\"725\" data-image-height=\"594\">\n                <img decoding=\"async\" class=\"u-back-image u-expanded\" src=\"https:\/\/zsuzsakocsis.com\/wp-content\/uploads\/2025\/11\/1e2.jpg\">\n              <\/div>\n              <div class=\"u-over-slide u-shading u-over-slide-4\"><\/div>\n            <\/div>\n            <div class=\"u-effect-hover-zoom u-gallery-item\" data-image-width=\"2008\" data-image-height=\"1506\">\n              <div class=\"u-back-slide\">\n                <img decoding=\"async\" class=\"u-back-image u-expanded\" src=\"https:\/\/zsuzsakocsis.com\/wp-content\/uploads\/2025\/08\/szekreny1-1.jpg\">\n              <\/div>\n              <div class=\"u-over-slide u-shading u-over-slide-5\"><\/div>\n            <\/div>\n          <\/div>\n        <\/div>\n        <img decoding=\"async\" class=\"u-image u-image-default u-image-1\" src=\"https:\/\/zsuzsakocsis.com\/wp-content\/uploads\/2025\/11\/4c.jpg\" alt=\"\" data-image-width=\"1512\" data-image-height=\"1776\">\n      <\/div>\n    <\/section>\n    \n    \n    \n  \n<\/div>","protected":false},"excerpt":{"rendered":"<p>B\u00fator festm\u00e9ny A fest\u00e9szet \u00e9s a b\u00fatortervez\u00e9s hat\u00e1r\u00e1n l\u00e9trehozott munka:&nbsp;festm\u00e9nyeimet tol\u00f3ajt\u00f3s szekr\u00e9nyfrontba illesztettem, ahol&nbsp;a spont\u00e1n foltok \u00e9s figurat\u00edv mot\u00edvumok narrat\u00edv fel\u00fcletet&nbsp;alkotnak. A b\u00fator \u00edgy egyszerre funkcion\u00e1lis t\u00e1rgy \u00e9s \u00f6n\u00e1ll\u00f3&nbsp;vizu\u00e1lis m\u0171t\u00e1rgy. Funkci\u00f3 \u00e9s Fikci\u00f3&nbsp; &nbsp; &nbsp;&nbsp; &#8221; Mes\u00e9l\u0151 b\u00fator &#8221;&nbsp; &nbsp;Egy szekr\u00e9ny ahol a mindennapok \u00e9s a k\u00e9pzelet tal\u00e1lkozik. \u201cA cabinet where everyday life and imagination&hellip;&nbsp;<\/p>","protected":false},"author":2,"featured_media":0,"parent":0,"menu_order":0,"comment_status":"closed","ping_status":"closed","template":"","meta":{"neve_meta_sidebar":"","neve_meta_container":"","neve_meta_enable_content_width":"off","neve_meta_content_width":100,"neve_meta_title_alignment":"","neve_meta_author_avatar":"","neve_post_elements_order":"","neve_meta_disable_header":"","neve_meta_disable_footer":"","neve_meta_disable_title":"","footnotes":""},"class_list":["post-659","page","type-page","status-publish","hentry"],"_links":{"self":[{"href":"https:\/\/zsuzsakocsis.com\/en\/wp-json\/wp\/v2\/pages\/659","targetHints":{"allow":["GET"]}}],"collection":[{"href":"https:\/\/zsuzsakocsis.com\/en\/wp-json\/wp\/v2\/pages"}],"about":[{"href":"https:\/\/zsuzsakocsis.com\/en\/wp-json\/wp\/v2\/types\/page"}],"author":[{"embeddable":true,"href":"https:\/\/zsuzsakocsis.com\/en\/wp-json\/wp\/v2\/users\/2"}],"replies":[{"embeddable":true,"href":"https:\/\/zsuzsakocsis.com\/en\/wp-json\/wp\/v2\/comments?post=659"}],"version-history":[{"count":7,"href":"https:\/\/zsuzsakocsis.com\/en\/wp-json\/wp\/v2\/pages\/659\/revisions"}],"predecessor-version":[{"id":875,"href":"https:\/\/zsuzsakocsis.com\/en\/wp-json\/wp\/v2\/pages\/659\/revisions\/875"}],"wp:attachment":[{"href":"https:\/\/zsuzsakocsis.com\/en\/wp-json\/wp\/v2\/media?parent=659"}],"curies":[{"name":"wp","href":"https:\/\/api.w.org\/{rel}","templated":true}]}}