{"id":594,"date":"2025-08-08T20:12:04","date_gmt":"2025-08-08T20:12:04","guid":{"rendered":"https:\/\/zsuzsakocsis.com\/?page_id=594"},"modified":"2025-08-18T14:05:47","modified_gmt":"2025-08-18T14:05:47","slug":"enterieur-design","status":"publish","type":"page","link":"https:\/\/zsuzsakocsis.com\/en\/enterieur-design\/","title":{"rendered":"Parketta Festm\u00e9ny    \/    &#8221;  Memory of wood  &#8222;"},"content":{"rendered":"<figure class=\"wp-block-image size-large\"><img loading=\"lazy\" decoding=\"async\" width=\"995\" height=\"1024\" src=\"https:\/\/zsuzsakocsis.com\/wp-content\/uploads\/2025\/08\/parketta_levelek1-1-995x1024.jpg\" alt=\"&quot;Memory of the wood&quot; - Painting on the floor. \" class=\"wp-image-623\" srcset=\"https:\/\/zsuzsakocsis.com\/wp-content\/uploads\/2025\/08\/parketta_levelek1-1-995x1024.jpg 995w, https:\/\/zsuzsakocsis.com\/wp-content\/uploads\/2025\/08\/parketta_levelek1-1-291x300.jpg 291w, https:\/\/zsuzsakocsis.com\/wp-content\/uploads\/2025\/08\/parketta_levelek1-1-768x791.jpg 768w, https:\/\/zsuzsakocsis.com\/wp-content\/uploads\/2025\/08\/parketta_levelek1-1-1492x1536.jpg 1492w, https:\/\/zsuzsakocsis.com\/wp-content\/uploads\/2025\/08\/parketta_levelek1-1.jpg 1721w\" sizes=\"auto, (max-width: 995px) 100vw, 995px\" \/><figcaption class=\"wp-element-caption\">m\u00e9rete: 121 cm x 121 cm<\/figcaption><\/figure>\n\n\n\n<p><\/p>\n\n\n\n<figure class=\"wp-block-pullquote\"><blockquote><p>A site-specific, space-shaping and reinterpreting gesture<\/p><\/blockquote><\/figure>\n\n\n\n<p>The wood\u2019s original structure and grain enter into dialogue with the painted presence of leaves, while the image simultaneously offers an aesthetic experience and invites the viewer to contemplation.<\/p>\n\n\n\n<figure class=\"wp-block-image size-large is-resized\"><img loading=\"lazy\" decoding=\"async\" width=\"1024\" height=\"768\" src=\"https:\/\/zsuzsakocsis.com\/wp-content\/uploads\/2025\/08\/7-1024x768.jpg\" alt=\"\" class=\"wp-image-642\" style=\"width:699px;height:auto\" srcset=\"https:\/\/zsuzsakocsis.com\/wp-content\/uploads\/2025\/08\/7-1024x768.jpg 1024w, https:\/\/zsuzsakocsis.com\/wp-content\/uploads\/2025\/08\/7-300x225.jpg 300w, https:\/\/zsuzsakocsis.com\/wp-content\/uploads\/2025\/08\/7-768x576.jpg 768w, https:\/\/zsuzsakocsis.com\/wp-content\/uploads\/2025\/08\/7-1536x1152.jpg 1536w, https:\/\/zsuzsakocsis.com\/wp-content\/uploads\/2025\/08\/7.jpg 2008w\" sizes=\"auto, (max-width: 1024px) 100vw, 1024px\" \/><\/figure>\n\n\n\n<figure class=\"wp-block-image size-large is-resized\"><img loading=\"lazy\" decoding=\"async\" width=\"1024\" height=\"768\" src=\"https:\/\/zsuzsakocsis.com\/wp-content\/uploads\/2025\/08\/6-1024x768.jpg\" alt=\"\" class=\"wp-image-644\" style=\"width:700px;height:auto\" srcset=\"https:\/\/zsuzsakocsis.com\/wp-content\/uploads\/2025\/08\/6-1024x768.jpg 1024w, https:\/\/zsuzsakocsis.com\/wp-content\/uploads\/2025\/08\/6-300x225.jpg 300w, https:\/\/zsuzsakocsis.com\/wp-content\/uploads\/2025\/08\/6-768x576.jpg 768w, https:\/\/zsuzsakocsis.com\/wp-content\/uploads\/2025\/08\/6-1536x1152.jpg 1536w, https:\/\/zsuzsakocsis.com\/wp-content\/uploads\/2025\/08\/6.jpg 2008w\" sizes=\"auto, (max-width: 1024px) 100vw, 1024px\" \/><\/figure>\n\n\n\n<figure class=\"wp-block-image size-large\"><img loading=\"lazy\" decoding=\"async\" width=\"1024\" height=\"768\" src=\"https:\/\/zsuzsakocsis.com\/wp-content\/uploads\/2025\/08\/4-5-1024x768.jpg\" alt=\"\" class=\"wp-image-645\" srcset=\"https:\/\/zsuzsakocsis.com\/wp-content\/uploads\/2025\/08\/4-5-1024x768.jpg 1024w, https:\/\/zsuzsakocsis.com\/wp-content\/uploads\/2025\/08\/4-5-300x225.jpg 300w, https:\/\/zsuzsakocsis.com\/wp-content\/uploads\/2025\/08\/4-5-768x576.jpg 768w, https:\/\/zsuzsakocsis.com\/wp-content\/uploads\/2025\/08\/4-5-1536x1152.jpg 1536w, https:\/\/zsuzsakocsis.com\/wp-content\/uploads\/2025\/08\/4-5.jpg 2008w\" sizes=\"auto, (max-width: 1024px) 100vw, 1024px\" \/><\/figure>\n\n\n\n<figure class=\"wp-block-image size-large\"><img loading=\"lazy\" decoding=\"async\" width=\"1024\" height=\"784\" src=\"https:\/\/zsuzsakocsis.com\/wp-content\/uploads\/2025\/08\/3-4-1024x784.jpg\" alt=\"\" class=\"wp-image-649\" srcset=\"https:\/\/zsuzsakocsis.com\/wp-content\/uploads\/2025\/08\/3-4-1024x784.jpg 1024w, https:\/\/zsuzsakocsis.com\/wp-content\/uploads\/2025\/08\/3-4-300x230.jpg 300w, https:\/\/zsuzsakocsis.com\/wp-content\/uploads\/2025\/08\/3-4-768x588.jpg 768w, https:\/\/zsuzsakocsis.com\/wp-content\/uploads\/2025\/08\/3-4-1536x1176.jpg 1536w, https:\/\/zsuzsakocsis.com\/wp-content\/uploads\/2025\/08\/3-4.jpg 2008w\" sizes=\"auto, (max-width: 1024px) 100vw, 1024px\" \/><\/figure>","protected":false},"excerpt":{"rendered":"<p>Helyspecifikus, a teret alak\u00edt\u00f3 \u00e9s \u00fajra \u00e9rtelmez\u0151 gesztus A fa eredeti strukt\u00far\u00e1ja, erezete \u00e9s a levelek festett jelenl\u00e9te p\u00e1rbesz\u00e9dbe l\u00e9pnek egym\u00e1ssal, mik\u00f6zben a k\u00e9p egyszerre ny\u00fajt eszt\u00e9tikai \u00e9lm\u00e9nyt \u00e9s h\u00edvja kontempl\u00e1ci\u00f3ra a n\u00e9z\u0151t.<\/p>","protected":false},"author":2,"featured_media":0,"parent":0,"menu_order":0,"comment_status":"closed","ping_status":"closed","template":"","meta":{"neve_meta_sidebar":"","neve_meta_container":"","neve_meta_enable_content_width":"","neve_meta_content_width":0,"neve_meta_title_alignment":"","neve_meta_author_avatar":"","neve_post_elements_order":"","neve_meta_disable_header":"","neve_meta_disable_footer":"","neve_meta_disable_title":"","footnotes":""},"class_list":["post-594","page","type-page","status-publish","hentry"],"_links":{"self":[{"href":"https:\/\/zsuzsakocsis.com\/en\/wp-json\/wp\/v2\/pages\/594","targetHints":{"allow":["GET"]}}],"collection":[{"href":"https:\/\/zsuzsakocsis.com\/en\/wp-json\/wp\/v2\/pages"}],"about":[{"href":"https:\/\/zsuzsakocsis.com\/en\/wp-json\/wp\/v2\/types\/page"}],"author":[{"embeddable":true,"href":"https:\/\/zsuzsakocsis.com\/en\/wp-json\/wp\/v2\/users\/2"}],"replies":[{"embeddable":true,"href":"https:\/\/zsuzsakocsis.com\/en\/wp-json\/wp\/v2\/comments?post=594"}],"version-history":[{"count":11,"href":"https:\/\/zsuzsakocsis.com\/en\/wp-json\/wp\/v2\/pages\/594\/revisions"}],"predecessor-version":[{"id":651,"href":"https:\/\/zsuzsakocsis.com\/en\/wp-json\/wp\/v2\/pages\/594\/revisions\/651"}],"wp:attachment":[{"href":"https:\/\/zsuzsakocsis.com\/en\/wp-json\/wp\/v2\/media?parent=594"}],"curies":[{"name":"wp","href":"https:\/\/api.w.org\/{rel}","templated":true}]}}