{"id":554,"date":"2025-08-08T09:01:29","date_gmt":"2025-08-08T09:01:29","guid":{"rendered":"https:\/\/zsuzsakocsis.com\/?page_id=554"},"modified":"2025-09-08T09:06:23","modified_gmt":"2025-09-08T09:06:23","slug":"talak","status":"publish","type":"page","link":"https:\/\/zsuzsakocsis.com\/en\/talak\/","title":{"rendered":"t\u00e1lak"},"content":{"rendered":"<div class=\"\" style=\"\" >\n    \n    <section class=\"u-clearfix u-white u-section-2\" id=\"sec-0728\">\n      <div class=\"u-clearfix u-sheet u-valign-middle-lg u-valign-middle-md u-valign-middle-sm u-valign-middle-xs u-sheet-1\">\n        <h5 class=\"u-text u-text-default u-text-1\"> Wave bowls<\/h5>\n        <h1 class=\"u-text u-text-default u-text-2\">Salad Serving Set<br>\n        <\/h1>\n        <p class=\"u-text u-text-3\"> The organic forms of my serving set are designed for relaxed yet elegant dining. The undulating rim and oval shapes create a unified character. Its central piece is the \u201cWave Bowl,\u201d which, with its representative presence, dominates the interior and highlights the material qualities of porcelain. The wave appears in the gentle rocking motion of the shakers, while this same curve defines the entire body of the beverage pitcher.<br>\n          <br>These shakers don\u2019t hide away in a drawer \u2014 they become table ornaments, small kinetic sculptures. Their shape depends on where the steel plug acting as a counterweight is placed: they lean, tilt, and settle, like a modern roly-poly toy. Every position creates a new character \u2014 pointed, flattened, or angled \u2014 turning the object into a playful field, a visual statement, and a functional piece at the same time.<br>\n        <\/p>\n        <img decoding=\"async\" class=\"u-image u-image-default u-image-1\" src=\"https:\/\/zsuzsakocsis.com\/wp-content\/uploads\/2025\/07\/1B2A0165-1366x2048.jpg\" alt=\"\" data-image-width=\"1200\" data-image-height=\"1799\" data-animation-name=\"customAnimationIn\" data-animation-duration=\"2000\" data-animation-delay=\"0\">\n      <\/div>\n    <\/section>\n    <section class=\"u-clearfix u-white u-section-3\" id=\"sec-3d5d\">\n      <div class=\"u-clearfix u-sheet u-valign-middle u-sheet-1\">\n        <div class=\"data-layout-selected u-clearfix u-expanded-width u-layout-wrap u-layout-wrap-1\">\n          <div class=\"u-layout\">\n            <div class=\"u-layout-row\">\n              <div class=\"u-container-style u-layout-cell u-size-24 u-layout-cell-1\">\n                <div class=\"u-container-layout u-valign-top u-container-layout-1\">\n                  <img decoding=\"async\" class=\"u-image u-image-default u-image-1\" src=\"https:\/\/zsuzsakocsis.com\/wp-content\/uploads\/2025\/07\/1B2A0298-1365x2048.jpg\" alt=\"\" data-image-width=\"1200\" data-image-height=\"1800\" data-animation-name=\"customAnimationIn\" data-animation-duration=\"2000\" data-animation-delay=\"0\">\n                  <h5 class=\"u-text u-text-1\"> Where\n     porcelain flows&nbsp;<br>like nature.\u201d\n                  <\/h5>\n                  <p class=\"u-text u-text-2\">&nbsp;diploma work -&nbsp; Moholy-Nagy University&nbsp;<\/p>\n                <\/div>\n              <\/div>\n              <div class=\"u-align-right u-container-align-right u-container-style u-layout-cell u-size-36 u-layout-cell-2\">\n                <div class=\"u-container-layout u-valign-top-sm u-valign-top-xs u-container-layout-2\">\n                  <p class=\"u-text u-text-3\">Matte and glossy porcelain surfaces create a subtle play of contrast and light.&nbsp; &nbsp; &nbsp; &nbsp; &nbsp; &nbsp; &nbsp; &nbsp; &nbsp; &nbsp; &nbsp; &nbsp; &nbsp; &nbsp; &nbsp; &nbsp; &nbsp; &nbsp; &nbsp; &nbsp; &nbsp; &nbsp; &nbsp; &nbsp; &nbsp; &nbsp; &nbsp; &nbsp; &nbsp; &nbsp; &nbsp; &nbsp; &nbsp; &nbsp; &nbsp; &nbsp; &nbsp; &nbsp; &nbsp; &nbsp; &nbsp; &nbsp; &nbsp; &nbsp; &nbsp; &nbsp; &nbsp; &nbsp; &nbsp; &nbsp; &nbsp; &nbsp; &nbsp; &nbsp;&nbsp;<\/p>\n                  <img decoding=\"async\" class=\"u-expanded-width u-image u-image-default u-image-2\" src=\"https:\/\/zsuzsakocsis.com\/wp-content\/uploads\/2025\/07\/1B2A0407-1365x2048.jpg\" alt=\"\" data-image-width=\"1200\" data-image-height=\"1800\" data-animation-name=\"fadeIn\" data-animation-duration=\"2000\" data-animation-delay=\"0\">\n                <\/div>\n              <\/div>\n            <\/div>\n          <\/div>\n        <\/div>\n      <\/div>\n    <\/section>\n    <section class=\"skrollable u-clearfix u-image u-parallax u-section-4\" id=\"sec-77cd\" data-image-width=\"2880\" data-image-height=\"1920\" style=\"background-image: url(&quot;https:\/\/zsuzsakocsis.com\/wp-content\/uploads\/2025\/08\/1B2A0153-scaled.jpg&quot;);\">\n      <div class=\"u-clearfix u-sheet u-sheet-1\"><\/div>\n    <\/section>\n    <section class=\"u-clearfix u-section-5\" id=\"sec-33f2\">\n      <div class=\"u-clearfix u-sheet u-valign-middle-lg u-valign-middle-md u-valign-middle-sm u-valign-middle-xs u-sheet-1\">\n        <h3 class=\"u-align-left u-text u-text-1\"> \" Porcelain\nthat whispers the shape of water.\u201d<\/h3>\n        <p class=\"u-align-left u-text u-text-2\"> The organic shapes of my serving set serve casual, yet elegant dining. The undulating edge and oval shape give a unified character, its central element is the \u201cWave Bowl\u201d, which dominates the interior with its representative appearance and highlights the material properties of porcelain. The swinging movement of the spreaders completes the wave, while the body of the soft drink jug is characterized by this curve.<br>The Spice shakers with oil spout on the table :&nbsp;<br>These diffusers are not meant to be hidden away \u2014 they are table objects, moving mini-sculptures.\nTheir form is shaped by the placement of the steel plug that acts as a center of gravity: they tilt, tip, and settle, like a contemporary roly-poly toy.\nEach position reveals a new character \u2014 pointed, flattened, or slanted \u2014 turning the object into a playful visual experience and a functional piece at once.<br>In some places, the drawings are only just begun, serving to define and give form to the patch.\n        <\/p>\n      <\/div>\n    <\/section>\n    <section class=\"u-clearfix u-white u-section-6\" id=\"sec-5b2f\">\n      <div class=\"u-clearfix u-sheet u-valign-middle-lg u-valign-middle-md u-valign-middle-sm u-valign-middle-xs u-sheet-1\">\n        <p class=\"u-align-right u-text u-text-1\"><\/p>\n        <div class=\"u-expanded-width u-gallery u-layout-grid u-lightbox u-no-transition u-show-text-none u-gallery-1\">\n          <div class=\"u-gallery-inner u-gallery-inner-1\">\n            <div class=\"u-effect-hover-zoom u-gallery-item\" data-image-width=\"1890\" data-image-height=\"1390\">\n              <div class=\"u-back-slide\" data-image-width=\"1200\" data-image-height=\"1800\">\n                <img decoding=\"async\" class=\"u-back-image u-expanded\" src=\"https:\/\/zsuzsakocsis.com\/wp-content\/uploads\/2025\/07\/1B2A0501-1365x2048.jpg\">\n              <\/div>\n              <div class=\"u-over-slide u-shading u-over-slide-1\"><\/div>\n            <\/div>\n            <div class=\"u-effect-hover-zoom u-gallery-item\" data-image-width=\"1200\" data-image-height=\"1800\">\n              <div class=\"u-back-slide\">\n                <img decoding=\"async\" class=\"u-back-image u-expanded\" src=\"https:\/\/zsuzsakocsis.com\/wp-content\/uploads\/2025\/07\/1B2A0407-1365x2048.jpg\">\n              <\/div>\n              <div class=\"u-over-slide u-shading u-over-slide-2\"><\/div>\n            <\/div>\n            <div class=\"u-effect-hover-zoom u-gallery-item\" data-image-width=\"1200\" data-image-height=\"1800\">\n              <div class=\"u-back-slide\">\n                <img decoding=\"async\" class=\"u-back-image u-expanded\" src=\"https:\/\/zsuzsakocsis.com\/wp-content\/uploads\/2025\/07\/1B2A0371-1365x2048.jpg\">\n              <\/div>\n              <div class=\"u-over-slide u-shading u-over-slide-3\"><\/div>\n            <\/div>\n            <div class=\"u-effect-hover-zoom u-gallery-item\" data-image-width=\"1200\" data-image-height=\"1800\">\n              <div class=\"u-back-slide\">\n                <img decoding=\"async\" class=\"u-back-image u-expanded\" src=\"https:\/\/zsuzsakocsis.com\/wp-content\/uploads\/2025\/07\/1B2A0309-1365x2048.jpg\">\n              <\/div>\n              <div class=\"u-over-slide u-shading u-over-slide-4\"><\/div>\n            <\/div>\n            <div class=\"u-effect-hover-zoom u-gallery-item\" data-image-width=\"1200\" data-image-height=\"1800\">\n              <div class=\"u-back-slide\">\n                <img decoding=\"async\" class=\"u-back-image u-expanded\" src=\"https:\/\/zsuzsakocsis.com\/wp-content\/uploads\/2025\/07\/1B2A0298-1365x2048.jpg\">\n              <\/div>\n              <div class=\"u-over-slide u-shading u-over-slide-5\"><\/div>\n            <\/div>\n            <div class=\"u-effect-hover-zoom u-gallery-item\" data-image-width=\"1200\" data-image-height=\"1800\">\n              <div class=\"u-back-slide\">\n                <img decoding=\"async\" class=\"u-back-image u-expanded\" src=\"https:\/\/zsuzsakocsis.com\/wp-content\/uploads\/2025\/07\/1B2A0272-1365x2048.jpg\">\n              <\/div>\n              <div class=\"u-over-slide u-shading u-over-slide-6\"><\/div>\n            <\/div>\n            <div class=\"u-effect-hover-zoom u-gallery-item\" data-image-width=\"1200\" data-image-height=\"1799\">\n              <div class=\"u-back-slide\">\n                <img decoding=\"async\" class=\"u-back-image u-expanded\" src=\"https:\/\/zsuzsakocsis.com\/wp-content\/uploads\/2025\/07\/1B2A0165-1366x2048.jpg\">\n              <\/div>\n              <div class=\"u-over-slide u-shading u-over-slide-7\"><\/div>\n            <\/div>\n            <div class=\"u-effect-hover-zoom u-gallery-item\" data-image-width=\"2560\" data-image-height=\"1707\">\n              <div class=\"u-back-slide\">\n                <img decoding=\"async\" class=\"u-back-image u-expanded\" src=\"https:\/\/zsuzsakocsis.com\/wp-content\/uploads\/2025\/07\/1B2A0153-scaled.jpg\">\n              <\/div>\n              <div class=\"u-over-slide u-shading u-over-slide-8\"><\/div>\n            <\/div>\n            <div class=\"u-effect-hover-zoom u-gallery-item\" data-image-width=\"596\" data-image-height=\"842\">\n              <div class=\"u-back-slide\" data-image-width=\"596\" data-image-height=\"842\">\n                <img decoding=\"async\" class=\"u-back-image u-expanded\" src=\"https:\/\/zsuzsakocsis.com\/wp-content\/uploads\/2025\/09\/so-borsszorok4psd-1.jpg\">\n              <\/div>\n              <div class=\"u-over-slide u-shading u-over-slide-9\"><\/div>\n            <\/div>\n          <\/div>\n        <\/div>\n      <\/div>\n    <\/section>\n    \n    \n    \n  \n<\/div>","protected":false},"excerpt":{"rendered":"<p>Hull\u00e1mt\u00e1l Sal\u00e1t\u00e1s t\u00e1lal\u00f3k\u00e9szlet T\u00e1lal\u00f3k\u00e9szletem organikus form\u00e1i a k\u00f6tetlen, m\u00e9gis eleg\u00e1ns \u00e9tkez\u00e9st szolg\u00e1lj\u00e1k. A hull\u00e1mz\u00f3 perem \u00e9s ov\u00e1lis forma egys\u00e9ges karaktert ad, k\u00f6zponti eleme a \u201eHull\u00e1mt\u00e1l\u201d, mely reprezentat\u00edv megjelen\u00e9s\u00e9vel uralja az enteri\u0151rt, \u00e9s kiemeli a porcel\u00e1n anyagi adotts\u00e1gait. A sz\u00f3r\u00f3k billeg\u0151 mozg\u00e1s\u00e1ban jelenik meg a hull\u00e1m m\u00edg az \u00fcd\u00edt\u0151s kancs\u00f3 eg\u00e9sz test\u00e9t jellemzi ez az \u00edv.&hellip;&nbsp;<\/p>","protected":false},"author":2,"featured_media":0,"parent":0,"menu_order":0,"comment_status":"closed","ping_status":"closed","template":"","meta":{"neve_meta_sidebar":"","neve_meta_container":"","neve_meta_enable_content_width":"off","neve_meta_content_width":100,"neve_meta_title_alignment":"","neve_meta_author_avatar":"","neve_post_elements_order":"","neve_meta_disable_header":"","neve_meta_disable_footer":"","neve_meta_disable_title":"","footnotes":""},"class_list":["post-554","page","type-page","status-publish","hentry"],"_links":{"self":[{"href":"https:\/\/zsuzsakocsis.com\/en\/wp-json\/wp\/v2\/pages\/554","targetHints":{"allow":["GET"]}}],"collection":[{"href":"https:\/\/zsuzsakocsis.com\/en\/wp-json\/wp\/v2\/pages"}],"about":[{"href":"https:\/\/zsuzsakocsis.com\/en\/wp-json\/wp\/v2\/types\/page"}],"author":[{"embeddable":true,"href":"https:\/\/zsuzsakocsis.com\/en\/wp-json\/wp\/v2\/users\/2"}],"replies":[{"embeddable":true,"href":"https:\/\/zsuzsakocsis.com\/en\/wp-json\/wp\/v2\/comments?post=554"}],"version-history":[{"count":11,"href":"https:\/\/zsuzsakocsis.com\/en\/wp-json\/wp\/v2\/pages\/554\/revisions"}],"predecessor-version":[{"id":838,"href":"https:\/\/zsuzsakocsis.com\/en\/wp-json\/wp\/v2\/pages\/554\/revisions\/838"}],"wp:attachment":[{"href":"https:\/\/zsuzsakocsis.com\/en\/wp-json\/wp\/v2\/media?parent=554"}],"curies":[{"name":"wp","href":"https:\/\/api.w.org\/{rel}","templated":true}]}}