{"id":498,"date":"2025-08-07T11:05:23","date_gmt":"2025-08-07T11:05:23","guid":{"rendered":"https:\/\/zsuzsakocsis.com\/?page_id=498"},"modified":"2025-09-22T15:15:47","modified_gmt":"2025-09-22T15:15:47","slug":"absztrakt-kepek","status":"publish","type":"page","link":"https:\/\/zsuzsakocsis.com\/en\/absztrakt-kepek\/","title":{"rendered":"Abstract paintings"},"content":{"rendered":"<div class=\"\" style=\"\" >\n    \n    <section class=\"u-clearfix u-white u-section-2\" id=\"sec-0728\">\n      <div class=\"u-clearfix u-sheet u-valign-middle u-sheet-1\">\n        <h5 class=\"u-text u-text-default u-text-1\"> Illusion&nbsp;<br>\n        <\/h5>\n        <h1 class=\"u-text u-text-default u-text-2\"> Abstract paintings<\/h1>\n        <p class=\"u-text u-text-3\"><span style=\"font-weight: 700;\">Questions about the nature of vision, perception, and reality<\/span>\n          <br>\n          <br>In these works, I explore inner transitions and threshold states where instinct and consciousness, chaos and order, reality and illusion converge. The forms and colors that appear in the paintings do not offer concrete answers; they ask questions:<br>I am concerned with the relationship between glossy and matte surfaces and their spatial impact. I am interested in how real and painted light interact with each other. Due to the light-reflective properties of the materials, tonal values and environmental effects accumulate. On the black paintings, glossy and matte areas gradually become visible in response to the viewer\u2019s movement and changing light\u2014so the details of the painting are revealed through motion.\n        <\/p>\n        <img decoding=\"async\" class=\"u-image u-image-default u-image-1\" src=\"https:\/\/zsuzsakocsis.com\/wp-content\/uploads\/2025\/07\/Vorosben.jpg\" alt=\"\" data-image-width=\"2044\" data-image-height=\"1468\" data-animation-name=\"customAnimationIn\" data-animation-duration=\"2000\" data-animation-delay=\"0\">\n      <\/div>\n    <\/section>\n    <section class=\"u-clearfix u-white u-section-3\" id=\"sec-3d5d\">\n      <div class=\"u-clearfix u-sheet u-valign-middle u-sheet-1\">\n        <div class=\"data-layout-selected u-clearfix u-expanded-width u-layout-wrap u-layout-wrap-1\">\n          <div class=\"u-layout\">\n            <div class=\"u-layout-row\">\n              <div class=\"u-container-style u-layout-cell u-size-24 u-layout-cell-1\">\n                <div class=\"u-container-layout u-valign-top u-container-layout-1\">\n                  <img decoding=\"async\" class=\"u-image u-image-default u-image-1\" src=\"https:\/\/zsuzsakocsis.com\/wp-content\/uploads\/2025\/07\/Atjaras-1551x2048.jpg\" alt=\"\" data-image-width=\"1200\" data-image-height=\"1585\" data-animation-name=\"customAnimationIn\" data-animation-duration=\"2000\" data-animation-delay=\"0\">\n                  <h5 class=\"u-text u-text-1\">\" \u00c1tj\u00e1r\u00e1s&nbsp; &nbsp;\/&nbsp; &nbsp;Passage \"<\/h5>\n                  <p class=\"u-text u-text-2\"> acril, oil on canvas, 70 cm x 93 cm&nbsp;<\/p>\n                <\/div>\n              <\/div>\n              <div class=\"u-align-right u-container-align-right u-container-style u-layout-cell u-size-36 u-layout-cell-2\">\n                <div class=\"u-container-layout u-valign-top-sm u-valign-top-xs u-container-layout-2\">\n                  <p class=\"u-text u-text-3\">\" Ill\u00fazi\u00f3&nbsp; \/ Illusion \"&nbsp;<br>&nbsp; &nbsp; coal chalk, mixed technique on canvas,&nbsp;154 cm x 243 cm \n                  <\/p>\n                  <img decoding=\"async\" class=\"u-expanded-width u-image u-image-default u-image-2\" src=\"https:\/\/zsuzsakocsis.com\/wp-content\/uploads\/2025\/07\/Illuzio.jpg\" alt=\"\" data-image-width=\"1575\" data-image-height=\"980\" data-animation-name=\"fadeIn\" data-animation-duration=\"2000\" data-animation-delay=\"0\">\n                <\/div>\n              <\/div>\n            <\/div>\n          <\/div>\n        <\/div>\n      <\/div>\n    <\/section>\n    <section class=\"skrollable u-clearfix u-image u-parallax u-section-4\" id=\"sec-77cd\" data-image-width=\"2560\" data-image-height=\"2013\" style=\"background-image: url(&quot;https:\/\/zsuzsakocsis.com\/wp-content\/uploads\/2025\/07\/Az-anyagtalan-scaled.jpg&quot;);\">\n      <div class=\"u-clearfix u-sheet u-sheet-1\"><\/div>\n    <\/section>\n    <section class=\"u-clearfix u-section-5\" id=\"sec-33f2\">\n      <div class=\"u-clearfix u-sheet u-valign-middle-lg u-valign-middle-md u-valign-middle-sm u-valign-middle-xs u-sheet-1\">\n        <h3 class=\"u-align-left u-text u-text-default u-text-1\"> I\u2019m exploring how spatial experience and illusion can resonate within a painterly structure.<br>What happens when an object is not only to be looked at, but also to be felt?\n        <\/h3>\n        <p class=\"u-align-left u-text u-text-2\"> What fascinates me is how forms-similar in tone but different in texture-move together and organize themselves in space. I 1ve&nbsp;&nbsp;been experimenting with glossy and matte layers, letting their optical qualities interact.<br>As the painted gestures reflect their surroundings, real and painted light begin to play off each other\u2014inviting the viewer to move, shift perspective, and slowly discover the image.<br>\n          <br>\n        <\/p>\n      <\/div>\n    <\/section>\n    <section class=\"u-clearfix u-white u-section-6\" id=\"sec-5b2f\">\n      <div class=\"u-clearfix u-sheet u-sheet-1\">\n        <p class=\"u-align-right u-text u-text-1\"><\/p>\n        <div class=\"u-expanded-width u-gallery u-layout-grid u-lightbox u-no-transition u-show-text-none u-gallery-1\">\n          <div class=\"u-gallery-inner u-gallery-inner-1\">\n            <div class=\"u-effect-hover-zoom u-gallery-item\">\n              <div class=\"u-back-slide\" data-image-width=\"1575\" data-image-height=\"980\">\n                <img decoding=\"async\" class=\"u-back-image u-expanded\" src=\"https:\/\/zsuzsakocsis.com\/wp-content\/uploads\/2025\/07\/Illuzio.jpg\">\n              <\/div>\n              <div class=\"u-over-slide u-shading u-over-slide-1\"><\/div>\n            <\/div>\n            <div class=\"u-effect-hover-zoom u-gallery-item\" data-image-width=\"2044\" data-image-height=\"1468\">\n              <div class=\"u-back-slide\">\n                <img decoding=\"async\" class=\"u-back-image u-expanded\" src=\"https:\/\/zsuzsakocsis.com\/wp-content\/uploads\/2025\/07\/Vorosben.jpg\">\n              <\/div>\n              <div class=\"u-over-slide u-shading u-over-slide-2\"><\/div>\n            <\/div>\n            <div class=\"u-effect-hover-zoom u-gallery-item\" data-image-width=\"1594\" data-image-height=\"2126\">\n              <div class=\"u-back-slide\">\n                <img decoding=\"async\" class=\"u-back-image u-expanded\" src=\"https:\/\/zsuzsakocsis.com\/wp-content\/uploads\/2025\/07\/Tukrozodes-oldalrol.jpg\">\n              <\/div>\n              <div class=\"u-over-slide u-shading u-over-slide-3\"><\/div>\n            <\/div>\n            <div class=\"u-effect-hover-zoom u-gallery-item\" data-image-width=\"2560\" data-image-height=\"2013\">\n              <div class=\"u-back-slide\">\n                <img decoding=\"async\" class=\"u-back-image u-expanded\" src=\"https:\/\/zsuzsakocsis.com\/wp-content\/uploads\/2025\/07\/Az-anyagtalan-scaled.jpg\">\n              <\/div>\n              <div class=\"u-over-slide u-shading u-over-slide-4\"><\/div>\n            <\/div>\n            <div class=\"u-effect-hover-zoom u-gallery-item\" data-image-width=\"1200\" data-image-height=\"1585\">\n              <div class=\"u-back-slide\">\n                <img decoding=\"async\" class=\"u-back-image u-expanded\" src=\"https:\/\/zsuzsakocsis.com\/wp-content\/uploads\/2025\/07\/Atjaras-1551x2048.jpg\">\n              <\/div>\n              <div class=\"u-over-slide u-shading u-over-slide-5\"><\/div>\n            <\/div>\n            <div class=\"u-effect-hover-zoom u-gallery-item\" data-image-width=\"2560\" data-image-height=\"1864\">\n              <div class=\"u-back-slide\">\n                <img decoding=\"async\" class=\"u-back-image u-expanded\" src=\"https:\/\/zsuzsakocsis.com\/wp-content\/uploads\/2025\/07\/Csak-kepzelet-scaled.jpg\">\n              <\/div>\n              <div class=\"u-over-slide u-shading u-over-slide-6\"><\/div>\n            <\/div>\n            <div class=\"u-effect-hover-zoom u-gallery-item\" data-image-width=\"1200\" data-image-height=\"1367\">\n              <div class=\"u-back-slide\">\n                <img decoding=\"async\" class=\"u-back-image u-expanded\" src=\"https:\/\/zsuzsakocsis.com\/wp-content\/uploads\/2025\/07\/A-sulytalan-1348x1536.jpg\">\n              <\/div>\n              <div class=\"u-over-slide u-shading u-over-slide-7\"><\/div>\n            <\/div>\n            <div class=\"u-effect-hover-zoom u-gallery-item\" data-image-width=\"1728\" data-image-height=\"1852\">\n              <div class=\"u-back-slide\">\n                <img decoding=\"async\" class=\"u-back-image u-expanded\" src=\"https:\/\/zsuzsakocsis.com\/wp-content\/uploads\/2025\/07\/Tukrozodes.jpg\">\n              <\/div>\n              <div class=\"u-over-slide u-shading u-over-slide-8\"><\/div>\n            <\/div>\n            <div class=\"u-effect-hover-zoom u-gallery-item\" data-image-width=\"2560\" data-image-height=\"2109\">\n              <div class=\"u-back-slide\">\n                <img decoding=\"async\" class=\"u-back-image u-expanded\" src=\"https:\/\/zsuzsakocsis.com\/wp-content\/uploads\/2025\/07\/Talajtalan-scaled.jpg\">\n              <\/div>\n              <div class=\"u-over-slide u-shading u-over-slide-9\"><\/div>\n            <\/div>\n          <\/div>\n        <\/div>\n      <\/div>\n    <\/section>\n    \n    \n    \n  \n<\/div>","protected":false},"excerpt":{"rendered":"<p>\u201eIll\u00fazi\u00f3\u201d&nbsp; Absztrakt k\u00e9pek K\u00e9rd\u00e9sek a l\u00e1t\u00e1s, \u00e9rz\u00e9kel\u00e9s \u00e9s val\u00f3s\u00e1g term\u00e9szet\u00e9r\u0151l E munk\u00e1imban azokat a bels\u0151 \u00e1tmeneteket \u00e9s hat\u00e1rhelyzeteket vizsg\u00e1lom, ahol az \u00f6szt\u00f6n \u00e9s a tudat, a k\u00e1osz \u00e9s a rend, a val\u00f3s\u00e1g \u00e9s az ill\u00fazi\u00f3 \u00f6ssze\u00e9r. A k\u00e9peken megjelen\u0151 form\u00e1k \u00e9s sz\u00ednek nem konkr\u00e9t v\u00e1laszokat adnak, hanem k\u00e9rdeznek:A f\u00e9nyes \u00e9s matt fel\u00fcletek viszonya, valamint azok&hellip;&nbsp;<\/p>","protected":false},"author":2,"featured_media":0,"parent":0,"menu_order":0,"comment_status":"closed","ping_status":"closed","template":"","meta":{"neve_meta_sidebar":"","neve_meta_container":"","neve_meta_enable_content_width":"off","neve_meta_content_width":100,"neve_meta_title_alignment":"","neve_meta_author_avatar":"","neve_post_elements_order":"","neve_meta_disable_header":"","neve_meta_disable_footer":"","neve_meta_disable_title":"","footnotes":""},"class_list":["post-498","page","type-page","status-publish","hentry"],"_links":{"self":[{"href":"https:\/\/zsuzsakocsis.com\/en\/wp-json\/wp\/v2\/pages\/498","targetHints":{"allow":["GET"]}}],"collection":[{"href":"https:\/\/zsuzsakocsis.com\/en\/wp-json\/wp\/v2\/pages"}],"about":[{"href":"https:\/\/zsuzsakocsis.com\/en\/wp-json\/wp\/v2\/types\/page"}],"author":[{"embeddable":true,"href":"https:\/\/zsuzsakocsis.com\/en\/wp-json\/wp\/v2\/users\/2"}],"replies":[{"embeddable":true,"href":"https:\/\/zsuzsakocsis.com\/en\/wp-json\/wp\/v2\/comments?post=498"}],"version-history":[{"count":6,"href":"https:\/\/zsuzsakocsis.com\/en\/wp-json\/wp\/v2\/pages\/498\/revisions"}],"predecessor-version":[{"id":860,"href":"https:\/\/zsuzsakocsis.com\/en\/wp-json\/wp\/v2\/pages\/498\/revisions\/860"}],"wp:attachment":[{"href":"https:\/\/zsuzsakocsis.com\/en\/wp-json\/wp\/v2\/media?parent=498"}],"curies":[{"name":"wp","href":"https:\/\/api.w.org\/{rel}","templated":true}]}}