{"id":492,"date":"2025-08-07T11:03:49","date_gmt":"2025-08-07T11:03:49","guid":{"rendered":"https:\/\/zsuzsakocsis.com\/?page_id=492"},"modified":"2025-09-03T07:21:41","modified_gmt":"2025-09-03T07:21:41","slug":"horvatorszag","status":"publish","type":"page","link":"https:\/\/zsuzsakocsis.com\/en\/horvatorszag\/","title":{"rendered":"Croatia"},"content":{"rendered":"<div class=\"\" style=\"\" >\n    \n    <section class=\"u-clearfix u-white u-section-2\" id=\"sec-0728\">\n      <div class=\"u-clearfix u-sheet u-sheet-1\">\n        <h5 class=\"u-text u-text-default u-text-1\"> Landscapes<\/h5>\n        <h1 class=\"u-text u-text-default u-text-2\">Croatia<\/h1>\n        <p class=\"u-text u-text-3\"> These works were created in 2010 in Croatia, at and around the Zlatko Prica Villa, through the University of P\u00e9cs Faculty of Arts Doctoral School\u2019s \u201cScholarship to International Artists\u2019 Residencies\u201d program.<\/p>\n        <img decoding=\"async\" class=\"u-flip-horizontal u-flip-vertical u-image u-image-default u-image-1\" src=\"https:\/\/zsuzsakocsis.com\/wp-content\/uploads\/2025\/07\/Kikoto-Santa-Marina.jpg\" alt=\"\" data-image-width=\"2008\" data-image-height=\"1405\" data-animation-name=\"customAnimationIn\" data-animation-duration=\"2000\" data-animation-delay=\"0\">\n      <\/div>\n    <\/section>\n    <section class=\"u-clearfix u-white u-section-3\" id=\"sec-3d5d\">\n      <div class=\"u-clearfix u-sheet u-valign-middle u-sheet-1\">\n        <div class=\"data-layout-selected u-clearfix u-expanded-width u-layout-wrap u-layout-wrap-1\">\n          <div class=\"u-layout\">\n            <div class=\"u-layout-row\">\n              <div class=\"u-container-style u-layout-cell u-size-24 u-layout-cell-1\">\n                <div class=\"u-container-layout u-valign-top u-container-layout-1\">\n                  <img decoding=\"async\" class=\"u-image u-image-default u-image-1\" src=\"https:\/\/zsuzsakocsis.com\/wp-content\/uploads\/2025\/07\/Molo.jpg\" alt=\"\" data-image-width=\"1200\" data-image-height=\"1687\" data-animation-name=\"customAnimationIn\" data-animation-duration=\"2000\" data-animation-delay=\"0\">\n                  <h5 class=\"u-text u-text-1\"> My seascapes&nbsp;&nbsp;<\/h5>\n                  <p class=\"u-text u-text-2\"> \" Pier \"&nbsp;<br>&nbsp; &nbsp;acril, and oil on canvas, mixed techique \n                  <\/p>\n                <\/div>\n              <\/div>\n              <div class=\"u-align-right u-container-align-right u-container-style u-layout-cell u-size-36 u-layout-cell-2\">\n                <div class=\"u-container-layout u-valign-top-sm u-valign-top-xs u-container-layout-2\">\n                  <p class=\"u-text u-text-3\">\" Inside Sea \"&nbsp; &nbsp; ecolin on paper <\/p>\n                  <img decoding=\"async\" class=\"u-expanded-width u-image u-image-default u-image-2\" src=\"https:\/\/zsuzsakocsis.com\/wp-content\/uploads\/2025\/07\/Tengerpart-III.jpg\" alt=\"\" data-image-width=\"2362\" data-image-height=\"1750\" data-animation-name=\"fadeIn\" data-animation-duration=\"2000\" data-animation-delay=\"0\">\n                <\/div>\n              <\/div>\n            <\/div>\n          <\/div>\n        <\/div>\n      <\/div>\n    <\/section>\n    <section class=\"skrollable u-clearfix u-image u-parallax u-section-4\" id=\"sec-77cd\" data-image-width=\"2362\" data-image-height=\"1688\" style=\"background-image: url(&quot;https:\/\/zsuzsakocsis.com\/wp-content\/uploads\/2025\/07\/Vizalatt.jpg&quot;);\">\n      <div class=\"u-clearfix u-sheet u-sheet-1\"><\/div>\n    <\/section>\n    <section class=\"u-clearfix u-container-align-left u-section-5\" id=\"sec-33f2\">\n      <div class=\"u-clearfix u-sheet u-valign-middle-lg u-valign-middle-md u-valign-middle-sm u-valign-middle-xs u-sheet-1\">\n        <h3 class=\"u-align-left u-text u-text-default u-text-1\">My Seascapes -&nbsp; saturated colors in bright light, salty air, salty water, underwater view and looking into the distance on the water's edge.&nbsp; <\/h3>\n        <p class=\"u-align-left u-text u-text-2\">My pictures were taken in Croatia, in and around the Zlatko Prica Villa, in 2010, after winning the Budapest Gallery's \"scholarship to foreign art houses\" program. <\/p>\n      <\/div>\n    <\/section>\n    <section class=\"u-clearfix u-white u-section-6\" id=\"sec-5b2f\">\n      <div class=\"u-clearfix u-sheet u-sheet-1\">\n        <div class=\"u-expanded-width u-gallery u-layout-grid u-lightbox u-no-transition u-show-text-none u-gallery-1\">\n          <div class=\"u-gallery-inner u-gallery-inner-1\">\n            <div class=\"u-effect-hover-zoom u-gallery-item\" data-image-width=\"2109\" data-image-height=\"1485\">\n              <div class=\"u-back-slide\">\n                <img decoding=\"async\" class=\"u-back-image u-expanded\" src=\"https:\/\/zsuzsakocsis.com\/wp-content\/uploads\/2025\/07\/Vizalatt-vadaszat.jpg\">\n              <\/div>\n              <div class=\"u-over-slide u-shading u-over-slide-1\"><\/div>\n            <\/div>\n            <div class=\"u-effect-hover-zoom u-gallery-item\" data-image-width=\"1890\" data-image-height=\"1390\">\n              <div class=\"u-back-slide\">\n                <img decoding=\"async\" class=\"u-back-image u-expanded\" src=\"https:\/\/zsuzsakocsis.com\/wp-content\/uploads\/2025\/07\/Tengerpart-II.jpg\">\n              <\/div>\n              <div class=\"u-over-slide u-shading u-over-slide-2\"><\/div>\n            <\/div>\n            <div class=\"u-effect-hover-zoom u-gallery-item\" data-image-width=\"1200\" data-image-height=\"1687\">\n              <div class=\"u-back-slide\">\n                <img decoding=\"async\" class=\"u-back-image u-expanded\" src=\"https:\/\/zsuzsakocsis.com\/wp-content\/uploads\/2025\/07\/Molo.jpg\">\n              <\/div>\n              <div class=\"u-over-slide u-shading u-over-slide-3\"><\/div>\n            <\/div>\n            <div class=\"u-effect-hover-zoom u-gallery-item\" data-image-width=\"2362\" data-image-height=\"1688\">\n              <div class=\"u-back-slide\">\n                <img decoding=\"async\" class=\"u-back-image u-expanded\" src=\"https:\/\/zsuzsakocsis.com\/wp-content\/uploads\/2025\/07\/Vizalatt.jpg\">\n              <\/div>\n              <div class=\"u-over-slide u-shading u-over-slide-4\"><\/div>\n            <\/div>\n            <div class=\"u-effect-hover-zoom u-gallery-item\" data-image-width=\"2362\" data-image-height=\"1750\">\n              <div class=\"u-back-slide\">\n                <img decoding=\"async\" class=\"u-back-image u-expanded\" src=\"https:\/\/zsuzsakocsis.com\/wp-content\/uploads\/2025\/07\/Tengerpart-III.jpg\">\n              <\/div>\n              <div class=\"u-over-slide u-shading u-over-slide-5\"><\/div>\n            <\/div>\n            <div class=\"u-effect-hover-zoom u-gallery-item\" data-image-width=\"2362\" data-image-height=\"1769\">\n              <div class=\"u-back-slide\">\n                <img decoding=\"async\" class=\"u-back-image u-expanded\" src=\"https:\/\/zsuzsakocsis.com\/wp-content\/uploads\/2025\/07\/Belso-tenger.jpg\">\n              <\/div>\n              <div class=\"u-over-slide u-shading u-over-slide-6\"><\/div>\n            <\/div>\n            <div class=\"u-effect-hover-zoom u-gallery-item\" data-image-width=\"787\" data-image-height=\"591\">\n              <div class=\"u-back-slide\">\n                <img decoding=\"async\" class=\"u-back-image u-expanded\" src=\"https:\/\/zsuzsakocsis.com\/wp-content\/uploads\/2025\/07\/Tengerpart-I.jpg\">\n              <\/div>\n              <div class=\"u-over-slide u-shading u-over-slide-7\"><\/div>\n            <\/div>\n          <\/div>\n        <\/div>\n        <p class=\"u-align-right u-text u-text-1\"><\/p>\n      <\/div>\n    <\/section>\n    \n    \n    \n  \n<\/div>","protected":false},"excerpt":{"rendered":"<p>T\u00e1jk\u00e9pek Horv\u00e1torsz\u00e1g K\u00e9peim a P\u00e9csi Tudom\u00e1nyegyetem M\u0171v\u00e9szeti Kar&nbsp; Doktori Iskola \u200b&#8221;\u00f6szt\u00f6nd\u00edj k\u00fclf\u00f6ldi alkot\u00f3h\u00e1zakba&#8221; program elnyer\u00e9s\u00e9vel k\u00e9sz\u00fcltek Horv\u00e1torsz\u00e1gban, a&nbsp;Zlatko Prica Vill\u00e1ban \u00e9s k\u00f6rny\u00e9k\u00e9n 2010-ben. Tengeri t\u00e1jaim \/ my seascapes&nbsp;&nbsp; &#8221;&nbsp; M\u00f3l\u00f3&nbsp; \/&nbsp; Pier&nbsp; &#8221;&nbsp;&nbsp; &nbsp;acril, and oil on canvas, mixed techique &#8221; Inside Sea &#8221;&nbsp; &nbsp; ecolin on paper My Seascapes &#8211;&nbsp; saturated colors in bright&hellip;&nbsp;<\/p>","protected":false},"author":2,"featured_media":0,"parent":0,"menu_order":0,"comment_status":"closed","ping_status":"closed","template":"","meta":{"neve_meta_sidebar":"","neve_meta_container":"","neve_meta_enable_content_width":"off","neve_meta_content_width":100,"neve_meta_title_alignment":"","neve_meta_author_avatar":"","neve_post_elements_order":"","neve_meta_disable_header":"","neve_meta_disable_footer":"","neve_meta_disable_title":"","footnotes":""},"class_list":["post-492","page","type-page","status-publish","hentry"],"_links":{"self":[{"href":"https:\/\/zsuzsakocsis.com\/en\/wp-json\/wp\/v2\/pages\/492","targetHints":{"allow":["GET"]}}],"collection":[{"href":"https:\/\/zsuzsakocsis.com\/en\/wp-json\/wp\/v2\/pages"}],"about":[{"href":"https:\/\/zsuzsakocsis.com\/en\/wp-json\/wp\/v2\/types\/page"}],"author":[{"embeddable":true,"href":"https:\/\/zsuzsakocsis.com\/en\/wp-json\/wp\/v2\/users\/2"}],"replies":[{"embeddable":true,"href":"https:\/\/zsuzsakocsis.com\/en\/wp-json\/wp\/v2\/comments?post=492"}],"version-history":[{"count":8,"href":"https:\/\/zsuzsakocsis.com\/en\/wp-json\/wp\/v2\/pages\/492\/revisions"}],"predecessor-version":[{"id":759,"href":"https:\/\/zsuzsakocsis.com\/en\/wp-json\/wp\/v2\/pages\/492\/revisions\/759"}],"wp:attachment":[{"href":"https:\/\/zsuzsakocsis.com\/en\/wp-json\/wp\/v2\/media?parent=492"}],"curies":[{"name":"wp","href":"https:\/\/api.w.org\/{rel}","templated":true}]}}