{"id":472,"date":"2025-08-01T12:50:26","date_gmt":"2025-08-01T12:50:26","guid":{"rendered":"https:\/\/zsuzsakocsis.com\/472-2\/"},"modified":"2026-02-21T18:45:33","modified_gmt":"2026-02-21T18:45:33","slug":"rolam","status":"publish","type":"page","link":"https:\/\/zsuzsakocsis.com\/en\/rolam\/","title":{"rendered":"About me"},"content":{"rendered":"<div class=\"\" style=\"\" >\n    \n    <section class=\"u-clearfix u-white u-section-2\" id=\"sec-0728\">\n      <div class=\"u-clearfix u-sheet u-valign-bottom-lg u-valign-bottom-md u-valign-bottom-sm u-valign-bottom-xs u-sheet-1\">\n        <h5 class=\"u-text u-text-default u-text-1\"> \" Pure color fascinates and motivates me.\u201d<\/h5>\n        <h1 class=\"u-text u-text-default u-text-2\">About me<\/h1>\n        <p class=\"u-text u-text-3\">I pose questions through form and color.<br>\n          <br>How can a form carry an inner world? <br>\n          <br>What happens when an object is not only to be looked at, but to be perceived?<br>\n          <br>For me, color is not decoration; it functions as an inner space \u2014 as if the object were \u201cthinking\u201d from within.\n        <\/p>\n        <img decoding=\"async\" class=\"u-image u-image-default u-image-1\" src=\"https:\/\/zsuzsakocsis.com\/wp-content\/uploads\/2025\/06\/1B2A9806-1365x2048.jpg\" alt=\"\" data-image-width=\"1200\" data-image-height=\"1800\" data-animation-name=\"customAnimationIn\" data-animation-duration=\"2000\" data-animation-delay=\"0\">\n        <p class=\"u-text u-text-4\">&nbsp;<b>My Studies&nbsp;&nbsp;<\/b>\n          <br>1994\u20131998  T\u00f6m\u00f6rk\u00e9ny Istv\u00e1n Secondary School of Art, Department of Ceramics, Szeged&nbsp;<br>1998\u20132000   Decorative Painter and Window Display Design School, Budapest<br>2000\u20132005   Moholy-Nagy University of Art and Design (MOME), Budapest \/ Silicate Design Department, Porcelain Design Program \/ Diploma&nbsp;<br>2003\u20132005   Herend Porcelain Manufactory \/ Designer Practical Training Course<br>2004   Holl\u00f3h\u00e1za Porcelain Manufactory \/ Designer Practical Training Course&nbsp;<br>2004   Institute of Fine Art and Design, Limerick, Ireland&nbsp;<br>2005   International Ceramic Studio, Kecskem\u00e9t&nbsp; &nbsp; &nbsp; &nbsp; &nbsp; &nbsp;&nbsp;<br>2008\u20132011  University of P\u00e9cs Faculty of Visual Arts Doctoral School \/ Painting Program\n\u2003\u2003Supervisors: Tolvaly Ern\u0151 (painter) and Bencsik Istv\u00e1n (sculptor, Professor Emeritus)\n\u2003\u2003Theoretical Co-supervisor: Fab\u00e9nyi J\u00falia&nbsp; &nbsp; &nbsp; &nbsp; &nbsp; &nbsp; &nbsp; &nbsp; &nbsp; &nbsp; &nbsp; &nbsp; &nbsp; &nbsp; &nbsp; &nbsp; &nbsp; &nbsp; &nbsp; &nbsp; &nbsp; &nbsp; &nbsp; &nbsp; &nbsp; &nbsp; &nbsp; &nbsp; &nbsp; &nbsp;&nbsp;<br>&nbsp; &nbsp; &nbsp; &nbsp; &nbsp; &nbsp; &nbsp; &nbsp; &nbsp; &nbsp; &nbsp; &nbsp; &nbsp; &nbsp;T\u00e9mavezet\u0151: Tolvaly Ern\u0151 fest\u0151m\u0171v\u00e9sz \u00e9s Bencsik Istv\u00e1n szobr\u00e1szm\u0171v\u00e9sz, Professor\nEmeritus&nbsp; &nbsp; &nbsp;<br>&nbsp; &nbsp; &nbsp; &nbsp; &nbsp; &nbsp; &nbsp; &nbsp; &nbsp; &nbsp; &nbsp; &nbsp; &nbsp; &nbsp;Elm\u00e9leti t\u00e1rs t\u00e9mavezet\u0151: Dr. Fab\u00e9nyi J\u00falia&nbsp; <br>\n          <br><b>Teaching Experience<\/b>\n          <br>2005\u20132007  Abig\u00e9l Primary Art School, Ny\u00edregyh\u00e1za, S\u00f3st\u00f3  \/ Ceramics: Theory and Practice&nbsp; &nbsp; &nbsp; &nbsp;<br>2007\u20132009   Moholy-Nagy University of Art and Design (MOME), Open University \/ Entrance Exam Preparation Course: Painting, Form Studies&nbsp; &nbsp; &nbsp; &nbsp;&nbsp;<br>2010\u20132011   University of P\u00e9cs Faculty of Arts \/ Free Drawing Course with Bencsik Istv\u00e1n\n&nbsp; &nbsp; &nbsp; &nbsp; &nbsp;<br>2011\u20132018   Budapest Metropolitan University \/ Ceramic Object Design, Sculpture, Form Studies&nbsp;<br>\n        <\/p>\n      <\/div>\n    <\/section>\n    <section class=\"u-align-center u-clearfix u-container-align-center u-section-3\" id=\"block-1\">\n      <div class=\"u-clearfix u-sheet u-valign-middle-lg u-valign-middle-md u-valign-middle-sm u-valign-middle-xs u-sheet-1\">\n        <h2 class=\"u-align-center u-text u-text-default u-text-1\">&nbsp;I do not create objects; I create situations. <\/h2>\n        <p class=\"u-align-center u-text u-text-2\">For me, ceramic, resin, metal, and pigment are not technical tools, but bodies that convey sensations. <\/p>\n        <div class=\"u-expanded-width u-gallery u-layout-grid u-lightbox u-show-text-on-hover u-gallery-1\">\n          <div class=\"u-gallery-inner u-gallery-inner-1\">\n            <div class=\"u-effect-fade u-gallery-item\">\n              <div class=\"u-back-slide\" data-image-width=\"1920\" data-image-height=\"2560\">\n                <img decoding=\"async\" class=\"u-back-image u-expanded\" src=\"https:\/\/zsuzsakocsis.com\/wp-content\/uploads\/2025\/09\/fekete-fehr2.jpg\">\n              <\/div>\n              <div class=\"u-over-slide u-shading u-over-slide-1\"><\/div>\n            <\/div>\n            <div class=\"u-effect-fade u-gallery-item\">\n              <div class=\"u-back-slide\" data-image-width=\"2953\" data-image-height=\"1965\">\n                <img decoding=\"async\" class=\"u-back-image u-expanded\" src=\"https:\/\/zsuzsakocsis.com\/wp-content\/uploads\/2025\/09\/fekete-fehr7-scaled.jpg\">\n              <\/div>\n              <div class=\"u-over-slide u-shading u-over-slide-2\"><\/div>\n            <\/div>\n            <div class=\"u-effect-fade u-gallery-item\">\n              <div class=\"u-back-slide\" data-image-width=\"4256\" data-image-height=\"2832\">\n                <img decoding=\"async\" class=\"u-back-image u-expanded\" src=\"https:\/\/zsuzsakocsis.com\/wp-content\/uploads\/2025\/09\/fekete-fehr1-scaled.jpg\">\n              <\/div>\n              <div class=\"u-over-slide u-shading u-over-slide-3\"><\/div>\n            <\/div>\n            <div class=\"u-effect-fade u-gallery-item\">\n              <div class=\"u-back-slide\" data-image-width=\"1901\" data-image-height=\"2953\">\n                <img decoding=\"async\" class=\"u-back-image u-expanded\" src=\"https:\/\/zsuzsakocsis.com\/wp-content\/uploads\/2025\/09\/munka1-scaled.jpg\">\n              <\/div>\n              <div class=\"u-over-slide u-shading u-over-slide-4\"><\/div>\n            <\/div>\n            <div class=\"u-effect-fade u-gallery-item\">\n              <div class=\"u-back-slide\" data-image-width=\"3072\" data-image-height=\"2304\">\n                <img decoding=\"async\" class=\"u-back-image u-expanded\" src=\"https:\/\/zsuzsakocsis.com\/wp-content\/uploads\/2025\/09\/fekete-fehr3-scaled.jpg\">\n              <\/div>\n              <div class=\"u-over-slide u-shading u-over-slide-5\"><\/div>\n            <\/div>\n            <div class=\"u-effect-fade u-gallery-item\">\n              <div class=\"u-back-slide\" data-image-width=\"591\" data-image-height=\"1280\">\n                <img decoding=\"async\" class=\"u-back-image u-expanded\" src=\"https:\/\/zsuzsakocsis.com\/wp-content\/uploads\/2025\/09\/26208.09.png\">\n              <\/div>\n              <div class=\"u-over-slide u-shading u-over-slide-6\"><\/div>\n            <\/div>\n          <\/div>\n        <\/div>\n        <div class=\"u-expanded-width u-gallery u-layout-grid u-lightbox u-no-transition u-show-text-none u-gallery-2\">\n          <div class=\"u-gallery-inner u-gallery-inner-2\">\n            <div class=\"u-effect-hover-zoom u-gallery-item\">\n              <div class=\"u-back-slide\" data-image-width=\"1732\" data-image-height=\"1403\">\n                <img decoding=\"async\" class=\"u-back-image u-expanded\" src=\"https:\/\/zsuzsakocsis.com\/wp-content\/uploads\/2025\/09\/webre1.jpg\">\n              <\/div>\n              <div class=\"u-over-slide u-shading u-over-slide-7\"><\/div>\n            <\/div>\n            <div class=\"u-effect-hover-zoom u-gallery-item\">\n              <div class=\"u-back-slide\" data-image-width=\"803\" data-image-height=\"834\">\n                <img decoding=\"async\" class=\"u-back-image u-expanded\" src=\"https:\/\/zsuzsakocsis.com\/wp-content\/uploads\/2025\/09\/sszefoglal-1.jpg\">\n              <\/div>\n              <div class=\"u-over-slide u-shading u-over-slide-8\"><\/div>\n            <\/div>\n            <div class=\"u-effect-hover-zoom u-gallery-item\">\n              <div class=\"u-back-slide\" data-image-width=\"2283\" data-image-height=\"1654\">\n                <img decoding=\"async\" class=\"u-back-image u-expanded\" src=\"https:\/\/zsuzsakocsis.com\/wp-content\/uploads\/2025\/09\/sszegzs.jpg\">\n              <\/div>\n              <div class=\"u-over-slide u-shading u-over-slide-9\"><\/div>\n            <\/div>\n            <div class=\"u-effect-hover-zoom u-gallery-item\" data-image-width=\"1654\" data-image-height=\"1187\">\n              <div class=\"u-back-slide\">\n                <img decoding=\"async\" class=\"u-back-image u-expanded\" src=\"https:\/\/zsuzsakocsis.com\/wp-content\/uploads\/2025\/09\/Falidekorci_vezetiirodaITC.jpg\">\n              <\/div>\n              <div class=\"u-over-slide u-shading u-over-slide-10\"><\/div>\n            <\/div>\n            <div class=\"u-effect-hover-zoom u-gallery-item\">\n              <div class=\"u-back-slide\" data-image-width=\"1654\" data-image-height=\"1169\">\n                <img decoding=\"async\" class=\"u-back-image u-expanded\" src=\"https:\/\/zsuzsakocsis.com\/wp-content\/uploads\/2025\/09\/workshop.jpg\">\n              <\/div>\n              <div class=\"u-over-slide u-shading u-over-slide-11\"><\/div>\n            <\/div>\n            <div class=\"u-effect-hover-zoom u-gallery-item\">\n              <div class=\"u-back-slide\" data-image-width=\"2283\" data-image-height=\"1654\">\n                <img decoding=\"async\" class=\"u-back-image u-expanded\" src=\"https:\/\/zsuzsakocsis.com\/wp-content\/uploads\/2025\/09\/sszegzs2.jpg\">\n              <\/div>\n              <div class=\"u-over-slide u-shading u-over-slide-12\"><\/div>\n            <\/div>\n          <\/div>\n        <\/div>\n      <\/div>\n    <\/section>\n    \n    \n    \n  \n<\/div>","protected":false},"excerpt":{"rendered":"<p>\u201e A tiszta sz\u00edn leny\u0171g\u00f6z \u00e9s motiv\u00e1l.\u201d R\u00f3lam K\u00e9rd\u00e9seket teszek fel form\u00e1ban \u00e9s sz\u00ednben. Hogyan k\u00e9pes egy forma bels\u0151 vil\u00e1got hordozni?\u201d Mi t\u00f6rt\u00e9nik, ha egy t\u00e1rgy nemcsak n\u00e9zend\u0151, hanem \u00e9rz\u00e9kelend\u0151? A sz\u00edn n\u00e1lam nem dekor\u00e1ci\u00f3 hanem bels\u0151 t\u00e9rk\u00e9nt m\u0171k\u00f6dik\u2013 mintha a t\u00e1rgy bel\u00fclr\u0151l \u201egondolkodna\u201d. &nbsp;Tanulm\u00e1nyaim&nbsp;&nbsp; 1994-98&nbsp; &nbsp; &nbsp; &nbsp; &nbsp; T\u00f6m\u00f6rk\u00e9ny Istv\u00e1n M\u0171v\u00e9szeti Szakk\u00f6z\u00e9piskola, ker\u00e1mia&hellip;&nbsp;<\/p>","protected":false},"author":2,"featured_media":0,"parent":0,"menu_order":0,"comment_status":"closed","ping_status":"closed","template":"","meta":{"neve_meta_sidebar":"","neve_meta_container":"","neve_meta_enable_content_width":"off","neve_meta_content_width":100,"neve_meta_title_alignment":"","neve_meta_author_avatar":"","neve_post_elements_order":"","neve_meta_disable_header":"","neve_meta_disable_footer":"","neve_meta_disable_title":"","footnotes":""},"class_list":["post-472","page","type-page","status-publish","hentry"],"_links":{"self":[{"href":"https:\/\/zsuzsakocsis.com\/en\/wp-json\/wp\/v2\/pages\/472","targetHints":{"allow":["GET"]}}],"collection":[{"href":"https:\/\/zsuzsakocsis.com\/en\/wp-json\/wp\/v2\/pages"}],"about":[{"href":"https:\/\/zsuzsakocsis.com\/en\/wp-json\/wp\/v2\/types\/page"}],"author":[{"embeddable":true,"href":"https:\/\/zsuzsakocsis.com\/en\/wp-json\/wp\/v2\/users\/2"}],"replies":[{"embeddable":true,"href":"https:\/\/zsuzsakocsis.com\/en\/wp-json\/wp\/v2\/comments?post=472"}],"version-history":[{"count":11,"href":"https:\/\/zsuzsakocsis.com\/en\/wp-json\/wp\/v2\/pages\/472\/revisions"}],"predecessor-version":[{"id":1196,"href":"https:\/\/zsuzsakocsis.com\/en\/wp-json\/wp\/v2\/pages\/472\/revisions\/1196"}],"wp:attachment":[{"href":"https:\/\/zsuzsakocsis.com\/en\/wp-json\/wp\/v2\/media?parent=472"}],"curies":[{"name":"wp","href":"https:\/\/api.w.org\/{rel}","templated":true}]}}