{"id":422,"date":"2025-08-01T12:21:12","date_gmt":"2025-08-01T12:21:12","guid":{"rendered":"https:\/\/zsuzsakocsis.com\/?page_id=422"},"modified":"2025-09-03T08:46:02","modified_gmt":"2025-09-03T08:46:02","slug":"res","status":"publish","type":"page","link":"https:\/\/zsuzsakocsis.com\/en\/res\/","title":{"rendered":"Rift"},"content":{"rendered":"<div class=\"\" style=\"\" >\n    \n    <section class=\"u-clearfix u-white u-section-2\" id=\"sec-0728\">\n      <div class=\"u-clearfix u-sheet u-valign-middle-lg u-valign-middle-md u-valign-middle-sm u-sheet-1\">\n        <h5 class=\"u-text u-text-default u-text-1\"> Ultramarine Blue Sculpture<\/h5>\n        <h1 class=\"u-text u-text-default u-text-2\">Rift<\/h1>\n        <p class=\"u-text u-text-3\"> This sculpture was realized as the winning entry of the \u201c21 Dialogues \u2013 Public Art\u201d competition and is installed at the side of the Fordan Center in P\u00e9cs.&nbsp;<br>&nbsp;\/ Produced by: Terra Ungheria Ceramic Manufactory, P\u00e9csv\u00e1rad \/&nbsp;&nbsp;<br>\n          <br>The motif of a staircase that has lost its function inspired the realization of this work.\nBy exploring the relationship between ultramarine blue and black, I experienced the intense, almost mystical spatial effect created by these two colors.\nBlue comes alive through black, pulsing so powerfully that the contours of form dissolve, while black seems to suspend the blue mass before itself.\nThis optical phenomenon serves to articulate the core idea of the work: the possibility of passage into a fictive space.<br>\n        <\/p>\n        <img decoding=\"async\" class=\"u-image u-image-default u-image-1\" src=\"https:\/\/zsuzsakocsis.com\/wp-content\/uploads\/2025\/08\/Helyszin1.jpg\" alt=\"\" data-image-width=\"1768\" data-image-height=\"1324\" data-animation-name=\"customAnimationIn\" data-animation-duration=\"2000\" data-animation-delay=\"0\">\n      <\/div>\n    <\/section>\n    <section class=\"u-clearfix u-white u-section-3\" id=\"sec-3d5d\">\n      <div class=\"u-clearfix u-sheet u-valign-middle-lg u-valign-middle-md u-valign-middle-sm u-valign-middle-xs u-sheet-1\">\n        <div class=\"data-layout-selected u-clearfix u-expanded-width u-layout-wrap u-layout-wrap-1\">\n          <div class=\"u-layout\">\n            <div class=\"u-layout-row\">\n              <div class=\"u-container-style u-layout-cell u-size-24 u-layout-cell-1\">\n                <div class=\"u-container-layout u-valign-top u-container-layout-1\">\n                  <img decoding=\"async\" class=\"u-image u-image-default u-image-1\" src=\"https:\/\/zsuzsakocsis.com\/wp-content\/uploads\/2025\/08\/DSC_0106-scaled.jpg\" alt=\"\" data-image-width=\"2848\" data-image-height=\"4288\" data-animation-name=\"customAnimationIn\" data-animation-duration=\"2000\" data-animation-delay=\"0\">\n                  <h5 class=\"u-text u-text-1\"> \u201cCellular proximity \u2013&nbsp;<br>cosmic distance.\u201d\n                  <\/h5>\n                  <p class=\"u-text u-text-2\"> The force of color opens a passage toward infinity. What unfolds when ultramarine encounters black?<\/p>\n                <\/div>\n              <\/div>\n              <div class=\"u-align-right u-container-align-right u-container-style u-layout-cell u-size-36 u-layout-cell-2\">\n                <div class=\"u-container-layout u-valign-top-sm u-valign-top-xs u-container-layout-2\">\n                  <p class=\"u-text u-text-3\">Hand-formed from ceramic and special sculptural concrete.\nIts surface was created experimentally using a unique technique.<br>&nbsp; Dimensions: 300 \u00d7 330 cm\nFordan Center, P\u00e9cs, 2010 \n                  <\/p>\n                  <img decoding=\"async\" class=\"u-expanded-width u-image u-image-default u-image-2\" src=\"https:\/\/zsuzsakocsis.com\/wp-content\/uploads\/2025\/08\/2-1.jpg\" alt=\"\" data-image-width=\"1089\" data-image-height=\"814\" data-animation-name=\"fadeIn\" data-animation-duration=\"2000\" data-animation-delay=\"0\">\n                <\/div>\n              <\/div>\n            <\/div>\n          <\/div>\n        <\/div>\n      <\/div>\n    <\/section>\n    <section class=\"skrollable u-clearfix u-image u-parallax u-section-4\" id=\"sec-77cd\" data-image-width=\"750\" data-image-height=\"1000\" style=\"background-image: url(&quot;https:\/\/zsuzsakocsis.com\/wp-content\/uploads\/2025\/08\/14.jpg&quot;);\">\n      <div class=\"u-clearfix u-sheet u-sheet-1\"><\/div>\n    <\/section>\n    <section class=\"u-clearfix u-section-5\" id=\"sec-33f2\">\n      <div class=\"u-clearfix u-sheet u-valign-middle-lg u-valign-middle-md u-valign-middle-sm u-valign-middle-xs u-sheet-1\">\n        <h3 class=\"u-align-left u-text u-text-default u-text-1\"> Ceramics, resin, metal and pigment are not technical tools for me, but bodies that convey feelings.&nbsp;<br>\u201cI don\u2019t make objects, I create situations.\u201d\n        <\/h3>\n        <p class=\"u-align-left u-text u-text-2\"><i>&nbsp;The staircase that lost its function\nmotivated me to creat this work.<br> By examining the relationship between ultramarine blue and black, I experienced\nthe intense, for me mystical, spatial effect created by these two colors\u2014a\nsense of passage into a fictional space.<br> This intense effect encourages the viewer to investigate, to come closer,\nthereby reintegrating the forsaken structure\u2014the staircase\u2014into its original\nfunction.<br>\n            <br>This neglected space is usually the domain of hurried passersby, whose\nattention is captured by the hypnotic effect of the blue, slowing their steps.\nThus, the space is expanded not only towards itself but also influences the\nplane of time.<\/i>\n        <\/p>\n      <\/div>\n    <\/section>\n    <section class=\"u-clearfix u-white u-section-6\" id=\"sec-5b2f\">\n      <div class=\"u-clearfix u-sheet u-sheet-1\">\n        <p class=\"u-align-right u-text u-text-1\"><\/p>\n        <div class=\"u-expanded-width u-gallery u-layout-grid u-lightbox u-no-transition u-show-text-none u-gallery-1\">\n          <div class=\"u-gallery-inner u-gallery-inner-1\">\n            <div class=\"u-effect-hover-zoom u-gallery-item\" data-image-width=\"750\" data-image-height=\"1000\">\n              <div class=\"u-back-slide\">\n                <img decoding=\"async\" class=\"u-back-image u-expanded\" src=\"https:\/\/zsuzsakocsis.com\/wp-content\/uploads\/2025\/08\/14-1.jpg\">\n              <\/div>\n              <div class=\"u-over-slide u-shading u-over-slide-1\"><\/div>\n            <\/div>\n            <div class=\"u-effect-hover-zoom u-gallery-item\" data-image-width=\"128\" data-image-height=\"128\">\n              <div class=\"u-back-slide\" data-image-width=\"666\" data-image-height=\"1000\">\n                <img decoding=\"async\" class=\"u-back-image u-expanded\" src=\"https:\/\/zsuzsakocsis.com\/wp-content\/uploads\/2025\/08\/13.jpg\">\n              <\/div>\n              <div class=\"u-over-slide u-shading u-over-slide-2\"><\/div>\n            <\/div>\n            <div class=\"u-effect-hover-zoom u-gallery-item\" data-image-width=\"1200\" data-image-height=\"1600\">\n              <div class=\"u-back-slide\">\n                <img decoding=\"async\" class=\"u-back-image u-expanded\" src=\"https:\/\/zsuzsakocsis.com\/wp-content\/uploads\/2025\/08\/IMGP0946.jpg\">\n              <\/div>\n              <div class=\"u-over-slide u-shading u-over-slide-3\"><\/div>\n            <\/div>\n            <div class=\"u-effect-hover-zoom u-gallery-item\" data-image-width=\"1275\" data-image-height=\"717\">\n              <div class=\"u-back-slide\">\n                <img decoding=\"async\" class=\"u-back-image u-expanded\" src=\"https:\/\/zsuzsakocsis.com\/wp-content\/uploads\/2025\/08\/1-2.jpg\">\n              <\/div>\n              <div class=\"u-over-slide u-shading u-over-slide-4\"><\/div>\n            <\/div>\n            <div class=\"u-effect-hover-zoom u-gallery-item\" data-image-width=\"1768\" data-image-height=\"1324\">\n              <div class=\"u-back-slide\">\n                <img decoding=\"async\" class=\"u-back-image u-expanded\" src=\"https:\/\/zsuzsakocsis.com\/wp-content\/uploads\/2025\/08\/Helyszin1-1.jpg\">\n              <\/div>\n              <div class=\"u-over-slide u-shading u-over-slide-5\"><\/div>\n            <\/div>\n            <div class=\"u-effect-hover-zoom u-gallery-item\" data-image-width=\"2628\" data-image-height=\"2150\">\n              <div class=\"u-back-slide\">\n                <img decoding=\"async\" class=\"u-back-image u-expanded\" src=\"https:\/\/zsuzsakocsis.com\/wp-content\/uploads\/2025\/08\/Helyszin2-1-scaled.jpg\">\n              <\/div>\n              <div class=\"u-over-slide u-shading u-over-slide-6\"><\/div>\n            <\/div>\n            <div class=\"u-effect-hover-zoom u-gallery-item\" data-image-width=\"3072\" data-image-height=\"2304\">\n              <div class=\"u-back-slide\">\n                <img decoding=\"async\" class=\"u-back-image u-expanded\" src=\"https:\/\/zsuzsakocsis.com\/wp-content\/uploads\/2025\/08\/DSC08513-scaled.jpg\">\n              <\/div>\n              <div class=\"u-over-slide u-shading u-over-slide-7\"><\/div>\n            <\/div>\n            <div class=\"u-effect-hover-zoom u-gallery-item\" data-image-width=\"3072\" data-image-height=\"2304\">\n              <div class=\"u-back-slide\">\n                <img decoding=\"async\" class=\"u-back-image u-expanded\" src=\"https:\/\/zsuzsakocsis.com\/wp-content\/uploads\/2025\/08\/beton-1-scaled.jpg\">\n              <\/div>\n              <div class=\"u-over-slide u-shading u-over-slide-8\"><\/div>\n            <\/div>\n            <div class=\"u-effect-hover-zoom u-gallery-item\" data-image-width=\"4256\" data-image-height=\"2832\">\n              <div class=\"u-back-slide\">\n                <img decoding=\"async\" class=\"u-back-image u-expanded\" src=\"https:\/\/zsuzsakocsis.com\/wp-content\/uploads\/2025\/08\/DSC_3850-scaled.jpg\">\n              <\/div>\n              <div class=\"u-over-slide u-shading u-over-slide-9\"><\/div>\n            <\/div>\n            <div class=\"u-effect-hover-zoom u-gallery-item\" data-image-width=\"1024\" data-image-height=\"768\">\n              <div class=\"u-back-slide\">\n                <img decoding=\"async\" class=\"u-back-image u-expanded\" src=\"https:\/\/zsuzsakocsis.com\/wp-content\/uploads\/2025\/08\/keramia.jpg\">\n              <\/div>\n              <div class=\"u-over-slide u-shading u-over-slide-10\"><\/div>\n            <\/div>\n            <div class=\"u-effect-hover-zoom u-gallery-item\" data-image-width=\"4256\" data-image-height=\"2832\">\n              <div class=\"u-back-slide\" data-image-width=\"1654\" data-image-height=\"2339\">\n                <img decoding=\"async\" class=\"u-back-image u-expanded\" src=\"https:\/\/zsuzsakocsis.com\/wp-content\/uploads\/2025\/08\/kep1.jpg\">\n              <\/div>\n              <div class=\"u-over-slide u-shading u-over-slide-11\"><\/div>\n            <\/div>\n          <\/div>\n        <\/div>\n      <\/div>\n    <\/section>\n    \n    \n    \n  \n<\/div>","protected":false},"excerpt":{"rendered":"<p>Ultramarink\u00e9k plasztika R\u00e9s Ez a plasztika a &#8221; 21 P\u00e1rbesz\u00e9d &#8211; public art &#8221; p\u00e1ly\u00e1zat nyertes munk\u00e1ja k\u00e9nt val\u00f3sulhatott meg a Fordan Center oldal\u00e1n P\u00e9csett.&nbsp;&nbsp;\/ Terra Ungheria ker\u00e1mia manufakt\u00fara, P\u00e9csv\u00e1rad \/ .&nbsp;&nbsp; A funkci\u00f3j\u00e1t vesztett l\u00e9pcs\u0151 motiv\u00e1lt munk\u00e1m megval\u00f3s\u00edt\u00e1s\u00e1ban. Az ultramarink\u00e9k \u00e9s a fekete viszony\u00e1t vizsg\u00e1lva tapasztaltam meg a k\u00e9t sz\u00edn intenz\u00edv, sz\u00e1momra misztikus atmoszf\u00e9r\u00e1j\u00fa&hellip;&nbsp;<\/p>","protected":false},"author":2,"featured_media":0,"parent":0,"menu_order":0,"comment_status":"closed","ping_status":"closed","template":"","meta":{"neve_meta_sidebar":"","neve_meta_container":"","neve_meta_enable_content_width":"off","neve_meta_content_width":100,"neve_meta_title_alignment":"","neve_meta_author_avatar":"","neve_post_elements_order":"","neve_meta_disable_header":"","neve_meta_disable_footer":"","neve_meta_disable_title":"","footnotes":""},"class_list":["post-422","page","type-page","status-publish","hentry"],"_links":{"self":[{"href":"https:\/\/zsuzsakocsis.com\/en\/wp-json\/wp\/v2\/pages\/422","targetHints":{"allow":["GET"]}}],"collection":[{"href":"https:\/\/zsuzsakocsis.com\/en\/wp-json\/wp\/v2\/pages"}],"about":[{"href":"https:\/\/zsuzsakocsis.com\/en\/wp-json\/wp\/v2\/types\/page"}],"author":[{"embeddable":true,"href":"https:\/\/zsuzsakocsis.com\/en\/wp-json\/wp\/v2\/users\/2"}],"replies":[{"embeddable":true,"href":"https:\/\/zsuzsakocsis.com\/en\/wp-json\/wp\/v2\/comments?post=422"}],"version-history":[{"count":5,"href":"https:\/\/zsuzsakocsis.com\/en\/wp-json\/wp\/v2\/pages\/422\/revisions"}],"predecessor-version":[{"id":770,"href":"https:\/\/zsuzsakocsis.com\/en\/wp-json\/wp\/v2\/pages\/422\/revisions\/770"}],"wp:attachment":[{"href":"https:\/\/zsuzsakocsis.com\/en\/wp-json\/wp\/v2\/media?parent=422"}],"curies":[{"name":"wp","href":"https:\/\/api.w.org\/{rel}","templated":true}]}}