{"id":417,"date":"2025-08-01T11:59:41","date_gmt":"2025-08-01T11:59:41","guid":{"rendered":"https:\/\/zsuzsakocsis.com\/?page_id=417"},"modified":"2026-04-29T21:45:05","modified_gmt":"2026-04-29T21:45:05","slug":"egi-jelensegek","status":"publish","type":"page","link":"https:\/\/zsuzsakocsis.com\/en\/egi-jelensegek\/","title":{"rendered":"\u00c9gi jelens\u00e9gek"},"content":{"rendered":"<div class=\"\" style=\"\" >\n    \n    <section class=\"u-clearfix u-white u-section-2\" id=\"sec-0728\">\n      <div class=\"u-clearfix u-sheet u-valign-bottom-xl u-valign-middle-lg u-valign-middle-md u-sheet-1\">\n        <h5 class=\"u-text u-text-default u-text-1\"> Atmospheric Visions<\/h5>\n        <h1 class=\"u-text u-text-default u-text-2\"> Celestial Phenomena&nbsp;<br>La Luna\n        <\/h1>\n        <p class=\"u-text u-text-3\"> The objects in the series evoke celestial bodies\u2014both visible (the Moon, the Sun) and invisible planets\u2014set within varying atmospheric environments. Through the continuous transformation of positive and negative forms, they recall planets revolving in infinite space. <br>Through their visual language, material presence, and the notion of mobility, the works resonate with the realm of automotive design. Each sculpture showcases automotive paint finishes in a distilled, representative form.<br>\n          <br>Black \u2013 BMW\nBlue \u2013 Audi\nSilver \u2013 Volkswagen, SEAT<br>\n          <br>\n          <br>\n        <\/p>\n        <img decoding=\"async\" class=\"u-image u-image-default u-image-1\" src=\"https:\/\/zsuzsakocsis.com\/wp-content\/uploads\/2025\/06\/1B2A9653-1365x2048.jpg\" alt=\"\" data-image-width=\"1200\" data-image-height=\"1800\" data-animation-name=\"customAnimationIn\" data-animation-duration=\"2000\" data-animation-delay=\"0\">\n      <\/div>\n    <\/section>\n    <section class=\"u-clearfix u-white u-section-3\" id=\"sec-3d5d\">\n      <div class=\"u-clearfix u-sheet u-valign-middle-lg u-valign-middle-md u-valign-middle-sm u-valign-middle-xs u-valign-top-xl u-sheet-1\">\n        <div class=\"data-layout-selected u-clearfix u-expanded-width u-layout-wrap u-layout-wrap-1\">\n          <div class=\"u-layout\">\n            <div class=\"u-layout-row\">\n              <div class=\"u-container-style u-layout-cell u-size-24 u-layout-cell-1\">\n                <div class=\"u-container-layout u-valign-top u-container-layout-1\">\n                  <img decoding=\"async\" class=\"u-image u-image-default u-image-1\" src=\"https:\/\/zsuzsakocsis.com\/wp-content\/uploads\/2025\/06\/1B2A9718-1365x2048.jpg\" alt=\"\" data-image-width=\"1200\" data-image-height=\"1800\" data-animation-name=\"customAnimationIn\" data-animation-duration=\"2000\" data-animation-delay=\"0\">\n                  <h5 class=\"u-text u-text-1\"> \u201cQuestion and Response\u201d&nbsp;<br>\n                  <\/h5>\n                  <p class=\"u-text u-text-2\"> Through the play of positive and negative forms, the two poles\u2014like the opposition of male and female\u2014give rise to an unusual vision.\nAn illusion of floating.<\/p>\n                <\/div>\n              <\/div>\n              <div class=\"u-align-right u-container-align-right u-container-style u-layout-cell u-size-36 u-layout-cell-2\">\n                <div class=\"u-container-layout u-valign-top-sm u-valign-top-xs u-container-layout-2\">\n                  <p class=\"u-text u-text-3\">\n                    <br>I experimented with shimmering, reflective surfaces, observing the chance visions created by the encounter of object and light upon the form.<br>The works were realized in two different materials: the larger, wall-mounted pieces are made of resin with automotive lacquer finishes, while the smaller,<br>&nbsp;tabletop versions are cast in concrete and treated with painterly surface techniques.<br>&nbsp;Microcosms emerge within the interior space.\n                  <\/p>\n                  <img decoding=\"async\" class=\"u-expanded-width u-image u-image-default u-image-2\" src=\"https:\/\/zsuzsakocsis.com\/wp-content\/uploads\/2025\/08\/webre1-1-scaled.jpg\" alt=\"\" data-image-width=\"4032\" data-image-height=\"3024\" data-animation-name=\"fadeIn\" data-animation-duration=\"2000\" data-animation-delay=\"0\">\n                <\/div>\n              <\/div>\n            <\/div>\n          <\/div>\n        <\/div>\n      <\/div>\n    <\/section>\n    <section class=\"skrollable u-clearfix u-image u-parallax u-section-4\" id=\"sec-77cd\" data-image-width=\"2561\" data-image-height=\"1440\" style=\"background-image: url(&quot;https:\/\/zsuzsakocsis.com\/wp-content\/uploads\/2025\/07\/Nevtelenterv2.png&quot;);\">\n      <div class=\"u-clearfix u-sheet u-sheet-1\"><\/div>\n    <\/section>\n    <section class=\"u-clearfix u-container-align-left u-section-5\" id=\"sec-33f2\">\n      <div class=\"u-clearfix u-sheet u-valign-middle-lg u-valign-middle-md u-valign-middle-sm u-valign-middle-xs u-sheet-1\">\n        <h3 class=\"u-align-left u-text u-text-default u-text-1\"> Dialogue<br> Two poles - like the contrast between male and female - give rise to&nbsp;&nbsp;<br>a striking vision through the interplay of positive and negative forms. An illusion of endless suspension and movement.&nbsp;\n        <\/h3>\n        <p class=\"u-align-left u-text u-text-default u-text-2\">The&nbsp; objects in the&nbsp; series&nbsp; embody&nbsp; celestial bodies - both&nbsp; visible&nbsp; ( the Moon,&nbsp; the Sun ) and invisible planets - set&nbsp; within&nbsp; shifting atmospheric environments. Through the continuous transformation of positive and negative forms, they&nbsp; evoke&nbsp; planets&nbsp; rotating in the infinity of&nbsp; space.\nI experimented with&nbsp; shimmering,&nbsp; reflective&nbsp; surfaces,&nbsp; observing the chance-born visions&nbsp; created&nbsp; by the interplay of object and light upon the form. The works were realized in two&nbsp; materials: the&nbsp; larger, wall-mounted pieces&nbsp; are cast in resin and finished with automotive lacquer, while the smaller, table-top versions are made of concrete, their surfaces treated with painterly techniques.\nThe series engages with the concept of&nbsp; mobility through its appearance,&nbsp; materiality, and underlying notion of movement. The sculptures present automotive paint finishes in a representative&nbsp; way:&nbsp;<br>black \u2013 BMW, blue \u2013 Audi,&nbsp; silver \u2013 Volkswagen, Seat. <br>In some places, the drawings are only just begun, serving to define and give form to the patch.\n        <\/p>\n      <\/div>\n    <\/section>\n    <section class=\"u-clearfix u-white u-section-6\" id=\"sec-5b2f\">\n      <div class=\"u-clearfix u-sheet u-valign-bottom u-sheet-1\">\n        <p class=\"u-align-right u-text u-text-1\"><\/p>\n        <div class=\"u-expanded-width u-gallery u-layout-grid u-lightbox u-no-transition u-show-text-none u-gallery-1\">\n          <div class=\"u-gallery-inner u-gallery-inner-1\">\n            <div class=\"u-effect-hover-zoom u-gallery-item\">\n              <div class=\"u-back-slide\" data-image-width=\"1200\" data-image-height=\"1800\">\n                <img decoding=\"async\" class=\"u-back-image u-expanded\" src=\"https:\/\/zsuzsakocsis.com\/wp-content\/uploads\/2025\/06\/1B2A9718-1365x2048.jpg\">\n              <\/div>\n              <div class=\"u-over-slide u-shading u-over-slide-1\"><\/div>\n            <\/div>\n            <div class=\"u-effect-hover-zoom u-gallery-item\" data-image-width=\"894\" data-image-height=\"626\">\n              <div class=\"u-back-slide\" data-image-width=\"1200\" data-image-height=\"1800\">\n                <img decoding=\"async\" class=\"u-back-image u-expanded\" src=\"https:\/\/zsuzsakocsis.com\/wp-content\/uploads\/2025\/06\/1B2A9663-1365x2048.jpg\">\n              <\/div>\n              <div class=\"u-over-slide u-shading u-over-slide-2\"><\/div>\n            <\/div>\n            <div class=\"u-effect-hover-zoom u-gallery-item\" data-image-width=\"1200\" data-image-height=\"1800\">\n              <div class=\"u-back-slide\">\n                <img decoding=\"async\" class=\"u-back-image u-expanded\" src=\"https:\/\/zsuzsakocsis.com\/wp-content\/uploads\/2025\/06\/1B2A9709-1365x2048.jpg\">\n              <\/div>\n              <div class=\"u-over-slide u-shading u-over-slide-3\"><\/div>\n            <\/div>\n            <div class=\"u-effect-hover-zoom u-gallery-item\" data-image-width=\"1200\" data-image-height=\"1800\">\n              <div class=\"u-back-slide\">\n                <img decoding=\"async\" class=\"u-back-image u-expanded\" src=\"https:\/\/zsuzsakocsis.com\/wp-content\/uploads\/2025\/06\/1B2A9752-1365x2048.jpg\">\n              <\/div>\n              <div class=\"u-over-slide u-shading u-over-slide-4\"><\/div>\n            <\/div>\n            <div class=\"u-effect-hover-zoom u-gallery-item\" data-image-width=\"1200\" data-image-height=\"1800\">\n              <div class=\"u-back-slide\">\n                <img decoding=\"async\" class=\"u-back-image u-expanded\" src=\"https:\/\/zsuzsakocsis.com\/wp-content\/uploads\/2025\/06\/1B2A9806-1365x2048.jpg\">\n              <\/div>\n              <div class=\"u-over-slide u-shading u-over-slide-5\"><\/div>\n            <\/div>\n            <div class=\"u-effect-hover-zoom u-gallery-item\" data-image-width=\"1200\" data-image-height=\"1800\">\n              <div class=\"u-back-slide\">\n                <img decoding=\"async\" class=\"u-back-image u-expanded\" src=\"https:\/\/zsuzsakocsis.com\/wp-content\/uploads\/2025\/06\/1B2A9827-1365x2048.jpg\">\n              <\/div>\n              <div class=\"u-over-slide u-shading u-over-slide-6\"><\/div>\n            <\/div>\n            <div class=\"u-effect-hover-zoom u-gallery-item\" data-image-width=\"1200\" data-image-height=\"1800\">\n              <div class=\"u-back-slide\">\n                <img decoding=\"async\" class=\"u-back-image u-expanded\" src=\"https:\/\/zsuzsakocsis.com\/wp-content\/uploads\/2025\/06\/1B2A9837-1365x2048.jpg\">\n              <\/div>\n              <div class=\"u-over-slide u-shading u-over-slide-7\"><\/div>\n            <\/div>\n            <div class=\"u-effect-hover-zoom u-gallery-item\" data-image-width=\"1200\" data-image-height=\"1800\">\n              <div class=\"u-back-slide\" data-image-width=\"640\" data-image-height=\"588\">\n                <img decoding=\"async\" class=\"u-back-image u-expanded\" src=\"https:\/\/zsuzsakocsis.com\/wp-content\/uploads\/2025\/09\/7.Fekete.jpg\">\n              <\/div>\n              <div class=\"u-over-slide u-shading u-over-slide-8\"><\/div>\n            <\/div>\n            <div class=\"u-effect-hover-zoom u-gallery-item\" data-image-width=\"1707\" data-image-height=\"2560\">\n              <div class=\"u-back-slide\">\n                <img decoding=\"async\" class=\"u-back-image u-expanded\" src=\"https:\/\/zsuzsakocsis.com\/wp-content\/uploads\/2025\/06\/1B2A9785-scaled.jpg\">\n              <\/div>\n              <div class=\"u-over-slide u-shading u-over-slide-9\"><\/div>\n            <\/div>\n            <div class=\"u-effect-hover-zoom u-gallery-item\" data-image-width=\"4032\" data-image-height=\"3024\">\n              <div class=\"u-back-slide\" data-image-width=\"1651\" data-image-height=\"1541\">\n                <img decoding=\"async\" class=\"u-back-image u-expanded\" src=\"https:\/\/zsuzsakocsis.com\/wp-content\/uploads\/2025\/09\/1.Holdfeny.jpg\">\n              <\/div>\n              <div class=\"u-over-slide u-shading u-over-slide-10\"><\/div>\n            <\/div>\n            <div class=\"u-effect-hover-zoom u-gallery-item\" data-image-width=\"4032\" data-image-height=\"3024\">\n              <div class=\"u-back-slide\">\n                <img decoding=\"async\" class=\"u-back-image u-expanded\" src=\"https:\/\/zsuzsakocsis.com\/wp-content\/uploads\/2025\/08\/webre4-1-scaled.jpg\">\n              <\/div>\n              <div class=\"u-over-slide u-shading u-over-slide-11\"><\/div>\n            <\/div>\n            <div class=\"u-effect-hover-zoom u-gallery-item\" data-image-width=\"4032\" data-image-height=\"3024\">\n              <div class=\"u-back-slide\">\n                <img decoding=\"async\" class=\"u-back-image u-expanded\" src=\"https:\/\/zsuzsakocsis.com\/wp-content\/uploads\/2025\/08\/webre2-1-scaled.jpg\">\n              <\/div>\n              <div class=\"u-over-slide u-shading u-over-slide-12\"><\/div>\n            <\/div>\n            <div class=\"u-effect-hover-zoom u-gallery-item\" data-image-width=\"4032\" data-image-height=\"3024\">\n              <div class=\"u-back-slide\" data-image-width=\"1704\" data-image-height=\"672\">\n                <img decoding=\"async\" class=\"u-back-image u-expanded\" src=\"https:\/\/zsuzsakocsis.com\/wp-content\/uploads\/2025\/09\/ITC_sculptures.jpg\">\n              <\/div>\n              <div class=\"u-over-slide u-shading u-over-slide-13\"><\/div>\n            <\/div>\n            <div class=\"u-effect-hover-zoom u-gallery-item\" data-image-width=\"4032\" data-image-height=\"3024\">\n              <div class=\"u-back-slide\">\n                <img decoding=\"async\" class=\"u-back-image u-expanded\" src=\"https:\/\/zsuzsakocsis.com\/wp-content\/uploads\/2025\/08\/webre6-scaled.jpg\">\n              <\/div>\n              <div class=\"u-over-slide u-shading u-over-slide-14\"><\/div>\n            <\/div>\n            <div class=\"u-effect-hover-zoom u-gallery-item\" data-image-width=\"4032\" data-image-height=\"3024\">\n              <div class=\"u-back-slide\" data-image-width=\"1514\" data-image-height=\"714\">\n                <img decoding=\"async\" class=\"u-back-image u-expanded\" src=\"https:\/\/zsuzsakocsis.com\/wp-content\/uploads\/2025\/09\/9.Kertben-1.jpg\">\n              <\/div>\n              <div class=\"u-over-slide u-shading u-over-slide-15\"><\/div>\n            <\/div>\n          <\/div>\n        <\/div>\n      <\/div>\n    <\/section>\n    \n    \n    \n  \n<\/div>","protected":false},"excerpt":{"rendered":"<p>Celestial Phenomena \u00c9gi Jelens\u00e9gek \u2013&nbsp;La Luna A sorozat t\u00e1rgyai, az \u00e9gbolton l\u00e1that\u00f3 ( Hold, Nap) \u00e9s nem l\u00e1that\u00f3 bolyg\u00f3kat jelen\u00edtik meg k\u00fcl\u00f6nb\u00f6z\u0151 l\u00e9gk\u00f6ri k\u00f6rnyezetben. A pozit\u00edv-negat\u00edv form\u00e1k folyamatos v\u00e1ltoz\u00e1s\u00e1val a v\u00e9gtelen t\u00e9rben forg\u00f3 plan\u00e9t\u00e1kat id\u00e9zik meg. A sorozat&nbsp; megjelen\u00e9s\u00e9ben, alapanyag\u00e1ban \u00e9s a mobilit\u00e1s fogalm\u00e1n kereszt\u00fcl kapcsol\u00f3dik az aut\u00f3m\u00e1rk\u00e1k vil\u00e1g\u00e1hoz. A szobrok&nbsp; aut\u00f3 modellek f\u00e9nyez\u00e9seit mutatj\u00e1k&hellip;&nbsp;<\/p>","protected":false},"author":2,"featured_media":0,"parent":0,"menu_order":0,"comment_status":"closed","ping_status":"closed","template":"","meta":{"neve_meta_sidebar":"","neve_meta_container":"","neve_meta_enable_content_width":"off","neve_meta_content_width":100,"neve_meta_title_alignment":"","neve_meta_author_avatar":"","neve_post_elements_order":"","neve_meta_disable_header":"","neve_meta_disable_footer":"","neve_meta_disable_title":"","footnotes":""},"class_list":["post-417","page","type-page","status-publish","hentry"],"_links":{"self":[{"href":"https:\/\/zsuzsakocsis.com\/en\/wp-json\/wp\/v2\/pages\/417","targetHints":{"allow":["GET"]}}],"collection":[{"href":"https:\/\/zsuzsakocsis.com\/en\/wp-json\/wp\/v2\/pages"}],"about":[{"href":"https:\/\/zsuzsakocsis.com\/en\/wp-json\/wp\/v2\/types\/page"}],"author":[{"embeddable":true,"href":"https:\/\/zsuzsakocsis.com\/en\/wp-json\/wp\/v2\/users\/2"}],"replies":[{"embeddable":true,"href":"https:\/\/zsuzsakocsis.com\/en\/wp-json\/wp\/v2\/comments?post=417"}],"version-history":[{"count":9,"href":"https:\/\/zsuzsakocsis.com\/en\/wp-json\/wp\/v2\/pages\/417\/revisions"}],"predecessor-version":[{"id":889,"href":"https:\/\/zsuzsakocsis.com\/en\/wp-json\/wp\/v2\/pages\/417\/revisions\/889"}],"wp:attachment":[{"href":"https:\/\/zsuzsakocsis.com\/en\/wp-json\/wp\/v2\/media?parent=417"}],"curies":[{"name":"wp","href":"https:\/\/api.w.org\/{rel}","templated":true}]}}