{"id":397,"date":"2025-08-01T11:32:05","date_gmt":"2025-08-01T11:32:05","guid":{"rendered":"https:\/\/zsuzsakocsis.com\/?page_id=397"},"modified":"2025-09-08T08:59:44","modified_gmt":"2025-09-08T08:59:44","slug":"falikepek","status":"publish","type":"page","link":"https:\/\/zsuzsakocsis.com\/en\/falikepek\/","title":{"rendered":"Wall Happening"},"content":{"rendered":"<div class=\"\" style=\"\" >\n    \n    <section class=\"u-clearfix u-white u-section-2\" id=\"sec-0728\">\n      <div class=\"u-clearfix u-sheet u-valign-middle-lg u-valign-middle-md u-valign-middle-sm u-sheet-1\">\n        <img decoding=\"async\" class=\"u-image u-image-default u-image-1\" src=\"https:\/\/zsuzsakocsis.com\/wp-content\/uploads\/2025\/09\/enterieur-scaled.jpg\" alt=\"\" data-image-width=\"2881\" data-image-height=\"2128\" data-animation-name=\"customAnimationIn\" data-animation-duration=\"2000\" data-animation-delay=\"0\">\n        <h1 class=\"u-text u-text-1\">Wall Happening<\/h1>\n        <p class=\"u-text u-text-2\"> The drawn elements of the image are in contact with one another, forming small groups and creating separate dialogues across a 4 \u00d7 4 meter wall in a living room.\nThey inhabit the entire surface.\nLarge white areas transformed into graphic elements through an improvisational, experimental process.\nThese white gestures became essential components of the individual drawings.\nThey intentionally enter into situations with one another, initiating stories.<br>\n        <\/p>\n      <\/div>\n    <\/section>\n    <section class=\"u-clearfix u-white u-section-3\" id=\"sec-3d5d\">\n      <div class=\"u-clearfix u-sheet u-valign-middle-lg u-valign-middle-md u-valign-middle-sm u-valign-middle-xs u-sheet-1\">\n        <div class=\"data-layout-selected u-clearfix u-expanded-width u-layout-wrap u-layout-wrap-1\">\n          <div class=\"u-layout\">\n            <div class=\"u-layout-row\">\n              <div class=\"u-container-style u-layout-cell u-size-24 u-layout-cell-1\">\n                <div class=\"u-container-layout u-valign-top u-container-layout-1\">\n                  <img decoding=\"async\" class=\"u-image u-image-default u-image-1\" src=\"https:\/\/zsuzsakocsis.com\/wp-content\/uploads\/2025\/08\/freskoR10w.jpg\" alt=\"\" data-image-width=\"945\" data-image-height=\"1417\" data-animation-name=\"customAnimationIn\" data-animation-duration=\"2000\" data-animation-delay=\"0\">\n                  <h5 class=\"u-text u-text-1\"> Living Room Graffiti<\/h5>\n                  <p class=\"u-text u-text-2\">The graphics emerge as gestural traces across empty wall surfaces. <\/p>\n                <\/div>\n              <\/div>\n              <div class=\"u-align-right u-container-align-right u-container-style u-layout-cell u-size-36 u-layout-cell-2\">\n                <div class=\"u-container-layout u-valign-top-sm u-valign-top-xs u-container-layout-2\">\n                  <p class=\"u-text u-text-3\">Narrative wall surface in the interior,&nbsp;<br>where I leave open spaces for the viewer within an associative field.<br><span style=\"font-style: italic;\">Between the shapes there is cohesion\u2014or dialogue, perhaps even conflict.\nIt unfolds like a serialized comic strip.<\/span>\n                  <\/p>\n                  <img decoding=\"async\" class=\"u-expanded-width u-image u-image-default u-image-2\" src=\"https:\/\/zsuzsakocsis.com\/wp-content\/uploads\/2025\/08\/Indianperlekedok.jpg\" alt=\"\" data-image-width=\"1417\" data-image-height=\"945\" data-animation-name=\"fadeIn\" data-animation-duration=\"2000\" data-animation-delay=\"0\">\n                <\/div>\n              <\/div>\n            <\/div>\n          <\/div>\n        <\/div>\n      <\/div>\n    <\/section>\n    <section class=\"skrollable u-clearfix u-image u-parallax u-section-4\" id=\"sec-77cd\" data-image-width=\"1417\" data-image-height=\"945\" style=\"background-image: url(&quot;https:\/\/zsuzsakocsis.com\/wp-content\/uploads\/2025\/08\/freskoR1w.jpg&quot;);\">\n      <div class=\"u-clearfix u-sheet u-sheet-1\"><\/div>\n    <\/section>\n    <section class=\"u-clearfix u-container-align-left u-section-5\" id=\"sec-33f2\">\n      <div class=\"u-clearfix u-sheet u-valign-middle-lg u-valign-middle-md u-valign-middle-sm u-valign-middle-xs u-sheet-1\">\n        <h3 class=\"u-align-left u-text u-text-default u-text-1\">\"A narrative wall with open spaces for the viewer\u2019s associative exploration.\" <\/h3>\n        <p class=\"u-align-left u-text u-text-2\"> \"The drawn elements engage with one another, forming smaller clusters that create distinct dialogues across a 4\u00d74-meter wall in a living room. They fill the entire surface, while the large white areas evolved into graphic motifs during the improvisational, experimental creative process. These white gestures became key features of the individual drawings, deliberately intertwining to generate situations and spark narratives.\"<br>In some places, the drawings are only just begun, serving to define and give form to the patch.\n        <\/p>\n      <\/div>\n    <\/section>\n    <section class=\"u-align-center u-clearfix u-container-align-center u-white u-section-6\" id=\"block-1\">\n      <div class=\"u-clearfix u-sheet u-valign-middle-lg u-valign-middle-md u-valign-middle-sm u-valign-middle-xs u-sheet-1\">\n        <div class=\"u-expanded-width u-gallery u-layout-grid u-lightbox u-no-transition u-show-text-none u-gallery-1\">\n          <div class=\"u-gallery-inner u-gallery-inner-1\">\n            <div class=\"u-effect-hover-zoom u-gallery-item\">\n              <div class=\"u-back-slide\" data-image-width=\"1594\" data-image-height=\"1063\">\n                <img decoding=\"async\" class=\"u-back-image u-expanded\" src=\"https:\/\/zsuzsakocsis.com\/wp-content\/uploads\/2025\/09\/DonQuijotedalamancha2.jpg\">\n              <\/div>\n              <div class=\"u-over-slide u-shading u-over-slide-1\"><\/div>\n            <\/div>\n            <div class=\"u-effect-hover-zoom u-gallery-item\">\n              <div class=\"u-back-slide\" data-image-width=\"1670\" data-image-height=\"1582\">\n                <img decoding=\"async\" class=\"u-back-image u-expanded\" src=\"https:\/\/zsuzsakocsis.com\/wp-content\/uploads\/2025\/09\/trzsfnk.jpg\">\n              <\/div>\n              <div class=\"u-over-slide u-shading u-over-slide-2\"><\/div>\n            <\/div>\n            <div class=\"u-effect-hover-zoom u-gallery-item\">\n              <div class=\"u-back-slide\" data-image-width=\"945\" data-image-height=\"1417\">\n                <img decoding=\"async\" class=\"u-back-image u-expanded\" src=\"https:\/\/zsuzsakocsis.com\/wp-content\/uploads\/2025\/08\/freskoR10w.jpg\">\n              <\/div>\n              <div class=\"u-over-slide u-shading u-over-slide-3\"><\/div>\n            <\/div>\n            <div class=\"u-effect-hover-zoom u-gallery-item\">\n              <div class=\"u-back-slide\" data-image-width=\"945\" data-image-height=\"1417\">\n                <img decoding=\"async\" class=\"u-back-image u-expanded\" src=\"https:\/\/zsuzsakocsis.com\/wp-content\/uploads\/2025\/08\/fresko6Rw.jpg\">\n              <\/div>\n              <div class=\"u-over-slide u-shading u-over-slide-4\"><\/div>\n            <\/div>\n            <div class=\"u-effect-hover-zoom u-gallery-item\">\n              <div class=\"u-back-slide\" data-image-width=\"945\" data-image-height=\"1417\">\n                <img decoding=\"async\" class=\"u-back-image u-expanded\" src=\"https:\/\/zsuzsakocsis.com\/wp-content\/uploads\/2025\/08\/freskoR2w.jpg\">\n              <\/div>\n              <div class=\"u-over-slide u-shading u-over-slide-5\"><\/div>\n            <\/div>\n            <div class=\"u-effect-hover-zoom u-gallery-item\">\n              <div class=\"u-back-slide\" data-image-width=\"1492\" data-image-height=\"1575\">\n                <img decoding=\"async\" class=\"u-back-image u-expanded\" src=\"https:\/\/zsuzsakocsis.com\/wp-content\/uploads\/2025\/09\/ldas.jpg\">\n              <\/div>\n              <div class=\"u-over-slide u-shading u-over-slide-6\"><\/div>\n            <\/div>\n            <div class=\"u-effect-hover-zoom u-gallery-item\">\n              <div class=\"u-back-slide\" data-image-width=\"741\" data-image-height=\"829\">\n                <img decoding=\"async\" class=\"u-back-image u-expanded\" src=\"https:\/\/zsuzsakocsis.com\/wp-content\/uploads\/2025\/09\/freskoR13w.jpg\">\n              <\/div>\n              <div class=\"u-over-slide u-shading u-over-slide-7\"><\/div>\n            <\/div>\n            <div class=\"u-effect-hover-zoom u-gallery-item\">\n              <div class=\"u-back-slide\" data-image-width=\"1093\" data-image-height=\"1575\">\n                <img decoding=\"async\" class=\"u-back-image u-expanded\" src=\"https:\/\/zsuzsakocsis.com\/wp-content\/uploads\/2025\/09\/donquiotereszlet1.jpg\">\n              <\/div>\n              <div class=\"u-over-slide u-shading u-over-slide-8\"><\/div>\n            <\/div>\n            <div class=\"u-effect-hover-zoom u-gallery-item\">\n              <div class=\"u-back-slide\" data-image-width=\"1417\" data-image-height=\"945\">\n                <img decoding=\"async\" class=\"u-back-image u-expanded\" src=\"https:\/\/zsuzsakocsis.com\/wp-content\/uploads\/2025\/08\/freskoR5w.jpg\">\n              <\/div>\n              <div class=\"u-over-slide u-shading u-over-slide-9\"><\/div>\n            <\/div>\n            <div class=\"u-effect-hover-zoom u-gallery-item\" data-image-width=\"1417\" data-image-height=\"945\">\n              <div class=\"u-back-slide\">\n                <img decoding=\"async\" class=\"u-back-image u-expanded\" src=\"https:\/\/zsuzsakocsis.com\/wp-content\/uploads\/2025\/08\/freskoR1w.jpg\">\n              <\/div>\n              <div class=\"u-over-slide u-shading u-over-slide-10\"><\/div>\n            <\/div>\n            <div class=\"u-effect-hover-zoom u-gallery-item\" data-image-width=\"1417\" data-image-height=\"945\">\n              <div class=\"u-back-slide\">\n                <img decoding=\"async\" class=\"u-back-image u-expanded\" src=\"https:\/\/zsuzsakocsis.com\/wp-content\/uploads\/2025\/08\/freskoR9w.jpg\">\n              <\/div>\n              <div class=\"u-over-slide u-shading u-over-slide-11\"><\/div>\n            <\/div>\n            <div class=\"u-effect-hover-zoom u-gallery-item\" data-image-width=\"945\" data-image-height=\"1417\">\n              <div class=\"u-back-slide\">\n                <img decoding=\"async\" class=\"u-back-image u-expanded\" src=\"https:\/\/zsuzsakocsis.com\/wp-content\/uploads\/2025\/08\/Papagajetetes-1.jpg\">\n              <\/div>\n              <div class=\"u-over-slide u-shading u-over-slide-12\"><\/div>\n            <\/div>\n            <div class=\"u-effect-hover-zoom u-gallery-item\" data-image-width=\"945\" data-image-height=\"1418\">\n              <div class=\"u-back-slide\">\n                <img decoding=\"async\" class=\"u-back-image u-expanded\" src=\"https:\/\/zsuzsakocsis.com\/wp-content\/uploads\/2025\/08\/OregIndian_vaddisznos.jpg\">\n              <\/div>\n              <div class=\"u-over-slide u-shading u-over-slide-13\"><\/div>\n            <\/div>\n            <div class=\"u-effect-hover-zoom u-gallery-item\" data-image-width=\"1417\" data-image-height=\"945\">\n              <div class=\"u-back-slide\">\n                <img decoding=\"async\" class=\"u-back-image u-expanded\" src=\"https:\/\/zsuzsakocsis.com\/wp-content\/uploads\/2025\/08\/freskoR11w.jpg\">\n              <\/div>\n              <div class=\"u-over-slide u-shading u-over-slide-14\"><\/div>\n            <\/div>\n            <div class=\"u-effect-hover-zoom u-gallery-item\" data-image-width=\"945\" data-image-height=\"1417\">\n              <div class=\"u-back-slide\">\n                <img decoding=\"async\" class=\"u-back-image u-expanded\" src=\"https:\/\/zsuzsakocsis.com\/wp-content\/uploads\/2025\/08\/freskoR4w.jpg\">\n              <\/div>\n              <div class=\"u-over-slide u-shading u-over-slide-15\"><\/div>\n            <\/div>\n          <\/div>\n        <\/div>\n      <\/div>\n    <\/section>\n    \n    \n    \n  \n<\/div>","protected":false},"excerpt":{"rendered":"<p>Falik\u00e9pek A k\u00e9p rajzolt elemei kontaktusban vannak egym\u00e1ssal, kisebb csoportokat alkotva, k\u00fcl\u00f6n p\u00e1rbesz\u00e9deket alkotnak a 4&#215;4 m\u00e9teres falon egy nappaliban. Belakj\u00e1k a teljes fel\u00fcletet. A nagy m\u00e9ret\u0171 feh\u00e9r foltok grafik\u00e1v\u00e1 alakultak, az improvizat\u00edv, k\u00eds\u00e9rleti munkafolyamatban. A feh\u00e9r gesztusok az egyes rajzok fontos elemeiv\u00e9 v\u00e1ltak. Sz\u00e1nd\u00e9kosan szitu\u00e1ci\u00f3kba keveredtek egym\u00e1ssal \u00e9s t\u00f6rt\u00e9neteket kezdem\u00e9nyeznek. Graffiti a nappaliban \u00dcres&hellip;&nbsp;<\/p>","protected":false},"author":2,"featured_media":0,"parent":0,"menu_order":0,"comment_status":"closed","ping_status":"closed","template":"","meta":{"neve_meta_sidebar":"","neve_meta_container":"","neve_meta_enable_content_width":"off","neve_meta_content_width":100,"neve_meta_title_alignment":"","neve_meta_author_avatar":"","neve_post_elements_order":"","neve_meta_disable_header":"","neve_meta_disable_footer":"","neve_meta_disable_title":"","footnotes":""},"class_list":["post-397","page","type-page","status-publish","hentry"],"_links":{"self":[{"href":"https:\/\/zsuzsakocsis.com\/en\/wp-json\/wp\/v2\/pages\/397","targetHints":{"allow":["GET"]}}],"collection":[{"href":"https:\/\/zsuzsakocsis.com\/en\/wp-json\/wp\/v2\/pages"}],"about":[{"href":"https:\/\/zsuzsakocsis.com\/en\/wp-json\/wp\/v2\/types\/page"}],"author":[{"embeddable":true,"href":"https:\/\/zsuzsakocsis.com\/en\/wp-json\/wp\/v2\/users\/2"}],"replies":[{"embeddable":true,"href":"https:\/\/zsuzsakocsis.com\/en\/wp-json\/wp\/v2\/comments?post=397"}],"version-history":[{"count":5,"href":"https:\/\/zsuzsakocsis.com\/en\/wp-json\/wp\/v2\/pages\/397\/revisions"}],"predecessor-version":[{"id":835,"href":"https:\/\/zsuzsakocsis.com\/en\/wp-json\/wp\/v2\/pages\/397\/revisions\/835"}],"wp:attachment":[{"href":"https:\/\/zsuzsakocsis.com\/en\/wp-json\/wp\/v2\/media?parent=397"}],"curies":[{"name":"wp","href":"https:\/\/api.w.org\/{rel}","templated":true}]}}