{"id":388,"date":"2025-08-01T11:20:14","date_gmt":"2025-08-01T11:20:14","guid":{"rendered":"https:\/\/zsuzsakocsis.com\/?page_id=388"},"modified":"2025-09-03T09:00:27","modified_gmt":"2025-09-03T09:00:27","slug":"karmin","status":"publish","type":"page","link":"https:\/\/zsuzsakocsis.com\/en\/karmin\/","title":{"rendered":"K\u00e1rmin"},"content":{"rendered":"<div class=\"\" style=\"\" >\n    \n    <section class=\"u-clearfix u-white u-section-2\" id=\"sec-0728\">\n      <div class=\"u-clearfix u-sheet u-valign-bottom-md u-valign-bottom-sm u-valign-bottom-xs u-valign-middle-lg u-sheet-1\">\n        <h5 class=\"u-text u-text-default u-text-1\"> Outer\u2013Inner Color <\/h5>\n        <h1 class=\"u-text u-text-default u-text-2\"> \u201cSpheres of Carmine\u201d<\/h1>\n        <p class=\"u-text u-text-3\"> I explored the intensity of carmine\u2014specifically the relationship between color tension and form, and how form alters the tonal value of color.\nThe outer color envelops the inner space of the object like a mantle. The shell gives frame and shape to an infinite, vapor-like energy.&nbsp; &nbsp; &nbsp; &nbsp; &nbsp; &nbsp; &nbsp; &nbsp; &nbsp; &nbsp; &nbsp; &nbsp; &nbsp; &nbsp; &nbsp; &nbsp; &nbsp; &nbsp; &nbsp; &nbsp; &nbsp; &nbsp; &nbsp; &nbsp; &nbsp; &nbsp; &nbsp; &nbsp; &nbsp; &nbsp; &nbsp; &nbsp; &nbsp; &nbsp; &nbsp; &nbsp; &nbsp; &nbsp;&nbsp;<br>\n          <br>&nbsp;&nbsp;<br>With the color of the outer surface, I influence the \u201cinner event.\u201d  I encourage the viewer to step closer, to look inside and examine it, as the sphere\u2019s interior cannot be precisely perceived within the powerful mass of color.<br>Carmine extends beyond the object like glowing lava; the form pulses and radiates from within, suggesting a volume greater than its physical presence.<br>\n          <br>\n          <br> &nbsp;<br>\n        <\/p>\n        <img decoding=\"async\" class=\"u-image u-image-default u-image-1\" src=\"https:\/\/zsuzsakocsis.com\/wp-content\/uploads\/2025\/08\/gomb3.jpg\" alt=\"\" data-image-width=\"2362\" data-image-height=\"1772\" data-animation-name=\"customAnimationIn\" data-animation-duration=\"2000\" data-animation-delay=\"0\">\n      <\/div>\n    <\/section>\n    <section class=\"u-clearfix u-white u-section-3\" id=\"sec-3d5d\">\n      <div class=\"u-clearfix u-sheet u-valign-middle-lg u-valign-middle-md u-valign-middle-sm u-valign-middle-xs u-sheet-1\">\n        <div class=\"data-layout-selected u-clearfix u-expanded-width u-layout-wrap u-layout-wrap-1\">\n          <div class=\"u-layout\">\n            <div class=\"u-layout-row\">\n              <div class=\"u-container-style u-layout-cell u-size-24 u-layout-cell-1\">\n                <div class=\"u-container-layout u-valign-top-lg u-valign-top-md u-valign-top-sm u-valign-top-xs u-container-layout-1\">\n                  <img decoding=\"async\" class=\"u-image u-image-default u-image-1\" src=\"https:\/\/zsuzsakocsis.com\/wp-content\/uploads\/2025\/07\/gomb2.jpg\" alt=\"\" data-image-width=\"1772\" data-image-height=\"1492\" data-animation-name=\"customAnimationIn\" data-animation-duration=\"2000\" data-animation-delay=\"0\">\n                <\/div>\n              <\/div>\n              <div class=\"u-align-right u-container-align-right u-container-style u-layout-cell u-size-36 u-layout-cell-2\">\n                <div class=\"u-container-layout u-valign-top-sm u-valign-top-xs u-container-layout-2\">\n                  <p class=\"u-text u-text-1\">Carmine I-II.        Dimensions: 90 \u00d7 90 \u00d7 80 cm<\/p>\n                  <img decoding=\"async\" class=\"u-expanded-width u-image u-image-default u-image-2\" src=\"https:\/\/zsuzsakocsis.com\/wp-content\/uploads\/2025\/08\/gomb1.jpg\" alt=\"\" data-image-width=\"2362\" data-image-height=\"1772\" data-animation-name=\"fadeIn\" data-animation-duration=\"2000\" data-animation-delay=\"0\">\n                <\/div>\n              <\/div>\n            <\/div>\n          <\/div>\n        <\/div>\n      <\/div>\n    <\/section>\n    \n    \n    \n  \n<\/div>","protected":false},"excerpt":{"rendered":"<p>K\u00fcls\u0151-Bels\u0151 sz\u00edn \u201eK\u00e1rmin g\u00f6mb\u00f6k\u201d A k\u00e1rmin sz\u00edn intenzit\u00e1s\u00e1t vizsg\u00e1ltam, pontosan a sz\u00ednben rejl\u0151 fesz\u00fclts\u00e9g \u00e9s forma kapcsolat\u00e1t, illetve, hogy a forma hogyan m\u00f3dos\u00edtja a sz\u00edn t\u00f3nus\u00e9rt\u00e9k\u00e9t. A k\u00fcls\u0151 sz\u00edn pal\u00e1stk\u00e9nt \u00f6leli a t\u00e1rgy bels\u0151 ter\u00e9t. A h\u00e9j keretet \u00e9s form\u00e1t ad egy v\u00e9gtelen, l\u00e9gnem\u0171 energi\u00e1nak.&nbsp; &nbsp; &nbsp; &nbsp; &nbsp; &nbsp; &nbsp; &nbsp; &nbsp; &nbsp; &nbsp;&hellip;&nbsp;<\/p>","protected":false},"author":2,"featured_media":0,"parent":0,"menu_order":0,"comment_status":"closed","ping_status":"closed","template":"","meta":{"neve_meta_sidebar":"","neve_meta_container":"","neve_meta_enable_content_width":"off","neve_meta_content_width":100,"neve_meta_title_alignment":"","neve_meta_author_avatar":"","neve_post_elements_order":"","neve_meta_disable_header":"","neve_meta_disable_footer":"","neve_meta_disable_title":"","footnotes":""},"class_list":["post-388","page","type-page","status-publish","hentry"],"_links":{"self":[{"href":"https:\/\/zsuzsakocsis.com\/en\/wp-json\/wp\/v2\/pages\/388","targetHints":{"allow":["GET"]}}],"collection":[{"href":"https:\/\/zsuzsakocsis.com\/en\/wp-json\/wp\/v2\/pages"}],"about":[{"href":"https:\/\/zsuzsakocsis.com\/en\/wp-json\/wp\/v2\/types\/page"}],"author":[{"embeddable":true,"href":"https:\/\/zsuzsakocsis.com\/en\/wp-json\/wp\/v2\/users\/2"}],"replies":[{"embeddable":true,"href":"https:\/\/zsuzsakocsis.com\/en\/wp-json\/wp\/v2\/comments?post=388"}],"version-history":[{"count":3,"href":"https:\/\/zsuzsakocsis.com\/en\/wp-json\/wp\/v2\/pages\/388\/revisions"}],"predecessor-version":[{"id":773,"href":"https:\/\/zsuzsakocsis.com\/en\/wp-json\/wp\/v2\/pages\/388\/revisions\/773"}],"wp:attachment":[{"href":"https:\/\/zsuzsakocsis.com\/en\/wp-json\/wp\/v2\/media?parent=388"}],"curies":[{"name":"wp","href":"https:\/\/api.w.org\/{rel}","templated":true}]}}