{"id":360,"date":"2025-07-31T21:17:05","date_gmt":"2025-07-31T21:17:05","guid":{"rendered":"https:\/\/zsuzsakocsis.com\/?page_id=360"},"modified":"2026-05-08T09:00:59","modified_gmt":"2026-05-08T09:00:59","slug":"mooncity-budaors-pohu","status":"publish","type":"page","link":"https:\/\/zsuzsakocsis.com\/en\/mooncity-budaors-pohu\/","title":{"rendered":"Mooncity Buda\u00f6rs \/ PoHu"},"content":{"rendered":"<div class=\"\" style=\"\" >\n    \n    <section class=\"u-clearfix u-section-2\" id=\"block-3\">\n      <div class=\"u-clearfix u-sheet u-valign-middle-xl u-valign-middle-xs u-sheet-1\">\n        <div class=\"u-expanded-width u-list u-list-1\" data-animation-name=\"customAnimationIn\" data-animation-duration=\"1000\" data-animation-delay=\"0\">\n          <div class=\"u-repeater u-repeater-1\">\n            <div class=\"u-container-align-center u-container-style u-image u-list-item u-repeater-item u-image-1\" data-image-width=\"18\" data-image-height=\"12\" data-animation-name=\"customAnimationIn\" data-animation-duration=\"1000\" data-animation-delay=\"0\" style=\"background-image: url(&quot;https:\/\/zsuzsakocsis.com\/wp-content\/uploads\/2025\/07\/MooncityBudaors_Installaciok-1.jpg&quot;);\">\n              <div class=\"u-container-layout u-similar-container u-container-layout-1\"><\/div>\n            <\/div>\n            <div class=\"u-container-style u-image u-list-item u-repeater-item u-image-2\" data-image-width=\"18\" data-image-height=\"12\" data-animation-name=\"customAnimationIn\" data-animation-duration=\"1000\" data-animation-delay=\"0\" style=\"background-image: url(&quot;https:\/\/zsuzsakocsis.com\/wp-content\/uploads\/2025\/08\/MOONCITY_MEGNYITO252of409.jpg&quot;);\">\n              <div class=\"u-container-layout u-similar-container u-container-layout-2\"><\/div>\n            <\/div>\n          <\/div>\n        <\/div>\n      <\/div>\n    <\/section>\n    <section class=\"u-clearfix u-section-3\" id=\"sec-a462\">\n      <div class=\"u-clearfix u-sheet u-valign-middle-sm u-valign-middle-xs u-sheet-1\">\n        <div class=\"data-layout-selected u-clearfix u-expanded-width u-layout-wrap u-layout-wrap-1\">\n          <div class=\"u-layout\">\n            <div class=\"u-layout-row\">\n              <div class=\"u-align-left u-container-align-left u-container-align-left-lg u-container-align-left-md u-container-align-left-xl u-container-style u-layout-cell u-size-60 u-layout-cell-1\">\n                <div class=\"u-container-layout u-valign-top-lg u-valign-top-sm u-container-layout-1\">\n                  <h2 class=\"u-align-center-sm u-align-center-xs u-text u-text-1\" data-animation-name=\"customAnimationIn\" data-animation-duration=\"1000\" data-animation-delay=\"0\" data-animation-out=\"0\"> Mooncity Buda\u00f6rs Porsche HUN<\/h2>\n                  <h5 class=\"u-align-center-sm u-align-center-xs u-text u-text-2\" data-animation-name=\"customAnimationIn\" data-animation-duration=\"1000\" data-animation-delay=\"0\" data-animation-out=\"0\">komlex m\u00e1rka\u00e9lm\u00e9ny a fenntRTHAT\u00d3 mobilit\u00e1s JEGY\u00c9BEN<\/h5>\n                  <p class=\"u-align-center-sm u-align-center-xs u-text u-text-3\" data-animation-name=\"customAnimationIn\" data-animation-duration=\"1000\" data-animation-delay=\"0\" data-animation-out=\"0\"> A Mooncity projekt a Porsche Hungaria sz\u00e1m\u00e1ra k\u00e9sz\u00fclt, ahol a brand identit\u00e1s t\u00e9r\u00e9lm\u00e9nny\u00e9 alakult. A grafika, install\u00e1ci\u00f3, mozg\u00f3k\u00e9p \u00e9s enteri\u0151r egys\u00e9ges rendszerr\u00e9 \u00e1llt \u00f6ssze.<\/p>\n                <\/div>\n              <\/div>\n            <\/div>\n          <\/div>\n        <\/div>\n      <\/div>\n    <\/section>\n    <section class=\"u-clearfix u-valign-middle-xl u-section-4\" id=\"block-11\">\n      <div class=\"u-container-style u-expanded-width u-group u-shape-rectangle u-group-1\" data-animation-name=\"customAnimationIn\" data-animation-duration=\"1000\" data-animation-delay=\"0\">\n        <div class=\"u-container-layout u-container-layout-1\">\n          <div class=\"u-expanded-width u-gallery u-layout-horizontal u-lightbox u-no-transition u-show-text-none u-gallery-1\" id=\"carousel-27c0\">\n            <div class=\"u-gallery-inner u-gallery-inner-1\" role=\"listbox\"><div class=\"u-effect-hover-slide u-gallery-item u-gallery-item-1\"><div class=\"u-back-slide u-back-slide-1\" data-image-width=\"3336\" data-image-height=\"2363\"><img decoding=\"async\" class=\"u-back-image u-effect-hover-slide-direction-left u-back-image-1\" src=\"https:\/\/zsuzsakocsis.com\/wp-content\/uploads\/2026\/05\/toltofalb-scaled.jpg\" alt=\"Conquer the Peaks, Embrace Nature\">\n<\/div><div class=\"u-over-slide u-shading u-valign-bottom u-over-slide-1\"><h3 class=\"u-gallery-heading\">Conquer the Peaks, Embrace Nature<\/h3><p class=\"u-gallery-text\" style=\"margin-top: 20px;\">At vero eos et accusam et justo duo dolores et ea rebum. Stet clita kasd gubergren, no sea takimata sanctus est.<br>\n<\/p>\n<\/div>\n<\/div><div class=\"u-effect-hover-slide u-gallery-item u-gallery-item-2\"><div class=\"u-back-slide u-back-slide-2\" data-image-width=\"9\" data-image-height=\"12\"><img decoding=\"async\" class=\"u-back-image u-effect-hover-slide-direction-left u-back-image-2\" src=\"https:\/\/zsuzsakocsis.com\/wp-content\/uploads\/2025\/07\/Muhelykep2-rotated.jpg\" alt=\"Discover Freedom on Mountain Trails\">\n<\/div><div class=\"u-over-slide u-shading u-valign-bottom u-over-slide-2\"><h3 class=\"u-gallery-heading\">Discover Freedom on Mountain Trails<\/h3><p class=\"u-gallery-text\" style=\"margin-top: 20px;\">At vero eos et accusam et justo duo dolores et ea rebum. Stet clita kasd gubergren, no sea takimata sanctus est.<\/p>\n<\/div>\n<\/div><div class=\"u-effect-hover-slide u-gallery-item u-gallery-item-3\"><div class=\"u-back-slide u-back-slide-3\" data-image-width=\"1521\" data-image-height=\"640\"><img decoding=\"async\" class=\"u-back-image u-effect-hover-slide-direction-left u-back-image-3\" src=\"https:\/\/zsuzsakocsis.com\/wp-content\/uploads\/2026\/05\/video_fekvo1.jpg\" alt=\"Reach New Heights, Find Adventure\">\n<\/div><div class=\"u-over-slide u-shading u-valign-bottom u-over-slide-3\"><h3 class=\"u-gallery-heading\">Reach New Heights, Find Adventure<\/h3><p class=\"u-gallery-text\" style=\"margin-top: 20px;\">At vero eos et accusam et justo duo dolores et ea rebum. Stet clita kasd gubergren, no sea takimata sanctus est.<\/p>\n<\/div>\n<\/div><div class=\"u-effect-hover-slide u-gallery-item u-gallery-item-4\" data-image-width=\"2560\" data-image-height=\"2449\"><div class=\"u-back-slide u-back-slide-4\" data-image-width=\"1200\" data-image-height=\"1517\"><img decoding=\"async\" class=\"u-back-image u-effect-hover-slide-direction-left u-back-image-4\" src=\"https:\/\/zsuzsakocsis.com\/wp-content\/uploads\/2026\/05\/grafikairendszer5-1215x1536.jpg\">\n<\/div><div class=\"u-over-slide u-shading u-valign-bottom u-over-slide-4\"><\/div>\n<\/div><div class=\"u-effect-hover-slide u-gallery-item u-gallery-item-5\"><div class=\"u-back-slide u-back-slide-5\"><img decoding=\"async\" class=\"u-back-image u-effect-hover-slide-direction-left u-back-image-5\" src=\"https:\/\/zsuzsakocsis.com\/wp-content\/uploads\/2026\/05\/grafikairendszer3.jpg\">\n<\/div><div class=\"u-over-slide u-shading u-valign-bottom u-over-slide-5\"><\/div>\n<\/div><div class=\"u-effect-hover-slide u-gallery-item u-gallery-item-6\" data-image-width=\"2809\" data-image-height=\"2512\"><div class=\"u-back-slide u-back-slide-6\"><img decoding=\"async\" class=\"u-back-image u-effect-hover-slide-direction-left u-back-image-6\" src=\"https:\/\/zsuzsakocsis.com\/wp-content\/uploads\/2026\/05\/grafikairendszer6b-scaled.jpg\">\n<\/div><div class=\"u-over-slide u-shading u-valign-bottom u-over-slide-6\"><\/div>\n<\/div><\/div>\n            <a class=\"u-absolute-vcenter u-gallery-nav u-gallery-nav-prev u-grey-70 u-icon-circle u-opacity u-opacity-70 u-spacing-10 u-text-white u-gallery-nav-1\" href=\"#\" role=\"button\"><span aria-hidden=\"true\">\n                <svg viewbox=\"0 0 451.847 451.847\"><path d=\"M97.141,225.92c0-8.095,3.091-16.192,9.259-22.366L300.689,9.27c12.359-12.359,32.397-12.359,44.751,0c12.354,12.354,12.354,32.388,0,44.748L173.525,225.92l171.903,171.909c12.354,12.354,12.354,32.391,0,44.744c-12.354,12.365-32.386,12.365-44.745,0l-194.29-194.281C100.226,242.115,97.141,234.018,97.141,225.92z\"><\/path><\/svg><\/span><span class=\"sr-only\">\n                <svg viewbox=\"0 0 451.847 451.847\"><path d=\"M97.141,225.92c0-8.095,3.091-16.192,9.259-22.366L300.689,9.27c12.359-12.359,32.397-12.359,44.751,0c12.354,12.354,12.354,32.388,0,44.748L173.525,225.92l171.903,171.909c12.354,12.354,12.354,32.391,0,44.744c-12.354,12.365-32.386,12.365-44.745,0l-194.29-194.281C100.226,242.115,97.141,234.018,97.141,225.92z\"><\/path><\/svg><\/span>\n            <\/a>\n            <a class=\"u-absolute-vcenter u-gallery-nav u-gallery-nav-next u-grey-70 u-icon-circle u-opacity u-opacity-70 u-spacing-10 u-text-white u-gallery-nav-2\" href=\"#\" role=\"button\"><span aria-hidden=\"true\">\n                <svg viewbox=\"0 0 451.846 451.847\"><path d=\"M345.441,248.292L151.154,442.573c-12.359,12.365-32.397,12.365-44.75,0c-12.354-12.354-12.354-32.391,0-44.744L278.318,225.92L106.409,54.017c-12.354-12.359-12.354-32.394,0-44.748c12.354-12.359,32.391-12.359,44.75,0l194.287,194.284c6.177,6.18,9.262,14.271,9.262,22.366C354.708,234.018,351.617,242.115,345.441,248.292z\"><\/path><\/svg><\/span><span class=\"sr-only\">\n                <svg viewbox=\"0 0 451.846 451.847\"><path d=\"M345.441,248.292L151.154,442.573c-12.359,12.365-32.397,12.365-44.75,0c-12.354-12.354-12.354-32.391,0-44.744L278.318,225.92L106.409,54.017c-12.354-12.359-12.354-32.394,0-44.748c12.354-12.359,32.391-12.359,44.75,0l194.287,194.284c6.177,6.18,9.262,14.271,9.262,22.366C354.708,234.018,351.617,242.115,345.441,248.292z\"><\/path><\/svg><\/span>\n            <\/a>\n          <\/div>\n        <\/div>\n      <\/div>\n    <\/section>\n    <section class=\"u-align-center u-clearfix u-container-align-center u-container-align-center-sm u-container-align-center-xs u-section-5\" id=\"block-6\">\n      <div class=\"u-clearfix u-sheet u-valign-middle-lg u-valign-middle-sm u-sheet-1\">\n        <div class=\"u-expanded-width-sm u-expanded-width-xs u-list u-list-1\">\n          <div class=\"u-repeater u-repeater-1\">\n            <div class=\"u-align-center u-container-align-center u-container-style u-list-item u-repeater-item\">\n              <div class=\"u-container-layout u-similar-container u-container-layout-1\">\n                <h3 class=\"u-align-center-sm u-align-center-xs u-custom-item u-text u-text-1\" data-animation-name=\"customAnimationIn\" data-animation-duration=\"1000\" data-animation-delay=\"0\"> Brand Motion System<br>\n                  <br>\n                <\/h3>\n                <p class=\"u-custom-item u-text u-text-2\" data-animation-name=\"customAnimationIn\" data-animation-duration=\"1000\" data-animation-delay=\"0\"> Anim\u00e1lt vizu\u00e1lis rendszer a Mooncity projekthez.<br>\n                <\/p>\n                <div class=\"u-absolute-hcenter u-border-2 u-border-palette-2-base u-line u-line-vertical u-line-1\"><\/div>\n              <\/div>\n            <\/div>\n          <\/div>\n        <\/div>\n      <\/div>\n    <\/section>\n    <section class=\"u-clearfix u-section-6\" id=\"block-5\">\n      <div class=\"u-clearfix u-sheet u-valign-middle-md u-valign-middle-sm u-valign-middle-xs u-sheet-1\">\n        <div class=\"u-expanded-width-sm u-expanded-width-xs u-shading u-uploaded-video u-video u-video-contain u-video-1\" data-animation-name=\"customAnimationIn\" data-animation-duration=\"1000\" data-animation-delay=\"0\">\n          <div class=\"embed-responsive\">\n            <video class=\"embed-responsive-item\" data-autoplay=\"1\" loop=\"\" muted=\"1\" autoplay=\"autoplay\" playsinline=\"\">\n              <source src=\"https:\/\/zsuzsakocsis.com\/wp-content\/uploads\/2026\/05\/mooncity_short41.mp4\" type=\"video\/mp4\">\n              <p>Your browser does not support HTML5 video.<\/p>\n            <\/video>\n          <\/div>\n        <\/div>\n      <\/div>\n    <\/section>\n    <section class=\"u-align-center u-clearfix u-container-align-center u-section-7\" id=\"block-8\">\n      <div class=\"u-clearfix u-sheet u-valign-middle-lg u-valign-middle-md u-valign-middle-sm u-sheet-1\">\n        <h5 class=\"u-align-center u-text u-text-default u-text-1\" data-animation-name=\"customAnimationIn\" data-animation-duration=\"1000\" data-animation-delay=\"0\"> KONCEPCI\u00d3<br>\n        <\/h5>\n        <h3 class=\"u-align-center u-text u-text-default u-text-2\" data-animation-name=\"customAnimationIn\" data-animation-duration=\"1000\" data-animation-delay=\"0\"> A t\u00e9r narrat\u00edv\u00e1ja<\/h3>\n        <p class=\"u-align-center u-text u-text-3\" data-animation-name=\"customAnimationIn\" data-animation-duration=\"1000\" data-animation-delay=\"0\"> A Hold \u00e9s az ember kapcsolat\u00e1ra \u00e9p\u00fcl\u0151 koncepci\u00f3 a megszokott l\u00e9pt\u00e9kek \u00e1trendez\u00e9s\u00e9vel teremt \u00e9lm\u00e9nyt: a horizont kit\u00e1gul, a csillagk\u00e9pek k\u00f6zel ker\u00fclnek, a t\u00e9r egyszerre v\u00e1lik intim \u00e9s kozmikus k\u00f6rnyezett\u00e9.<br>\n        <\/p>\n      <\/div>\n    <\/section>\n    <section class=\"u-clearfix u-section-8\" id=\"block-14\">\n      <div class=\"u-clearfix u-sheet u-valign-middle-lg u-valign-middle-md u-valign-middle-sm u-valign-middle-xs u-sheet-1\">\n        <div class=\"data-layout-selected u-clearfix u-expanded-width u-gutter-30 u-layout-wrap u-layout-wrap-1\" data-animation-name=\"customAnimationIn\" data-animation-duration=\"1000\" data-animation-delay=\"0\">\n          <div class=\"u-layout\">\n            <div class=\"u-layout-col\">\n              <div class=\"u-size-30\">\n                <div class=\"u-layout-row\">\n                  <div class=\"u-container-align-center u-container-style u-image u-layout-cell u-size-24 u-image-1\" data-image-width=\"1240\" data-image-height=\"1754\" style=\"background-image: url(&quot;https:\/\/zsuzsakocsis.com\/wp-content\/uploads\/2026\/05\/munkaruha1.jpg&quot;);\">\n                    <div class=\"u-container-layout u-container-layout-1\"><\/div>\n                  <\/div>\n                  <div class=\"u-container-align-center u-container-style u-image u-layout-cell u-size-36 u-image-2\" data-image-width=\"1575\" data-image-height=\"1575\" style=\"background-image: url(&quot;https:\/\/zsuzsakocsis.com\/wp-content\/uploads\/2026\/05\/munkaruha3b-1.jpg&quot;);\">\n                    <div class=\"u-container-layout u-container-layout-2\"><\/div>\n                  <\/div>\n                <\/div>\n              <\/div>\n              <div class=\"u-size-30\">\n                <div class=\"u-layout-row\">\n                  <div class=\"u-container-align-center u-container-style u-image u-layout-cell u-size-18 u-image-3\" data-image-width=\"6743\" data-image-height=\"4533\" style=\"background-image: url(&quot;https:\/\/zsuzsakocsis.com\/wp-content\/uploads\/2026\/05\/Csillagkepek-2-scaled.jpg&quot;);\">\n                    <div class=\"u-container-layout u-container-layout-3\"><\/div>\n                  <\/div>\n                  <div class=\"u-container-align-center u-container-style u-image u-layout-cell u-size-42 u-image-4\" data-image-width=\"15685\" data-image-height=\"4488\" style=\"background-image: url(&quot;https:\/\/zsuzsakocsis.com\/wp-content\/uploads\/2026\/05\/toltofal2-1-scaled.jpg&quot;);\">\n                    <div class=\"u-container-layout u-container-layout-4\"><\/div>\n                  <\/div>\n                <\/div>\n              <\/div>\n            <\/div>\n          <\/div>\n        <\/div>\n      <\/div>\n    <\/section>\n    <section class=\"u-align-center u-clearfix u-container-align-center u-section-9\" id=\"block-12\">\n      <div class=\"u-clearfix u-sheet u-valign-middle-lg u-valign-middle-md u-sheet-1\">\n        <h3 class=\"u-align-center u-text u-text-1\" data-animation-name=\"customAnimationIn\" data-animation-duration=\"1000\" data-animation-delay=\"0\">saj\u00e1t szerepem<\/h3>\n        <p class=\"u-align-center u-text u-text-2\" data-animation-name=\"customAnimationIn\" data-animation-duration=\"1000\" data-animation-delay=\"0\"> Koncepci\u00f3alkot\u00e1s, m\u0171v\u00e9szeti vezet\u00e9s, install\u00e1ci\u00f3k kivitelez\u00e9se,  vizu\u00e1lis rendszertervez\u00e9s, t\u00e9r\u00e9lm\u00e9ny kialak\u00edt\u00e1s.<br>\n        <\/p>\n      <\/div>\n    <\/section>\n    <section class=\"u-carousel u-slide u-block-a077-1\" id=\"carousel-1f8a\" data-interval=\"5000\" data-u-ride=\"carousel\">\n      <ol class=\"u-absolute-hcenter u-carousel-indicators u-block-a077-2\">\n        <li data-u-target=\"#carousel-1f8a\" class=\"u-active u-grey-30 u-shape-circle\" style=\"width: 10px; height: 10px;\" data-u-slide-to=\"0\"><\/li>\n      <\/ol>\n      <div class=\"u-carousel-inner\" role=\"listbox\">\n        <div class=\"u-active u-carousel-item u-clearfix u-container-align-center u-image u-section-10-1\" data-image-width=\"1402\" data-image-height=\"934\" style=\"background-image: url(&quot;https:\/\/zsuzsakocsis.com\/wp-content\/uploads\/2026\/05\/sajtotajekoztato12.jpg&quot;);\">\n          <div class=\"u-clearfix u-sheet u-sheet-1\"><\/div>\n        <\/div>\n      <\/div>\n      <a class=\"u-absolute-vcenter u-carousel-control u-carousel-control-prev u-text-grey-30 u-block-a077-3\" href=\"#carousel-1f8a\" role=\"button\" data-u-slide=\"prev\"><span aria-hidden=\"true\">\n          <svg class=\"u-svg-link\" viewbox=\"0 0 477.175 477.175\"><path d=\"M145.188,238.575l215.5-215.5c5.3-5.3,5.3-13.8,0-19.1s-13.8-5.3-19.1,0l-225.1,225.1c-5.3,5.3-5.3,13.8,0,19.1l225.1,225                    c2.6,2.6,6.1,4,9.5,4s6.9-1.3,9.5-4c5.3-5.3,5.3-13.8,0-19.1L145.188,238.575z\"><\/path><\/svg><\/span><span class=\"sr-only\">Previous<\/span>\n      <\/a>\n      <a class=\"u-absolute-vcenter u-carousel-control u-carousel-control-next u-text-grey-30 u-block-a077-4\" href=\"#carousel-1f8a\" role=\"button\" data-u-slide=\"next\"><span aria-hidden=\"true\">\n          <svg class=\"u-svg-link\" viewbox=\"0 0 477.175 477.175\"><path d=\"M360.731,229.075l-225.1-225.1c-5.3-5.3-13.8-5.3-19.1,0s-5.3,13.8,0,19.1l215.5,215.5l-215.5,215.5                    c-5.3,5.3-5.3,13.8,0,19.1c2.6,2.6,6.1,4,9.5,4c3.4,0,6.9-1.3,9.5-4l225.1-225.1C365.931,242.875,365.931,234.275,360.731,229.075z\"><\/path><\/svg><\/span><span class=\"sr-only\">Next<\/span>\n      <\/a>\n    <\/section>\n    \n    \n    \n  \n<\/div>","protected":false},"excerpt":{"rendered":"<p>Mooncity Buda\u00f6rs komlex m\u00e1rka\u00e9lm\u00e9ny a fenntRTHAT\u00d3 mobilit\u00e1s JEGY\u00c9BEN A Mooncity projekt a Porsche Hungaria sz\u00e1m\u00e1ra k\u00e9sz\u00fclt, ahol a brand identit\u00e1s t\u00e9r\u00e9lm\u00e9nny\u00e9 alakult. A grafika, install\u00e1ci\u00f3, mozg\u00f3k\u00e9p \u00e9s enteri\u0151r egys\u00e9ges rendszerr\u00e9 \u00e1llt \u00f6ssze. Conquer the Peaks, Embrace NatureAt vero eos et accusam et justo duo dolores et ea rebum. Stet clita kasd gubergren, no sea takimata&hellip;&nbsp;<\/p>","protected":false},"author":2,"featured_media":0,"parent":0,"menu_order":0,"comment_status":"closed","ping_status":"closed","template":"","meta":{"neve_meta_sidebar":"","neve_meta_container":"","neve_meta_enable_content_width":"off","neve_meta_content_width":100,"neve_meta_title_alignment":"","neve_meta_author_avatar":"","neve_post_elements_order":"","neve_meta_disable_header":"","neve_meta_disable_footer":"","neve_meta_disable_title":"","footnotes":""},"class_list":["post-360","page","type-page","status-publish","hentry"],"_links":{"self":[{"href":"https:\/\/zsuzsakocsis.com\/en\/wp-json\/wp\/v2\/pages\/360","targetHints":{"allow":["GET"]}}],"collection":[{"href":"https:\/\/zsuzsakocsis.com\/en\/wp-json\/wp\/v2\/pages"}],"about":[{"href":"https:\/\/zsuzsakocsis.com\/en\/wp-json\/wp\/v2\/types\/page"}],"author":[{"embeddable":true,"href":"https:\/\/zsuzsakocsis.com\/en\/wp-json\/wp\/v2\/users\/2"}],"replies":[{"embeddable":true,"href":"https:\/\/zsuzsakocsis.com\/en\/wp-json\/wp\/v2\/comments?post=360"}],"version-history":[{"count":12,"href":"https:\/\/zsuzsakocsis.com\/en\/wp-json\/wp\/v2\/pages\/360\/revisions"}],"predecessor-version":[{"id":1510,"href":"https:\/\/zsuzsakocsis.com\/en\/wp-json\/wp\/v2\/pages\/360\/revisions\/1510"}],"wp:attachment":[{"href":"https:\/\/zsuzsakocsis.com\/en\/wp-json\/wp\/v2\/media?parent=360"}],"curies":[{"name":"wp","href":"https:\/\/api.w.org\/{rel}","templated":true}]}}