{"id":296,"date":"2025-07-23T11:34:16","date_gmt":"2025-07-23T11:34:16","guid":{"rendered":"https:\/\/zsuzsakocsis.com\/?page_id=296"},"modified":"2026-02-07T20:15:58","modified_gmt":"2026-02-07T20:15:58","slug":"gyergyo","status":"publish","type":"page","link":"https:\/\/zsuzsakocsis.com\/en\/gyergyo\/","title":{"rendered":"Gyergy\u00f3sz\u00e1rhegy"},"content":{"rendered":"<div class=\"\" style=\"\" >\n    \n    <section class=\"u-clearfix u-white u-section-2\" id=\"sec-0728\">\n      <div class=\"u-clearfix u-sheet u-valign-middle-lg u-valign-middle-md u-valign-middle-sm u-valign-middle-xl u-sheet-1\">\n        <h5 class=\"u-text u-text-default u-text-1\">Landscapes<\/h5>\n        <h1 class=\"u-text u-text-default u-text-2\">Gyergy\u00f3sz\u00e1rhegy<\/h1>\n        <p class=\"u-text u-text-3\">These works were created in 2010 in Transylvania, at Gyergy\u00f3sz\u00e1rhegy (L\u0103zarea), in the L\u00e1z\u00e1r Castle, through the Budapest Gallery\u2019s \u201cScholarship to International Artists\u2019 Residencies\u201d program.<\/p>\n        <img decoding=\"async\" class=\"u-image u-image-default u-image-1\" src=\"https:\/\/zsuzsakocsis.com\/wp-content\/uploads\/2025\/07\/Gyergyo-VI.jpg\" alt=\"\" data-image-width=\"2362\" data-image-height=\"1740\" data-animation-name=\"customAnimationIn\" data-animation-duration=\"2000\" data-animation-delay=\"0\">\n      <\/div>\n    <\/section>\n    <section class=\"u-clearfix u-white u-section-3\" id=\"sec-3d5d\">\n      <div class=\"u-clearfix u-sheet u-valign-middle-lg u-valign-middle-md u-valign-middle-sm u-valign-middle-xs u-sheet-1\">\n        <div class=\"data-layout-selected u-clearfix u-expanded-width u-layout-wrap u-layout-wrap-1\">\n          <div class=\"u-layout\">\n            <div class=\"u-layout-row\">\n              <div class=\"u-container-style u-layout-cell u-size-24 u-layout-cell-1\">\n                <div class=\"u-container-layout u-valign-top u-container-layout-1\">\n                  <img decoding=\"async\" class=\"u-image u-image-default u-image-1\" src=\"https:\/\/zsuzsakocsis.com\/wp-content\/uploads\/2025\/07\/Gyergyo-III.-Emlekezet.jpg\" alt=\"\" data-image-width=\"1200\" data-image-height=\"900\" data-animation-name=\"customAnimationIn\" data-animation-duration=\"2000\" data-animation-delay=\"0\">\n                  <h5 class=\"u-text u-text-1\"> Landscapes \u2013 Emotions<\/h5>\n                  <p class=\"u-text u-text-2\"> oil pastel, paper, mixed technique, 24cm x 32cm<\/p>\n                <\/div>\n              <\/div>\n              <div class=\"u-align-right u-container-align-right u-container-style u-layout-cell u-size-36 u-layout-cell-2\">\n                <div class=\"u-container-layout u-valign-top-sm u-valign-top-xs u-container-layout-2\">\n                  <p class=\"u-text u-text-3\">Gyergy\u00f3 VII. \/ Landscape&nbsp; &nbsp; &nbsp; &nbsp; &nbsp; &nbsp; &nbsp; &nbsp;ink on paper, mixed techique,&nbsp; 24 cm x 32 cm<\/p>\n                  <img decoding=\"async\" class=\"u-expanded-width u-image u-image-default u-image-2\" src=\"https:\/\/zsuzsakocsis.com\/wp-content\/uploads\/2025\/07\/Gyergyo-VII.jpg\" alt=\"\" data-image-width=\"2362\" data-image-height=\"1764\" data-animation-name=\"fadeIn\" data-animation-duration=\"2000\" data-animation-delay=\"0\">\n                <\/div>\n              <\/div>\n            <\/div>\n          <\/div>\n        <\/div>\n      <\/div>\n    <\/section>\n    <section class=\"skrollable u-clearfix u-image u-parallax u-section-4\" id=\"sec-77cd\" data-image-width=\"2362\" data-image-height=\"1672\" style=\"background-image: url(&quot;https:\/\/zsuzsakocsis.com\/wp-content\/uploads\/2025\/07\/Putri-I.jpg&quot;);\">\n      <div class=\"u-clearfix u-sheet u-sheet-1\"><\/div>\n    <\/section>\n    <section class=\"u-clearfix u-section-5\" id=\"sec-33f2\">\n      <div class=\"u-clearfix u-sheet u-valign-middle-lg u-valign-middle-md u-valign-middle-sm u-valign-middle-xs u-sheet-1\">\n        <h3 class=\"u-align-left u-text u-text-1\">\" When the pine forest move \"\u200b- The atmosphere of the Transylvanian mountains, houses in the rain, people and lights...<\/h3>\n        <p class=\"u-align-left u-text u-text-2\"> My pictures were made in 2010 in Transylvania, in Gyergy\u00f3sz\u00e1rhegy, in the L\u00e1z\u00e1r Castle, after winning the Budapest Gallery's \"scholarship to foreign art houses\" program.<\/p>\n      <\/div>\n    <\/section>\n    <section class=\"u-clearfix u-white u-section-6\" id=\"sec-5b2f\">\n      <div class=\"u-clearfix u-sheet u-sheet-1\">\n        <p class=\"u-align-right u-text u-text-1\"><\/p>\n        <h5 class=\"u-text u-text-default u-text-2\">Landscapes \u2013 Emotions&nbsp;<\/h5>\n        <div class=\"u-expanded-width u-gallery u-layout-grid u-lightbox u-no-transition u-show-text-none u-gallery-1\">\n          <div class=\"u-gallery-inner u-gallery-inner-1\">\n            <div class=\"u-effect-hover-zoom u-gallery-item\">\n              <div class=\"u-back-slide\" data-image-width=\"2362\" data-image-height=\"1672\">\n                <img decoding=\"async\" class=\"u-back-image u-expanded\" src=\"https:\/\/zsuzsakocsis.com\/wp-content\/uploads\/2025\/07\/Putri-I.jpg\">\n              <\/div>\n              <div class=\"u-over-slide u-shading u-over-slide-1\"><\/div>\n            <\/div>\n            <div class=\"u-effect-hover-zoom u-gallery-item\" data-image-width=\"894\" data-image-height=\"626\">\n              <div class=\"u-back-slide\" data-image-width=\"1200\" data-image-height=\"830\">\n                <img decoding=\"async\" class=\"u-back-image u-expanded\" src=\"https:\/\/zsuzsakocsis.com\/wp-content\/uploads\/2025\/07\/Putri-II.jpg\">\n              <\/div>\n              <div class=\"u-over-slide u-shading u-over-slide-2\"><\/div>\n            <\/div>\n            <div class=\"u-effect-hover-zoom u-gallery-item\" data-image-width=\"1294\" data-image-height=\"787\">\n              <div class=\"u-back-slide\" data-image-width=\"1200\" data-image-height=\"835\">\n                <img decoding=\"async\" class=\"u-back-image u-expanded\" src=\"https:\/\/zsuzsakocsis.com\/wp-content\/uploads\/2025\/07\/Putri-III.jpg\">\n              <\/div>\n              <div class=\"u-over-slide u-shading u-over-slide-3\"><\/div>\n            <\/div>\n            <div class=\"u-effect-hover-zoom u-gallery-item\" data-image-width=\"1890\" data-image-height=\"1343\">\n              <div class=\"u-back-slide\">\n                <img decoding=\"async\" class=\"u-back-image u-expanded\" src=\"https:\/\/zsuzsakocsis.com\/wp-content\/uploads\/2025\/07\/kep_falon.jpg\">\n              <\/div>\n              <div class=\"u-over-slide u-shading u-over-slide-4\"><\/div>\n            <\/div>\n            <div class=\"u-effect-hover-zoom u-gallery-item\" data-image-width=\"1440\" data-image-height=\"1200\">\n              <div class=\"u-back-slide\">\n                <img decoding=\"async\" class=\"u-back-image u-expanded\" src=\"https:\/\/zsuzsakocsis.com\/wp-content\/uploads\/2025\/07\/Gyergyo-V.-a-falon.jpg\">\n              <\/div>\n              <div class=\"u-over-slide u-shading u-over-slide-5\"><\/div>\n            <\/div>\n            <div class=\"u-effect-hover-zoom u-gallery-item\" data-image-width=\"1418\" data-image-height=\"1066\">\n              <div class=\"u-back-slide\">\n                <img decoding=\"async\" class=\"u-back-image u-expanded\" src=\"https:\/\/zsuzsakocsis.com\/wp-content\/uploads\/2025\/07\/Totem.jpg\">\n              <\/div>\n              <div class=\"u-over-slide u-shading u-over-slide-6\"><\/div>\n            <\/div>\n            <div class=\"u-effect-hover-zoom u-gallery-item\" data-image-width=\"1350\" data-image-height=\"1004\">\n              <div class=\"u-back-slide\">\n                <img decoding=\"async\" class=\"u-back-image u-expanded\" src=\"https:\/\/zsuzsakocsis.com\/wp-content\/uploads\/2025\/07\/A-fenyvesek-megindultak.jpg\">\n              <\/div>\n              <div class=\"u-over-slide u-shading u-over-slide-7\"><\/div>\n            <\/div>\n            <div class=\"u-effect-hover-zoom u-gallery-item\" data-image-width=\"2362\" data-image-height=\"1639\">\n              <div class=\"u-back-slide\">\n                <img decoding=\"async\" class=\"u-back-image u-expanded\" src=\"https:\/\/zsuzsakocsis.com\/wp-content\/uploads\/2025\/07\/Gyergyo-IV.jpg\">\n              <\/div>\n              <div class=\"u-over-slide u-shading u-over-slide-8\"><\/div>\n            <\/div>\n            <div class=\"u-effect-hover-zoom u-gallery-item\" data-image-width=\"1376\" data-image-height=\"1054\">\n              <div class=\"u-back-slide\">\n                <img decoding=\"async\" class=\"u-back-image u-expanded\" src=\"https:\/\/zsuzsakocsis.com\/wp-content\/uploads\/2025\/07\/Gyergyo-V.jpg\">\n              <\/div>\n              <div class=\"u-over-slide u-shading u-over-slide-9\"><\/div>\n            <\/div>\n            <div class=\"u-effect-hover-zoom u-gallery-item\" data-image-width=\"637\" data-image-height=\"2535\">\n              <div class=\"u-back-slide\">\n                <img decoding=\"async\" class=\"u-back-image u-expanded\" src=\"https:\/\/zsuzsakocsis.com\/wp-content\/uploads\/2025\/07\/Aramlas-II.jpg\">\n              <\/div>\n              <div class=\"u-over-slide u-shading u-over-slide-10\"><\/div>\n            <\/div>\n            <div class=\"u-effect-hover-zoom u-gallery-item\" data-image-width=\"629\" data-image-height=\"2535\">\n              <div class=\"u-back-slide\">\n                <img decoding=\"async\" class=\"u-back-image u-expanded\" src=\"https:\/\/zsuzsakocsis.com\/wp-content\/uploads\/2025\/07\/Aramlas-I.jpg\">\n              <\/div>\n              <div class=\"u-over-slide u-shading u-over-slide-11\"><\/div>\n            <\/div>\n            <div class=\"u-effect-hover-zoom u-gallery-item\" data-image-width=\"2362\" data-image-height=\"1740\">\n              <div class=\"u-back-slide\">\n                <img decoding=\"async\" class=\"u-back-image u-expanded\" src=\"https:\/\/zsuzsakocsis.com\/wp-content\/uploads\/2025\/07\/Gyergyo-VI.jpg\">\n              <\/div>\n              <div class=\"u-over-slide u-shading u-over-slide-12\"><\/div>\n            <\/div>\n            <div class=\"u-effect-hover-zoom u-gallery-item\" data-image-width=\"1314\" data-image-height=\"986\">\n              <div class=\"u-back-slide\">\n                <img decoding=\"async\" class=\"u-back-image u-expanded\" src=\"https:\/\/zsuzsakocsis.com\/wp-content\/uploads\/2025\/07\/Gyergyo-III.-Emlekezet.jpg\">\n              <\/div>\n              <div class=\"u-over-slide u-shading u-over-slide-13\"><\/div>\n            <\/div>\n            <div class=\"u-effect-hover-zoom u-gallery-item\" data-image-width=\"1496\" data-image-height=\"1003\">\n              <div class=\"u-back-slide\">\n                <img decoding=\"async\" class=\"u-back-image u-expanded\" src=\"https:\/\/zsuzsakocsis.com\/wp-content\/uploads\/2025\/07\/Tukor-I.jpg\">\n              <\/div>\n              <div class=\"u-over-slide u-shading u-over-slide-14\"><\/div>\n            <\/div>\n            <div class=\"u-effect-hover-zoom u-gallery-item\" data-image-width=\"2362\" data-image-height=\"1799\">\n              <div class=\"u-back-slide\">\n                <img decoding=\"async\" class=\"u-back-image u-expanded\" src=\"https:\/\/zsuzsakocsis.com\/wp-content\/uploads\/2025\/07\/Gyergyo-I._Esoben.jpg\">\n              <\/div>\n              <div class=\"u-over-slide u-shading u-over-slide-15\"><\/div>\n            <\/div>\n            <div class=\"u-effect-hover-zoom u-gallery-item\" data-image-width=\"1496\" data-image-height=\"1066\">\n              <div class=\"u-back-slide\">\n                <img decoding=\"async\" class=\"u-back-image u-expanded\" src=\"https:\/\/zsuzsakocsis.com\/wp-content\/uploads\/2025\/07\/Tukor-II.jpg\">\n              <\/div>\n              <div class=\"u-over-slide u-shading u-over-slide-16\"><\/div>\n            <\/div>\n            <div class=\"u-effect-hover-zoom u-gallery-item\" data-image-width=\"2362\" data-image-height=\"1764\">\n              <div class=\"u-back-slide\">\n                <img decoding=\"async\" class=\"u-back-image u-expanded\" src=\"https:\/\/zsuzsakocsis.com\/wp-content\/uploads\/2025\/07\/Gyergyo-VII.jpg\">\n              <\/div>\n              <div class=\"u-over-slide u-shading u-over-slide-17\"><\/div>\n            <\/div>\n            <div class=\"u-effect-hover-zoom u-gallery-item\" data-image-width=\"128\" data-image-height=\"128\">\n              <div class=\"u-back-slide\" data-image-width=\"2560\" data-image-height=\"1404\">\n                <img decoding=\"async\" class=\"u-back-image u-expanded\" src=\"https:\/\/zsuzsakocsis.com\/wp-content\/uploads\/2025\/07\/Putri-IV-scaled.jpg\">\n              <\/div>\n              <div class=\"u-over-slide u-shading u-over-slide-18\"><\/div>\n            <\/div>\n          <\/div>\n        <\/div>\n      <\/div>\n    <\/section>\n    \n    \n    \n  \n<\/div>","protected":false},"excerpt":{"rendered":"<p>T\u00e1jk\u00e9pek Gyergy\u00f3sz\u00e1rhegy K\u00e9peim a Budapest Gal\u00e9ria \u200b&#8221;\u00f6szt\u00f6nd\u00edj k\u00fclf\u00f6ldi alkot\u00f3h\u00e1zakba&#8221; program elnyer\u00e9s\u00e9vel k\u00e9sz\u00fcltek&nbsp; Erd\u00e9lyben, a Gyergy\u00f3sz\u00e1rhegyen, a L\u00e1z\u00e1r-kast\u00e9lyban 2010-ben. &#8222;Putri \/ Gypsys &#8221; oil pastel, paper, mixed technique, 24cm x 32cm Gyergy\u00f3 VII. \/ Landscape&nbsp; &nbsp; &nbsp; &nbsp; &nbsp; &nbsp; &nbsp; &nbsp;ink on paper, mixed techique,&nbsp; 24 cm x 32 cm &#8221; When the pine forest&hellip;&nbsp;<\/p>","protected":false},"author":2,"featured_media":0,"parent":0,"menu_order":0,"comment_status":"closed","ping_status":"closed","template":"","meta":{"neve_meta_sidebar":"","neve_meta_container":"","neve_meta_enable_content_width":"off","neve_meta_content_width":100,"neve_meta_title_alignment":"","neve_meta_author_avatar":"","neve_post_elements_order":"","neve_meta_disable_header":"","neve_meta_disable_footer":"","neve_meta_disable_title":"","footnotes":""},"class_list":["post-296","page","type-page","status-publish","hentry"],"_links":{"self":[{"href":"https:\/\/zsuzsakocsis.com\/en\/wp-json\/wp\/v2\/pages\/296","targetHints":{"allow":["GET"]}}],"collection":[{"href":"https:\/\/zsuzsakocsis.com\/en\/wp-json\/wp\/v2\/pages"}],"about":[{"href":"https:\/\/zsuzsakocsis.com\/en\/wp-json\/wp\/v2\/types\/page"}],"author":[{"embeddable":true,"href":"https:\/\/zsuzsakocsis.com\/en\/wp-json\/wp\/v2\/users\/2"}],"replies":[{"embeddable":true,"href":"https:\/\/zsuzsakocsis.com\/en\/wp-json\/wp\/v2\/comments?post=296"}],"version-history":[{"count":10,"href":"https:\/\/zsuzsakocsis.com\/en\/wp-json\/wp\/v2\/pages\/296\/revisions"}],"predecessor-version":[{"id":762,"href":"https:\/\/zsuzsakocsis.com\/en\/wp-json\/wp\/v2\/pages\/296\/revisions\/762"}],"wp:attachment":[{"href":"https:\/\/zsuzsakocsis.com\/en\/wp-json\/wp\/v2\/media?parent=296"}],"curies":[{"name":"wp","href":"https:\/\/api.w.org\/{rel}","templated":true}]}}