{"id":229,"date":"2025-07-20T13:16:30","date_gmt":"2025-07-20T13:16:30","guid":{"rendered":"https:\/\/zsuzsakocsis.com\/229-2\/"},"modified":"2025-09-22T19:03:53","modified_gmt":"2025-09-22T19:03:53","slug":"festmenyek","status":"publish","type":"page","link":"https:\/\/zsuzsakocsis.com\/en\/festmenyek\/","title":{"rendered":"festm\u00e9nyek"},"content":{"rendered":"<div class=\"\" style=\"\" >\n    \n    <section class=\"u-clearfix u-section-2\" id=\"sec-a462\">\n      <div class=\"u-clearfix u-sheet u-sheet-1\">\n        <div class=\"data-layout-selected u-clearfix u-expanded-width u-layout-wrap u-layout-wrap-1\">\n          <div class=\"u-layout\">\n            <div class=\"u-layout-row\">\n              <div class=\"u-align-left u-container-align-left u-container-align-right u-container-style u-layout-cell u-size-36 u-layout-cell-1\">\n                <div class=\"u-container-layout u-container-layout-1\">\n                  <h2 class=\"u-text u-text-1\">Paintings<\/h2>\n                  <img decoding=\"async\" class=\"u-expanded-width u-image u-image-default u-image-1\" src=\"https:\/\/zsuzsakocsis.com\/wp-content\/uploads\/2025\/07\/FenyekIII-scaled.jpg\" alt=\"\" data-image-width=\"2560\" data-image-height=\"1600\" data-animation-name=\"customAnimationIn\" data-animation-duration=\"2000\" data-animation-delay=\"0\">\n                <\/div>\n              <\/div>\n              <div class=\"u-container-style u-layout-cell u-size-24 u-layout-cell-2\">\n                <div class=\"u-container-layout u-container-layout-2\">\n                  <img decoding=\"async\" class=\"u-image u-image-default u-image-2\" src=\"https:\/\/zsuzsakocsis.com\/wp-content\/uploads\/2025\/07\/Hazaksorozat_Delutan-1-scaled.jpg\" alt=\"\" data-image-width=\"2560\" data-image-height=\"1844\" data-animation-name=\"customAnimationIn\" data-animation-duration=\"2000\" data-animation-delay=\"0\">\n                  <h5 class=\"u-text u-text-2\">Large charcoal, pastel drawings<\/h5>\n                  <p class=\"u-text u-text-3\">\n                    <a class=\"u-btn u-button-link u-button-style u-text-palette-1-base u-btn-1\" href=\"https:\/\/zsuzsakocsis.com\/en\/oriaspasztel\/\">Go to the gallery&nbsp;<\/a>\n                  <\/p><span class=\"u-align-center u-file-icon u-icon u-icon-1\" data-href=\"https:\/\/zsuzsakocsis.com\/oriaspasztel\/\"><img decoding=\"async\" src=\"https:\/\/zsuzsakocsis.com\/wp-content\/uploads\/2025\/08\/130884.png\" alt=\"\"><\/span>\n                <\/div>\n              <\/div>\n            <\/div>\n          <\/div>\n        <\/div>\n      <\/div>\n    <\/section>\n    <section class=\"u-clearfix u-section-3\" id=\"sec-89bf\">\n      <div class=\"u-clearfix u-sheet u-sheet-1\">\n        <div class=\"data-layout-selected u-clearfix u-expanded-width u-layout-wrap u-layout-wrap-1\">\n          <div class=\"u-layout\">\n            <div class=\"u-layout-row\">\n              <div class=\"u-container-style u-layout-cell u-size-24 u-layout-cell-1\">\n                <div class=\"u-container-layout u-valign-top-md u-valign-top-sm u-container-layout-1\">\n                  <img decoding=\"async\" class=\"u-image u-image-default u-image-1\" src=\"https:\/\/zsuzsakocsis.com\/wp-content\/uploads\/2025\/07\/Putri-III.jpg\" alt=\"\" data-image-width=\"1200\" data-image-height=\"835\" data-animation-name=\"customAnimationIn\" data-animation-duration=\"2000\" data-animation-delay=\"0\">\n                  <h5 class=\"u-text u-text-1\">Gyergy\u00f3sz\u00e1rhegy <\/h5>\n                  <div class=\"u-clearfix u-group-elements u-group-elements-1\">\n                    <p class=\"u-text u-text-2\">\n                      <a class=\"u-btn u-button-link u-button-style u-text-palette-1-base u-btn-1\" href=\"https:\/\/zsuzsakocsis.com\/en\/gyergyo\/\">Go to the gallery&nbsp;<\/a>\n                    <\/p><span class=\"u-align-center u-file-icon u-icon u-icon-1\" data-href=\"https:\/\/zsuzsakocsis.com\/gyergyo\/\"><img decoding=\"async\" src=\"https:\/\/zsuzsakocsis.com\/wp-content\/uploads\/2025\/08\/130884-1.png\" alt=\"\"><\/span>\n                  <\/div>\n                <\/div>\n              <\/div>\n              <div class=\"u-align-right u-container-align-right u-container-style u-layout-cell u-size-36 u-layout-cell-2\">\n                <div class=\"u-container-layout u-container-layout-2\">\n                  <p class=\"u-text u-text-3\">Landscapes \u2013 Emotions <\/p>\n                  <img decoding=\"async\" class=\"u-expanded-width u-image u-image-default u-image-2\" src=\"https:\/\/zsuzsakocsis.com\/wp-content\/uploads\/2025\/07\/Gyergyo-VII.jpg\" alt=\"\" data-image-width=\"2362\" data-image-height=\"1764\" data-animation-name=\"fadeIn\" data-animation-duration=\"2000\" data-animation-delay=\"0\">\n                <\/div>\n              <\/div>\n            <\/div>\n          <\/div>\n        <\/div>\n      <\/div>\n    <\/section>\n    <section class=\"u-clearfix u-section-4\" id=\"carousel_1110\">\n      <div class=\"u-clearfix u-sheet u-sheet-1\">\n        <div class=\"data-layout-selected u-clearfix u-expanded-width u-layout-wrap u-layout-wrap-1\">\n          <div class=\"u-layout\">\n            <div class=\"u-layout-row\">\n              <div class=\"u-align-left u-container-align-left u-container-align-right u-container-style u-layout-cell u-size-36 u-layout-cell-1\">\n                <div class=\"u-container-layout u-valign-top-sm u-valign-top-xs u-container-layout-1\">\n                  <p class=\"u-text u-text-1\">Bels\u0151 t\u00e1jk\u00e9pek \/ My Seascapes - inside landscape\u200b&nbsp;<\/p>\n                  <img decoding=\"async\" class=\"custom-expanded u-expanded-width-lg u-expanded-width-xl u-image u-image-default u-image-1\" src=\"https:\/\/zsuzsakocsis.com\/wp-content\/uploads\/2025\/07\/Tengerpart-I.jpg\" alt=\"\" data-image-width=\"787\" data-image-height=\"591\" data-animation-name=\"customAnimationIn\" data-animation-duration=\"2000\" data-animation-delay=\"0\">\n                <\/div>\n              <\/div>\n              <div class=\"u-container-style u-layout-cell u-size-24 u-layout-cell-2\">\n                <div class=\"u-container-layout u-valign-top-lg u-valign-top-md u-container-layout-2\">\n                  <img decoding=\"async\" class=\"u-image u-image-default u-image-2\" src=\"https:\/\/zsuzsakocsis.com\/wp-content\/uploads\/2025\/07\/Molo.jpg\" alt=\"\" data-image-width=\"1200\" data-image-height=\"1687\" data-animation-name=\"customAnimationIn\" data-animation-duration=\"2000\" data-animation-delay=\"0\">\n                  <h5 class=\"u-text u-text-2\"> Croatia<\/h5>\n                  <div class=\"u-clearfix u-group-elements u-group-elements-1\">\n                    <p class=\"u-text u-text-3\">\n                      <a class=\"u-btn u-button-link u-button-style u-text-palette-1-base u-btn-1\" href=\"https:\/\/zsuzsakocsis.com\/en\/horvatorszag\/\">Go to the gallery&nbsp;<\/a>\n                    <\/p><span class=\"u-align-center u-file-icon u-icon u-icon-1\" data-href=\"https:\/\/zsuzsakocsis.com\/horvatorszag\/\"><img decoding=\"async\" src=\"https:\/\/zsuzsakocsis.com\/wp-content\/uploads\/2025\/08\/130884-2.png\" alt=\"\"><\/span>\n                  <\/div>\n                <\/div>\n              <\/div>\n            <\/div>\n          <\/div>\n        <\/div>\n      <\/div>\n    <\/section>\n    <section class=\"u-clearfix u-section-5\" id=\"carousel_483a\">\n      <div class=\"u-clearfix u-sheet u-sheet-1\">\n        <div class=\"data-layout-selected u-clearfix u-expanded-width u-layout-wrap u-layout-wrap-1\">\n          <div class=\"u-layout\">\n            <div class=\"u-layout-row\">\n              <div class=\"u-container-style u-layout-cell u-size-24 u-layout-cell-1\">\n                <div class=\"u-container-layout u-valign-top u-container-layout-1\">\n                  <img decoding=\"async\" class=\"u-image u-image-default u-image-1\" src=\"https:\/\/zsuzsakocsis.com\/wp-content\/uploads\/2025\/07\/Illuzio.jpg\" alt=\"\" data-image-width=\"1575\" data-image-height=\"980\" data-animation-name=\"customAnimationIn\" data-animation-duration=\"2000\" data-animation-delay=\"0\">\n                  <h5 class=\"u-text u-text-1\"> Abstract paintings<\/h5>\n                  <div class=\"u-clearfix u-group-elements u-group-elements-1\">\n                    <p class=\"u-text u-text-2\">\n                      <a class=\"u-btn u-button-link u-button-style u-text-palette-1-base u-btn-1\" href=\"https:\/\/zsuzsakocsis.com\/en\/absztrakt-kepek\/\">Go to the gallery&nbsp;<\/a>\n                    <\/p><span class=\"u-align-center u-file-icon u-icon u-icon-1\" data-href=\"https:\/\/zsuzsakocsis.com\/absztrakt-kepek\/\"><img decoding=\"async\" src=\"https:\/\/zsuzsakocsis.com\/wp-content\/uploads\/2025\/08\/130884-3.png\" alt=\"\"><\/span>\n                  <\/div>\n                <\/div>\n              <\/div>\n              <div class=\"u-align-right u-container-align-right u-container-style u-layout-cell u-size-36 u-layout-cell-2\">\n                <div class=\"u-container-layout u-valign-top-sm u-valign-top-xs u-container-layout-2\">\n                  <p class=\"u-text u-text-3\">Light and Surfaces - Illusion , mixed technique on canvas, 152 x 210 cm<\/p>\n                  <img decoding=\"async\" class=\"u-expanded-width u-image u-image-default u-image-2\" src=\"https:\/\/zsuzsakocsis.com\/wp-content\/uploads\/2025\/07\/Vorosben.jpg\" alt=\"\" data-image-width=\"2044\" data-image-height=\"1468\" data-animation-name=\"fadeIn\" data-animation-duration=\"2000\" data-animation-delay=\"0\">\n                <\/div>\n              <\/div>\n            <\/div>\n          <\/div>\n        <\/div>\n      <\/div>\n    <\/section>\n    \n    \n    \n  \n<\/div>","protected":false},"excerpt":{"rendered":"<p>Festm\u00e9nyek Ori\u00e1spasztel k\u00e9pek Tov\u00e1bb a gal\u00e9ri\u00e1hoz&nbsp; Gyergy\u00f3sz\u00e1rhegy Tov\u00e1bb a gal\u00e9ri\u00e1hoz&nbsp; T\u00e1jk\u00e9pek \/ Landscapes Bels\u0151 t\u00e1jk\u00e9pek \/ My Seascapes &#8211; inside landscape\u200b&nbsp; Horv\u00e1torsz\u00e1g Tov\u00e1bb a gal\u00e9ri\u00e1hoz&nbsp; Absztrakt k\u00e9pek Tov\u00e1bb a gal\u00e9ri\u00e1hoz&nbsp; F\u00e9ny \u00e9s fel\u00fcletek &#8211; &#8221; Ill\u00fazi\u00f3 \/ Illusion &#8221;&nbsp; &nbsp;mixed technique on canvas, 152 x 210 cm<\/p>","protected":false},"author":2,"featured_media":0,"parent":0,"menu_order":0,"comment_status":"closed","ping_status":"closed","template":"","meta":{"neve_meta_sidebar":"","neve_meta_container":"","neve_meta_enable_content_width":"off","neve_meta_content_width":100,"neve_meta_title_alignment":"","neve_meta_author_avatar":"","neve_post_elements_order":"","neve_meta_disable_header":"","neve_meta_disable_footer":"","neve_meta_disable_title":"","footnotes":""},"class_list":["post-229","page","type-page","status-publish","hentry"],"_links":{"self":[{"href":"https:\/\/zsuzsakocsis.com\/en\/wp-json\/wp\/v2\/pages\/229","targetHints":{"allow":["GET"]}}],"collection":[{"href":"https:\/\/zsuzsakocsis.com\/en\/wp-json\/wp\/v2\/pages"}],"about":[{"href":"https:\/\/zsuzsakocsis.com\/en\/wp-json\/wp\/v2\/types\/page"}],"author":[{"embeddable":true,"href":"https:\/\/zsuzsakocsis.com\/en\/wp-json\/wp\/v2\/users\/2"}],"replies":[{"embeddable":true,"href":"https:\/\/zsuzsakocsis.com\/en\/wp-json\/wp\/v2\/comments?post=229"}],"version-history":[{"count":12,"href":"https:\/\/zsuzsakocsis.com\/en\/wp-json\/wp\/v2\/pages\/229\/revisions"}],"predecessor-version":[{"id":884,"href":"https:\/\/zsuzsakocsis.com\/en\/wp-json\/wp\/v2\/pages\/229\/revisions\/884"}],"wp:attachment":[{"href":"https:\/\/zsuzsakocsis.com\/en\/wp-json\/wp\/v2\/media?parent=229"}],"curies":[{"name":"wp","href":"https:\/\/api.w.org\/{rel}","templated":true}]}}