{"id":1419,"date":"2026-04-24T21:34:02","date_gmt":"2026-04-24T21:34:02","guid":{"rendered":"https:\/\/zsuzsakocsis.com\/?page_id=1419"},"modified":"2026-05-07T15:07:18","modified_gmt":"2026-05-07T15:07:18","slug":"home-2","status":"publish","type":"page","link":"https:\/\/zsuzsakocsis.com\/en\/home-2\/","title":{"rendered":"zsuzsa kocsis"},"content":{"rendered":"<div class=\"\" style=\"\" >\n    \n    <section class=\"skrollable u-clearfix u-container-align-left-xs u-image u-parallax u-section-2\" id=\"sec-8a5b\" data-image-width=\"1878\" data-image-height=\"1335\" style=\"background-image: url(&quot;https:\/\/zsuzsakocsis.com\/wp-content\/uploads\/2025\/07\/fokep-1.jpg&quot;);\">\n      <div class=\"u-clearfix u-sheet u-valign-top-md u-valign-top-sm u-sheet-1\">\n        <h5 class=\"u-text u-text-1\" data-animation-name=\"customAnimationIn\" data-animation-duration=\"1000\" data-animation-delay=\"0\">Terek, vizu\u00e1lis rendszerek \u00e9s karakteres&nbsp;t\u00e1rgyak tervez\u00e9se. K\u00e9pz\u0151- \u00e9s iparm\u0171v\u00e9szeti&nbsp;<br>gondolkod\u00e1s a kort\u00e1rs \u00e9p\u00edtett k\u00f6rnyezet,&nbsp;<br>a m\u00e1rkaidentit\u00e1s \u00e9s a t\u00e9r\u00e9lm\u00e9ny&nbsp;<br>metszet\u00e9ben.\n        <\/h5>\n      <\/div>\n    <\/section>\n    <section class=\"u-clearfix u-section-3\" id=\"sec-bcd7\">\n      <div class=\"u-clearfix u-sheet u-valign-middle-sm u-valign-middle-xl u-sheet-1\">\n        <div class=\"data-layout-selected u-clearfix u-expanded-width u-layout-wrap u-layout-wrap-1\">\n          <div class=\"u-gutter-0 u-layout\">\n            <div class=\"u-layout-row\">\n              <div class=\"u-size-60\">\n                <div class=\"u-layout-row\">\n                  <div class=\"u-container-style u-layout-cell u-shape-rectangle u-size-20 u-layout-cell-1\">\n                    <div class=\"u-border-1 u-border-grey-75 u-border-no-bottom u-border-no-left u-border-no-top u-container-layout u-container-layout-1\">\n                      <h2 class=\"u-align-center u-text u-text-default u-text-1\" data-animation-name=\"customAnimationIn\" data-animation-duration=\"1000\" data-animation-delay=\"0\"> T\u00c9R<\/h2>\n                      <p class=\"u-align-center u-text u-text-default u-text-2\"> Install\u00e1ci\u00f3k, enteri\u0151r\u00f6k \u00e9s helyspecifikus beavatkoz\u00e1sok, amelyek akt\u00edvan form\u00e1lj\u00e1k a t\u00e9r \u00e9rz\u00e9kel\u00e9s\u00e9t \u00e9s atmoszf\u00e9r\u00e1j\u00e1t.<\/p>\n                    <\/div>\n                  <\/div>\n                  <div class=\"cell-temp-clone u-container-style u-layout-cell u-shape-rectangle u-size-20 u-layout-cell-2\">\n                    <div class=\"u-border-1 u-border-grey-75 u-border-no-bottom u-border-no-left u-border-no-top u-container-layout u-container-layout-2\">\n                      <h2 class=\"u-align-center u-text u-text-default u-text-3\" data-animation-name=\"customAnimationIn\" data-animation-duration=\"1000\" data-animation-delay=\"0\"> IDENTIT\u00c1S<\/h2>\n                      <p class=\"u-align-center u-text u-text-default u-text-4\"> Komplex vizu\u00e1lis rendszerek \u00e9s narrat\u00edv koncepci\u00f3k, ahol a m\u00e1rka, a t\u00e9r \u00e9s a tartalom egys\u00e9ges \u00e9lm\u00e9nny\u00e9 \u00e1ll \u00f6ssze.<\/p>\n                    <\/div>\n                  <\/div>\n                  <div class=\"cell-temp-clone u-container-style u-layout-cell u-shape-rectangle u-size-20 u-layout-cell-3\">\n                    <div class=\"u-container-layout u-container-layout-3\">\n                      <h2 class=\"u-align-center u-text u-text-default u-text-5\" data-animation-name=\"customAnimationIn\" data-animation-duration=\"1000\" data-animation-delay=\"0\"> T\u00c1RGY<\/h2>\n                      <p class=\"u-align-center u-text u-text-default u-text-6\"> Gy\u0171jthet\u0151 objektek, d\u00edjak \u00e9s funkcion\u00e1lis design megold\u00e1sok, amelyek t\u00falmutatnak a haszn\u00e1lati szerepen.<\/p>\n                    <\/div>\n                  <\/div>\n                <\/div>\n              <\/div>\n            <\/div>\n          <\/div>\n        <\/div>\n      <\/div>\n    <\/section>\n    <section class=\"skrollable u-clearfix u-image u-parallax u-section-4\" id=\"sec-1c7b\" data-image-width=\"2560\" data-image-height=\"1173\" style=\"background-image: url(&quot;https:\/\/zsuzsakocsis.com\/wp-content\/uploads\/2026\/04\/Csillagkepek4-scaled.jpg&quot;);\">\n      <div class=\"u-clearfix u-sheet u-sheet-1\"><\/div>\n    <\/section>\n    <section class=\"u-clearfix u-white u-section-5\" id=\"sec-c934\">\n      <div class=\"u-clearfix u-sheet u-sheet-1\">\n        <h2 class=\"u-align-center-lg u-align-center-xl u-align-left-md u-align-left-sm u-align-left-xs u-text u-text-1\"> KIEMELT PROJEKTEK<\/h2>\n        <div class=\"custom-expanded data-layout-selected u-clearfix u-gutter-0 u-layout-wrap u-layout-wrap-1\">\n          <div class=\"u-layout\">\n            <div class=\"u-layout-row\">\n              <div class=\"u-align-left u-container-align-left u-container-style u-layout-cell u-size-36 u-layout-cell-1\">\n                <div class=\"u-border-1 u-border-grey-75 u-border-no-left u-border-no-right u-border-no-top u-container-layout u-container-layout-1\">\n                  <h3 class=\"u-text u-text-2\"> Mooncity Buda\u00f6rs Porsche HUN<\/h3>\n                  <p class=\"u-text u-text-3\"> Fenntarthat\u00f3 mobilit\u00e1sra \u00e9p\u00fcl\u0151 t\u00e9r\u00e9lm\u00e9ny \u00e9s m\u00e1rkakoncepci\u00f3.v\u00e1ltoz\u00e1s\u00e1val a v\u00e9gtelen t\u00e9rben forg\u00f3 plan\u00e9t\u00e1kat jelen\u00edtik meg.<br>\n                  <\/p>\n                  <img decoding=\"async\" class=\"u-image u-image-default u-image-1\" src=\"https:\/\/zsuzsakocsis.com\/wp-content\/uploads\/2026\/04\/csillagkepek1-rotated.jpg\" alt=\"\" data-image-width=\"1200\" data-image-height=\"1600\" data-animation-name=\"customAnimationIn\" data-animation-duration=\"2000\" data-animation-delay=\"0\">\n                  <img decoding=\"async\" class=\"u-image u-image-default u-image-2\" src=\"https:\/\/zsuzsakocsis.com\/wp-content\/uploads\/2026\/04\/csillagkepek3-rotated.jpg\" alt=\"\" data-image-width=\"1200\" data-image-height=\"1600\" data-animation-name=\"customAnimationIn\" data-animation-duration=\"2000\" data-animation-delay=\"0\">\n                  <p class=\"u-text u-text-4\">photo: by Kala Kecsk\u00e9s<\/p>\n                <\/div>\n              <\/div>\n              <div class=\"u-container-style u-layout-cell u-size-24 u-layout-cell-2\">\n                <div class=\"u-border-1 u-border-grey-75 u-border-no-bottom u-border-no-right u-border-no-top u-container-layout u-container-layout-2\">\n                  <img decoding=\"async\" class=\"u-image u-image-default u-image-3\" src=\"https:\/\/zsuzsakocsis.com\/wp-content\/uploads\/2025\/09\/kiabl.jpg\" alt=\"\" data-image-width=\"1366\" data-image-height=\"1580\" data-animation-name=\"customAnimationIn\" data-animation-duration=\"2000\" data-animation-delay=\"0\">\n                  <h3 class=\"u-text u-text-5\"> Art in Mobility \u2013 Porsche Hungaria ITC<\/h3>\n                  <p class=\"u-text u-text-6\"> M\u0171v\u00e9szet, oktat\u00e1s \u00e9s v\u00e1llalati identit\u00e1s integr\u00e1lt t\u00e9rprogramja. K\u00e9pz\u0151m\u0171v\u00e9szet az&nbsp; aut\u00f3iparban koncepci\u00f3.<br>\n                  <\/p>\n                  <img decoding=\"async\" class=\"u-image u-image-default u-image-4\" src=\"https:\/\/zsuzsakocsis.com\/wp-content\/uploads\/2025\/09\/varj.jpg\" alt=\"\" data-image-width=\"1181\" data-image-height=\"1405\" data-animation-name=\"customAnimationIn\" data-animation-duration=\"2000\" data-animation-delay=\"0\">\n                <\/div>\n              <\/div>\n            <\/div>\n          <\/div>\n        <\/div>\n      <\/div>\n    <\/section>\n    <section class=\"u-clearfix u-container-align-center-md u-container-align-center-sm u-container-align-center-xs u-section-6\" id=\"sec-1107\">\n      <div class=\"u-clearfix u-sheet u-sheet-1\">\n        <div class=\"data-layout-selected u-clearfix u-expanded-width u-gutter-0 u-layout-wrap u-layout-wrap-1\">\n          <div class=\"u-layout\">\n            <div class=\"u-layout-row\">\n              <div class=\"u-container-style u-layout-cell u-shape-rectangle u-size-60 u-layout-cell-1\">\n                <div class=\"u-border-1 u-border-grey-75 u-border-no-bottom u-border-no-right u-border-no-top u-container-layout u-container-layout-1\">\n                  <img decoding=\"async\" class=\"u-image u-image-default u-image-1\" src=\"https:\/\/zsuzsakocsis.com\/wp-content\/uploads\/2026\/04\/speculative_spatial_concept_iris-scaled.jpg\" alt=\"\" data-image-width=\"2560\" data-image-height=\"1708\" data-animation-name=\"customAnimationIn\" data-animation-duration=\"2000\" data-animation-delay=\"0\">\n                  <img decoding=\"async\" class=\"u-image u-image-default u-image-2\" src=\"https:\/\/zsuzsakocsis.com\/wp-content\/uploads\/2026\/04\/Enteriorben_Holdfeny.jpg\" alt=\"\" data-image-width=\"1200\" data-image-height=\"1179\" data-animation-name=\"customAnimationIn\" data-animation-duration=\"2000\" data-animation-delay=\"0\">\n                  <h3 class=\"u-text u-text-1\"> Celestial Phenomena<\/h3>\n                  <p class=\"u-text u-text-2\"> Install\u00e1ci\u00f3k \u00e9s t\u00e1rgyak a f\u00e9ny, forma \u00e9s percepci\u00f3 hat\u00e1rter\u00fclet\u00e9n.<\/p>\n                  <div class=\"u-border-1 u-border-grey-dark-1 u-shape u-shape-bottom u-shape-left u-shape-line u-shape-right u-shape-1\" data-animation-name=\"customAnimationIn\" data-animation-duration=\"1000\" data-animation-delay=\"0\"><\/div>\n                  <h5 class=\"u-align-right u-text u-text-3\" data-animation-name=\"customAnimationIn\" data-animation-duration=\"1000\" data-animation-delay=\"0\"> A munk\u00e1im k\u00f6z\u00f6s pontja a komplex gondolkod\u00e1s: olyan rendszerek l\u00e9trehoz\u00e1sa, ahol a vizu\u00e1lis min\u0151s\u00e9g, a jelent\u00e9s \u00e9s a haszn\u00e1lat egym\u00e1st er\u0151s\u00edtik.<\/h5>\n                <\/div>\n              <\/div>\n            <\/div>\n          <\/div>\n        <\/div>\n      <\/div>\n    <\/section>\n    \n    \n    \n  \n<\/div>","protected":false},"excerpt":{"rendered":"<p>Terek, vizu\u00e1lis rendszerek \u00e9s karakteres&nbsp;t\u00e1rgyak tervez\u00e9se. K\u00e9pz\u0151- \u00e9s iparm\u0171v\u00e9szeti&nbsp;gondolkod\u00e1s a kort\u00e1rs \u00e9p\u00edtett k\u00f6rnyezet,&nbsp;a m\u00e1rkaidentit\u00e1s \u00e9s a t\u00e9r\u00e9lm\u00e9ny&nbsp;metszet\u00e9ben. T\u00c9R Install\u00e1ci\u00f3k, enteri\u0151r\u00f6k \u00e9s helyspecifikus beavatkoz\u00e1sok, amelyek akt\u00edvan form\u00e1lj\u00e1k a t\u00e9r \u00e9rz\u00e9kel\u00e9s\u00e9t \u00e9s atmoszf\u00e9r\u00e1j\u00e1t. IDENTIT\u00c1S Komplex vizu\u00e1lis rendszerek \u00e9s narrat\u00edv koncepci\u00f3k, ahol a m\u00e1rka, a t\u00e9r \u00e9s a tartalom egys\u00e9ges \u00e9lm\u00e9nny\u00e9 \u00e1ll \u00f6ssze. T\u00c1RGY Gy\u0171jthet\u0151 objektek, d\u00edjak \u00e9s&hellip;&nbsp;<\/p>","protected":false},"author":2,"featured_media":0,"parent":0,"menu_order":0,"comment_status":"closed","ping_status":"closed","template":"","meta":{"neve_meta_sidebar":"","neve_meta_container":"","neve_meta_enable_content_width":"off","neve_meta_content_width":100,"neve_meta_title_alignment":"","neve_meta_author_avatar":"","neve_post_elements_order":"","neve_meta_disable_header":"","neve_meta_disable_footer":"","neve_meta_disable_title":"","footnotes":""},"class_list":["post-1419","page","type-page","status-publish","hentry"],"_links":{"self":[{"href":"https:\/\/zsuzsakocsis.com\/en\/wp-json\/wp\/v2\/pages\/1419","targetHints":{"allow":["GET"]}}],"collection":[{"href":"https:\/\/zsuzsakocsis.com\/en\/wp-json\/wp\/v2\/pages"}],"about":[{"href":"https:\/\/zsuzsakocsis.com\/en\/wp-json\/wp\/v2\/types\/page"}],"author":[{"embeddable":true,"href":"https:\/\/zsuzsakocsis.com\/en\/wp-json\/wp\/v2\/users\/2"}],"replies":[{"embeddable":true,"href":"https:\/\/zsuzsakocsis.com\/en\/wp-json\/wp\/v2\/comments?post=1419"}],"version-history":[{"count":5,"href":"https:\/\/zsuzsakocsis.com\/en\/wp-json\/wp\/v2\/pages\/1419\/revisions"}],"predecessor-version":[{"id":1430,"href":"https:\/\/zsuzsakocsis.com\/en\/wp-json\/wp\/v2\/pages\/1419\/revisions\/1430"}],"wp:attachment":[{"href":"https:\/\/zsuzsakocsis.com\/en\/wp-json\/wp\/v2\/media?parent=1419"}],"curies":[{"name":"wp","href":"https:\/\/api.w.org\/{rel}","templated":true}]}}